{"id":690412,"date":"2025-08-27T13:51:30","date_gmt":"2025-08-27T10:51:30","guid":{"rendered":"https:\/\/roveyayinevi.com.tr\/index.php\/urun\/korku-kulturu\/"},"modified":"2026-04-16T01:59:56","modified_gmt":"2026-04-15T22:59:56","slug":"korku-kulturu","status":"publish","type":"product","link":"https:\/\/roveyayinevi.com.tr\/index.php\/urun\/korku-kulturu\/","title":{"rendered":"Korku K\u00fclt\u00fcr\u00fc"},"content":{"rendered":"<p>Bat\u0131l\u0131 toplumlarda hayat standard\u0131 y\u00fckseldik\u00e7e, insanlar kendini daha fazla risk alt\u0131nda hissediyor. \u00d6yle bir noktaya var\u0131lm\u0131\u015f durumda ki, \u00e2\u015f\u0131k olmaktan el s\u0131k\u0131\u015fmaya, asans\u00f6re binmekten u\u00e7ak yolculu\u011funa, duygusal\/ toplumsal ya\u015fam\u0131n ve teknolojik geli\u015fmenin en s\u0131radan unsurlar\u0131 \u00f6nemli risk fakt\u00f6rleri olarak g\u00f6r\u00fcl\u00fcyor art\u0131k. <\/p>\n","protected":false},"excerpt":{"rendered":"<p>Bat\u0131l\u0131 toplumlarda hayat standard\u0131 y\u00fckseldik\u00e7e, insanlar kendini daha fazla risk alt\u0131nda hissediyor. \u00d6yle bir noktaya var\u0131lm\u0131\u015f durumda ki, \u00e2\u015f\u0131k olmaktan el s\u0131k\u0131\u015fmaya, asans\u00f6re binmekten u\u00e7ak yolculu\u011funa,<span class=\"excerpt-hellip\"> [\u2026]<\/span><\/p>\n","protected":false},"featured_media":0,"template":"","meta":{"_monsterinsights_skip_tracking":false,"_monsterinsights_sitenote_active":false,"_monsterinsights_sitenote_note":"","_monsterinsights_sitenote_category":0},"product_brand":[],"product_cat":[12312,12304],"product_tag":[],"class_list":{"0":"post-690412","1":"product","2":"type-product","3":"status-publish","5":"product_cat-diger","6":"product_cat-tarih","7":"pa_cilt-ciltsiz","8":"pa_tur-kitap","9":"pa_yayinevi-ayrinti-yayinlari","10":"pa_yazar-frank-furedi","12":"first","13":"instock","14":"sale","15":"shipping-taxable","16":"purchasable","17":"product-type-simple"},"_links":{"self":[{"href":"https:\/\/roveyayinevi.com.tr\/index.php\/wp-json\/wp\/v2\/product\/690412","targetHints":{"allow":["GET"]}}],"collection":[{"href":"https:\/\/roveyayinevi.com.tr\/index.php\/wp-json\/wp\/v2\/product"}],"about":[{"href":"https:\/\/roveyayinevi.com.tr\/index.php\/wp-json\/wp\/v2\/types\/product"}],"wp:attachment":[{"href":"https:\/\/roveyayinevi.com.tr\/index.php\/wp-json\/wp\/v2\/media?parent=690412"}],"wp:term":[{"taxonomy":"product_brand","embeddable":true,"href":"https:\/\/roveyayinevi.com.tr\/index.php\/wp-json\/wp\/v2\/product_brand?post=690412"},{"taxonomy":"product_cat","embeddable":true,"href":"https:\/\/roveyayinevi.com.tr\/index.php\/wp-json\/wp\/v2\/product_cat?post=690412"},{"taxonomy":"product_tag","embeddable":true,"href":"https:\/\/roveyayinevi.com.tr\/index.php\/wp-json\/wp\/v2\/product_tag?post=690412"}],"curies":[{"name":"wp","href":"https:\/\/api.w.org\/{rel}","templated":true}]}}