{"id":690411,"date":"2025-08-27T13:51:29","date_gmt":"2025-08-27T10:51:29","guid":{"rendered":"https:\/\/roveyayinevi.com.tr\/index.php\/urun\/kolonyalizm-postkolonyalizm\/"},"modified":"2026-04-16T01:59:56","modified_gmt":"2026-04-15T22:59:56","slug":"kolonyalizm-postkolonyalizm","status":"publish","type":"product","link":"https:\/\/roveyayinevi.com.tr\/index.php\/urun\/kolonyalizm-postkolonyalizm\/","title":{"rendered":"Kolonyalizm-Postkolonyalizm"},"content":{"rendered":"<p>Yaratt\u0131\u011f\u0131 sorunlar\u0131 \u00e7\u00f6zemedi\u011fini kan\u0131tlayan bir medeniyet \u00e7\u00f6kmekte olan bir medeniyettir. G\u00f6zlerini en \u00f6nemli sorunlar\u0131na kapatmay\u0131 se\u00e7en bir medeniyet, hastal\u0131\u011fa yakalanm\u0131\u015f bir medeniyettir. \u0130lkelerini hile ve aldatma i\u00e7in kullanan bir medeniyet, \u00f6lmekte olan bir medeniyettir. Avrupa savunulamaz. Eldeki kitap postkolonyal \u00e7al\u0131\u015fmalar hakk\u0131nda alternatif bir harita sunmak i\u00e7in, s\u00f6m\u00fcrge kar\u015f\u0131t\u0131 entelekt\u00fcellerin ve eylemcilerin Marksist ve di\u011fer radikal Bat\u0131 felsefelerinden yararlan\u0131rken onlar\u0131 geni\u015flettiklerini ve ele\u015ftiriye de tabi tuttuklar\u0131n\u0131, insanl\u0131k, tarih ve kimlikle ilgili h\u00e2kim fikirlere meydan okuduklar\u0131n\u0131 g\u00f6stermektedir. Kolonyalizm Postkolonyalizm kitab\u0131n\u0131n bu yeni edisyonu yeni bir sunu\u015f ve sonu\u00e7la birlikte kapsaml\u0131 g\u00fcncellemeler i\u00e7ermektedir. Kolonyalizmin tarihinin ve geli\u015fiminin yan\u0131nda yeni toplumsal hareketler, iklim krizi ve Marksizm ile postkolonyal \u00e7al\u0131\u015fmalar\u0131n ili\u015fkisi de ele al\u0131nan konular aras\u0131ndad\u0131r. Loomba ayr\u0131ca, yerli halklar\u0131n m\u00fccadeleleri ve d\u00fcnyan\u0131n farkl\u0131 b\u00f6lgelerinde kamusal alanlar\u0131n \u00e7itlerle \u00e7evrilmesi gibi s\u00fcregelen m\u00fccadelelerin kolonyalizmin uzun ge\u00e7mi\u015fine nas\u0131l \u0131\u015f\u0131k tuttu\u011funu tart\u0131\u015fmaktad\u0131r.   ANIA LOOMBA: Yeni Delhi\u2019de Jawaharlal Nehru \u00dcniversitesi \u0130ngilizce b\u00f6l\u00fcm\u00fcnde profes\u00f6r.  <\/p>\n","protected":false},"excerpt":{"rendered":"<p>Yaratt\u0131\u011f\u0131 sorunlar\u0131 \u00e7\u00f6zemedi\u011fini kan\u0131tlayan bir medeniyet \u00e7\u00f6kmekte olan bir medeniyettir. G\u00f6zlerini en \u00f6nemli sorunlar\u0131na kapatmay\u0131 se\u00e7en bir medeniyet, hastal\u0131\u011fa yakalanm\u0131\u015f bir medeniyettir. \u0130lkelerini hile ve aldatma<span class=\"excerpt-hellip\"> [\u2026]<\/span><\/p>\n","protected":false},"featured_media":0,"template":"","meta":{"_monsterinsights_skip_tracking":false,"_monsterinsights_sitenote_active":false,"_monsterinsights_sitenote_note":"","_monsterinsights_sitenote_category":0},"product_brand":[],"product_cat":[12312,12304],"product_tag":[],"class_list":{"0":"post-690411","1":"product","2":"type-product","3":"status-publish","5":"product_cat-diger","6":"product_cat-tarih","7":"pa_cilt-ciltsiz","8":"pa_tur-kitap","9":"pa_yayinevi-ayrinti-yayinlari","10":"pa_yazar-ania-loomba","12":"first","13":"instock","14":"sale","15":"shipping-taxable","16":"purchasable","17":"product-type-simple"},"_links":{"self":[{"href":"https:\/\/roveyayinevi.com.tr\/index.php\/wp-json\/wp\/v2\/product\/690411","targetHints":{"allow":["GET"]}}],"collection":[{"href":"https:\/\/roveyayinevi.com.tr\/index.php\/wp-json\/wp\/v2\/product"}],"about":[{"href":"https:\/\/roveyayinevi.com.tr\/index.php\/wp-json\/wp\/v2\/types\/product"}],"wp:attachment":[{"href":"https:\/\/roveyayinevi.com.tr\/index.php\/wp-json\/wp\/v2\/media?parent=690411"}],"wp:term":[{"taxonomy":"product_brand","embeddable":true,"href":"https:\/\/roveyayinevi.com.tr\/index.php\/wp-json\/wp\/v2\/product_brand?post=690411"},{"taxonomy":"product_cat","embeddable":true,"href":"https:\/\/roveyayinevi.com.tr\/index.php\/wp-json\/wp\/v2\/product_cat?post=690411"},{"taxonomy":"product_tag","embeddable":true,"href":"https:\/\/roveyayinevi.com.tr\/index.php\/wp-json\/wp\/v2\/product_tag?post=690411"}],"curies":[{"name":"wp","href":"https:\/\/api.w.org\/{rel}","templated":true}]}}