{"id":690410,"date":"2025-08-27T13:51:29","date_gmt":"2025-08-27T10:51:29","guid":{"rendered":"https:\/\/roveyayinevi.com.tr\/index.php\/urun\/koleksiyoncu\/"},"modified":"2026-04-16T01:59:55","modified_gmt":"2026-04-15T22:59:55","slug":"koleksiyoncu","status":"publish","type":"product","link":"https:\/\/roveyayinevi.com.tr\/index.php\/urun\/koleksiyoncu\/","title":{"rendered":"Koleksiyoncu"},"content":{"rendered":"<p>Koleksiyoncu, \u0130ngiliz edebiyat\u0131n\u0131n \u00f6nde gelen yazarlar\u0131ndan John Fowles\u2019un, bir\u00e7ok yay\u0131nevinden geri \u00e7evrilme talihsizli\u011fini ya\u015fayan ama yay\u0131mland\u0131\u011f\u0131nda kendisine bug\u00fcnk\u00fc \u00fcn\u00fcn\u00fc getiren ilk roman\u0131. Frans\u0131z Te\u011fmenin Kad\u0131n\u0131, Yarat\u0131k, Mantissa, B\u00fcy\u00fcc\u00fc ve Daniel Martin gibi ba\u015fyap\u0131tlar\u0131n\u0131n habercisi&#8230; Koleksiyoncu, bir kelebek koleksiyoncusu ile \u00e2\u015f\u0131k olup ka\u00e7\u0131rarak zindana kapatt\u0131\u011f\u0131 bir resim \u00f6\u011frencisi aras\u0131ndaki \u201cmecburi\u201d ili\u015fkinin roman\u0131d\u0131r g\u00f6r\u00fcn\u00fcrde. Ama Fowles\u2019un ola\u011fan\u00fcst\u00fc \u00fcslubu ve ustal\u0131\u011f\u0131yla, bu ili\u015fki, ba\u015fka bir\u00e7ok ili\u015fkiye de g\u00f6nderme yapmakta; ahlaki kayg\u0131larla bask\u0131 alt\u0131na ald\u0131\u011f\u0131m\u0131z yaban\u0131l do\u011fall\u0131\u011f\u0131m\u0131z i\u00e7inde, asl\u0131nda neyi nereye kadar hakl\u0131 ve ge\u00e7erli bulabilece\u011fimiz ger\u00e7ekli\u011fiyle bizi y\u00fczle\u015ftirmektedir. Farkl\u0131 yolculuklara a\u00e7\u0131k bir kurgusu olan bu roman, sadece kendimize g\u00f6re hakl\u0131 olan bir tutku ad\u0131na yapabileceklerimizin ikna edici ve masum bir anlat\u0131s\u0131 olarak okunabilece\u011fi gibi, i\u00e7imizdeki \u201ciktidar\u201d ve \u201cteslim olma\u201d iste\u011finin hangi \u015fartlarda ortaya \u00e7\u0131kabilece\u011finin anlat\u0131s\u0131 olarak da okunabilir. Ya da iki ayr\u0131 sosyal tabakan\u0131n birbirine yak\u0131nla\u015fma \u00e7abalar\u0131n\u0131n, asl\u0131nda alts\u0131n\u0131f\u0131n \u00fcsts\u0131n\u0131fa yaranma, \u00fcsts\u0131n\u0131f\u0131n ise \u00f6\u011fretmenlik kisvesine b\u00fcr\u00fcnerek \u201cy\u0131\u011f\u0131nlar\u0131\u201d m\u00fcmk\u00fcn oldu\u011funca kendisinden uzak tutma kayg\u0131s\u0131ndan ba\u015fka bir \u015fey olmad\u0131\u011f\u0131n\u0131n \u00e7arp\u0131c\u0131 bir anlat\u0131s\u0131 olarak da yorumlanabilir. <\/p>\n","protected":false},"excerpt":{"rendered":"<p>Koleksiyoncu, \u0130ngiliz edebiyat\u0131n\u0131n \u00f6nde gelen yazarlar\u0131ndan John Fowles\u2019un, bir\u00e7ok yay\u0131nevinden geri \u00e7evrilme talihsizli\u011fini ya\u015fayan ama yay\u0131mland\u0131\u011f\u0131nda kendisine bug\u00fcnk\u00fc \u00fcn\u00fcn\u00fc getiren ilk roman\u0131. Frans\u0131z Te\u011fmenin Kad\u0131n\u0131, Yarat\u0131k,<span class=\"excerpt-hellip\"> [\u2026]<\/span><\/p>\n","protected":false},"featured_media":0,"template":"","meta":{"_monsterinsights_skip_tracking":false,"_monsterinsights_sitenote_active":false,"_monsterinsights_sitenote_note":"","_monsterinsights_sitenote_category":0},"product_brand":[],"product_cat":[12291,12866],"product_tag":[],"class_list":{"0":"post-690410","1":"product","2":"type-product","3":"status-publish","5":"product_cat-edebiyat","6":"product_cat-ingiliz-edebiyati","7":"pa_cilt-ciltsiz","8":"pa_tur-kitap","9":"pa_yayinevi-ayrinti-yayinlari","10":"pa_yazar-john-fowles","12":"first","13":"instock","14":"sale","15":"shipping-taxable","16":"purchasable","17":"product-type-simple"},"_links":{"self":[{"href":"https:\/\/roveyayinevi.com.tr\/index.php\/wp-json\/wp\/v2\/product\/690410","targetHints":{"allow":["GET"]}}],"collection":[{"href":"https:\/\/roveyayinevi.com.tr\/index.php\/wp-json\/wp\/v2\/product"}],"about":[{"href":"https:\/\/roveyayinevi.com.tr\/index.php\/wp-json\/wp\/v2\/types\/product"}],"wp:attachment":[{"href":"https:\/\/roveyayinevi.com.tr\/index.php\/wp-json\/wp\/v2\/media?parent=690410"}],"wp:term":[{"taxonomy":"product_brand","embeddable":true,"href":"https:\/\/roveyayinevi.com.tr\/index.php\/wp-json\/wp\/v2\/product_brand?post=690410"},{"taxonomy":"product_cat","embeddable":true,"href":"https:\/\/roveyayinevi.com.tr\/index.php\/wp-json\/wp\/v2\/product_cat?post=690410"},{"taxonomy":"product_tag","embeddable":true,"href":"https:\/\/roveyayinevi.com.tr\/index.php\/wp-json\/wp\/v2\/product_tag?post=690410"}],"curies":[{"name":"wp","href":"https:\/\/api.w.org\/{rel}","templated":true}]}}