{"id":690409,"date":"2025-08-27T13:51:29","date_gmt":"2025-08-27T10:51:29","guid":{"rendered":"https:\/\/roveyayinevi.com.tr\/index.php\/urun\/kitle-ve-iktidar\/"},"modified":"2026-04-16T01:59:55","modified_gmt":"2026-04-15T22:59:55","slug":"kitle-ve-iktidar","status":"publish","type":"product","link":"https:\/\/roveyayinevi.com.tr\/index.php\/urun\/kitle-ve-iktidar\/","title":{"rendered":"Kitle ve \u0130ktidar"},"content":{"rendered":"<p>Canetti 1930\u2019larda kitle eylemlerinin her t\u00fcr politik m\u00fccadelenin en \u00f6nemli silah\u0131 oldu\u011funu fark ederek \u201ckitle\u201d ve \u201ciktidar\u201d ili\u015fkisi \u00fczerinde \u00e7al\u0131\u015fmaya ba\u015flar. Ya\u015fad\u0131\u011f\u0131 y\u0131llar, \u0130kinci D\u00fcnya Sava\u015f\u0131\u2019n\u0131n, tarihteki en b\u00fcy\u00fck kitle hareketlerinin ve kitlesel y\u0131k\u0131mlar\u0131n g\u00f6r\u00fcld\u00fc\u011f\u00fc y\u0131llard\u0131r, \u201ciktidar\u201d simgesi olarak Hitler\u2019in vah\u015feti do\u011fru iz \u00fczerinde oldu\u011funu g\u00f6sterir: Kitle y\u0131k\u0131c\u0131, iktidar \u00f6ld\u00fcr\u00fcc\u00fcd\u00fcr. \u00d6l\u00fcme kar\u015f\u0131 direnmenin yolu ise emre kar\u015f\u0131 koymak ve yaratmakt\u0131r. \u201cD\u00fc\u015f\u00fcnmek \u0131srar etmektir\u201d diyerek 30 y\u0131l boyunca bu \u00e7al\u0131\u015fmas\u0131n\u0131 g\u00f6lgeleyecek kapsamda ba\u015fka eser vermez. D\u00fc\u015f\u00fcnsel zenginli\u011finin yan\u0131 s\u0131ra b\u00f6ylesi kitaplarda az rastlanan edebi bir anlat\u0131ma da sahip olan Kitle ve \u0130ktidar, insan\u0131 anlamada ba\u015fvuraca\u011f\u0131m\u0131z vazge\u00e7ilmez kaynaklardan biri haline geldi. Anlaman\u0131n m\u00fcthi\u015f bahtiyarl\u0131\u011f\u0131n\u0131 hissetmek isteyenler i\u00e7in&#8230; <\/p>\n","protected":false},"excerpt":{"rendered":"<p>Canetti 1930\u2019larda kitle eylemlerinin her t\u00fcr politik m\u00fccadelenin en \u00f6nemli silah\u0131 oldu\u011funu fark ederek \u201ckitle\u201d ve \u201ciktidar\u201d ili\u015fkisi \u00fczerinde \u00e7al\u0131\u015fmaya ba\u015flar. Ya\u015fad\u0131\u011f\u0131 y\u0131llar, \u0130kinci D\u00fcnya Sava\u015f\u0131\u2019n\u0131n,<span class=\"excerpt-hellip\"> [\u2026]<\/span><\/p>\n","protected":false},"featured_media":0,"template":"","meta":{"_monsterinsights_skip_tracking":false,"_monsterinsights_sitenote_active":false,"_monsterinsights_sitenote_note":"","_monsterinsights_sitenote_category":0},"product_brand":[],"product_cat":[12351,12324],"product_tag":[],"class_list":{"0":"post-690409","1":"product","2":"type-product","3":"status-publish","5":"product_cat-siyaset-sosyolojisi","6":"product_cat-sosyoloji","7":"pa_cilt-ciltsiz","8":"pa_tur-kitap","9":"pa_yayinevi-ayrinti-yayinlari","10":"pa_yazar-elias-canetti","12":"first","13":"instock","14":"sale","15":"shipping-taxable","16":"purchasable","17":"product-type-simple"},"_links":{"self":[{"href":"https:\/\/roveyayinevi.com.tr\/index.php\/wp-json\/wp\/v2\/product\/690409","targetHints":{"allow":["GET"]}}],"collection":[{"href":"https:\/\/roveyayinevi.com.tr\/index.php\/wp-json\/wp\/v2\/product"}],"about":[{"href":"https:\/\/roveyayinevi.com.tr\/index.php\/wp-json\/wp\/v2\/types\/product"}],"wp:attachment":[{"href":"https:\/\/roveyayinevi.com.tr\/index.php\/wp-json\/wp\/v2\/media?parent=690409"}],"wp:term":[{"taxonomy":"product_brand","embeddable":true,"href":"https:\/\/roveyayinevi.com.tr\/index.php\/wp-json\/wp\/v2\/product_brand?post=690409"},{"taxonomy":"product_cat","embeddable":true,"href":"https:\/\/roveyayinevi.com.tr\/index.php\/wp-json\/wp\/v2\/product_cat?post=690409"},{"taxonomy":"product_tag","embeddable":true,"href":"https:\/\/roveyayinevi.com.tr\/index.php\/wp-json\/wp\/v2\/product_tag?post=690409"}],"curies":[{"name":"wp","href":"https:\/\/api.w.org\/{rel}","templated":true}]}}