{"id":690407,"date":"2025-08-27T13:51:29","date_gmt":"2025-08-27T10:51:29","guid":{"rendered":"https:\/\/roveyayinevi.com.tr\/index.php\/urun\/karanligin-kulturleri\/"},"modified":"2026-04-16T01:59:55","modified_gmt":"2026-04-15T22:59:55","slug":"karanligin-kulturleri","status":"publish","type":"product","link":"https:\/\/roveyayinevi.com.tr\/index.php\/urun\/karanligin-kulturleri\/","title":{"rendered":"Karanl\u0131\u011f\u0131n K\u00fclt\u00fcrleri"},"content":{"rendered":"<p>Gece, yaln\u0131zca g\u00fcne\u015fin etkisini yitirmesi, g\u00fcnd\u00fcz\u00fcn bitmesi, i\u015f yorgunu bedenlerin g\u00fc\u00e7 bela evlere s\u00fcr\u00fcklenmesi, g\u00fcn\u00fcn dertlerinin muhasebesi, arkada\u015flarla ho\u015f\u00e7a bir sohbet ya da uykunun kollar\u0131nda tasas\u0131z bir unutu\u015f de\u011fildir; ayn\u0131 zamanda, g\u00fcn i\u00e7in kurulan d\u00fczenin sona ermesi, dayat\u0131lan zorunluluklar alan\u0131n\u0131n iplerinden bo\u015fanmas\u0131, \u00f6z\u00fcn\u00fc bulmak i\u00e7in bireyin kendi Dionysos \u015f\u00f6lenini kuru\u015fu, Bakhalar ayininin evreni hakimiyeti alt\u0131na al\u0131\u015f\u0131, do\u011fan\u0131n vah\u015fi yarat\u0131klar\u0131n\u0131n ve arzunun yery\u00fcz\u00fcne \u00e7\u0131kmas\u0131d\u0131r. Bryan D. Palmer\u2019\u0131n kaleminden ilgin\u00e7 oldu\u011fu kadar k\u0131\u015fk\u0131rt\u0131c\u0131 da olan bir kitapla kar\u015f\u0131 kar\u015f\u0131yay\u0131z. Palmer,   Karanl\u0131\u011f\u0131n K\u00fclt\u00fcrleri  nde bize akademik olmad\u0131\u011f\u0131n\u0131n \u0131srarla alt\u0131n\u0131 \u00e7izdi\u011fi, ama akademiyi kendi lehine ustaca kullanan bir ara\u015ft\u0131rma sunuyor. Amac\u0131 gecenin tarihine ili\u015fkin tarihsel bir d\u00f6k\u00fcm \u00e7\u0131karmak, kronolojik bir usavurmayla geceyi kontrol alt\u0131na almak de\u011fil. Tek bir tarihsel \u00e7er\u00e7eveye indirgenmi\u015f, basitle\u015ftirilmi\u015f bir tarih tezine kar\u015f\u0131 \u00e7\u0131k\u0131yor, gecenin tarihlerini, karanl\u0131\u011f\u0131n k\u00fclt\u00fcrlerini yazmaya yelteniyor Palmer. Bu y\u00fczden ara\u015ft\u0131rmas\u0131n\u0131, klasik tarihyaz\u0131m\u0131n\u0131n d\u0131\u015flad\u0131\u011f\u0131, hem bir kimlik hem bir yap\u0131 oldu\u011funu \u00f6ne s\u00fcrd\u00fc\u011f\u00fc marjinallik \u00fczerine odakl\u0131yor. A\u00e7\u0131k\u00e7a Foucaultcu olan bu iddiay\u0131 Marx\u2019\u0131n yabanc\u0131la\u015fma \u00fczerine tezleriyle birle\u015ftiren Palmer, tarihi iktidars\u0131zla\u015ft\u0131rmadan ama ona \u00e7o\u011fullu\u011funu da geri vererek yeniden anlat\u0131 kal\u0131b\u0131na sokuyor; meta-tarihi bireylikler tarihi olarak yeniden in\u015fa ediyor. <\/p>\n","protected":false},"excerpt":{"rendered":"<p>Gece, yaln\u0131zca g\u00fcne\u015fin etkisini yitirmesi, g\u00fcnd\u00fcz\u00fcn bitmesi, i\u015f yorgunu bedenlerin g\u00fc\u00e7 bela evlere s\u00fcr\u00fcklenmesi, g\u00fcn\u00fcn dertlerinin muhasebesi, arkada\u015flarla ho\u015f\u00e7a bir sohbet ya da uykunun kollar\u0131nda tasas\u0131z<span class=\"excerpt-hellip\"> [\u2026]<\/span><\/p>\n","protected":false},"featured_media":0,"template":"","meta":{"_monsterinsights_skip_tracking":false,"_monsterinsights_sitenote_active":false,"_monsterinsights_sitenote_note":"","_monsterinsights_sitenote_category":0},"product_brand":[],"product_cat":[12388,15309],"product_tag":[],"class_list":{"0":"post-690407","1":"product","2":"type-product","3":"status-publish","5":"product_cat-felsefe","6":"product_cat-felsefi-akimlar","7":"pa_cilt-ciltsiz","8":"pa_tur-kitap","9":"pa_yayinevi-ayrinti-yayinlari","10":"pa_yazar-bryan-d-palmer","12":"first","13":"instock","14":"sale","15":"shipping-taxable","16":"purchasable","17":"product-type-simple"},"_links":{"self":[{"href":"https:\/\/roveyayinevi.com.tr\/index.php\/wp-json\/wp\/v2\/product\/690407","targetHints":{"allow":["GET"]}}],"collection":[{"href":"https:\/\/roveyayinevi.com.tr\/index.php\/wp-json\/wp\/v2\/product"}],"about":[{"href":"https:\/\/roveyayinevi.com.tr\/index.php\/wp-json\/wp\/v2\/types\/product"}],"wp:attachment":[{"href":"https:\/\/roveyayinevi.com.tr\/index.php\/wp-json\/wp\/v2\/media?parent=690407"}],"wp:term":[{"taxonomy":"product_brand","embeddable":true,"href":"https:\/\/roveyayinevi.com.tr\/index.php\/wp-json\/wp\/v2\/product_brand?post=690407"},{"taxonomy":"product_cat","embeddable":true,"href":"https:\/\/roveyayinevi.com.tr\/index.php\/wp-json\/wp\/v2\/product_cat?post=690407"},{"taxonomy":"product_tag","embeddable":true,"href":"https:\/\/roveyayinevi.com.tr\/index.php\/wp-json\/wp\/v2\/product_tag?post=690407"}],"curies":[{"name":"wp","href":"https:\/\/api.w.org\/{rel}","templated":true}]}}