{"id":690404,"date":"2025-08-27T13:51:28","date_gmt":"2025-08-27T10:51:28","guid":{"rendered":"https:\/\/roveyayinevi.com.tr\/index.php\/urun\/kalecinin-penalti-anindaki-endisesi\/"},"modified":"2026-04-16T01:59:55","modified_gmt":"2026-04-15T22:59:55","slug":"kalecinin-penalti-anindaki-endisesi","status":"publish","type":"product","link":"https:\/\/roveyayinevi.com.tr\/index.php\/urun\/kalecinin-penalti-anindaki-endisesi\/","title":{"rendered":"Kalecinin Penalt\u0131 An\u0131ndaki Endi\u015fesi"},"content":{"rendered":"<p>Kalecinin Penalt\u0131 An\u0131ndaki Endi\u015fesi , Time\u2019\u0131n Beckett\u2019den beri \u00e7a\u011fda\u015f yaz\u0131n\u0131n en b\u00fcy\u00fck ad\u0131 diye nitelendirdi\u011fi Handke\u2019nin en \u00f6nemli yap\u0131tlar\u0131ndan biridir. Bir tek s\u00f6zc\u00fckle tan\u0131mlamak gerekirse, dille d\u00fcnya aras\u0131ndaki bo\u015f lu\u011fun roman\u0131d\u0131r. Metin, Bat\u0131 toplumlar\u0131nda ya\u015fayan uygar insanlar\u0131n ili\u015fkisinin (=ili\u015fkisizli\u011finin) yaratt\u0131\u011f\u0131 bo\u015f lu\u011fun \u00f6zg\u00fcrle\u015ftirici ve \u00f6ld\u00fcr\u00fcc\u00fc boyutlar\u0131 \u00fczerine kuruludur. Roman\u0131 edebiyat esteti\u011fi a\u00e7\u0131s\u0131ndan farkl\u0131 k\u0131lan yan, Handke\u2019nin dile ola\u011fan\u00fcst\u00fc bir \u00f6nem vererek bo\u015f lu\u011fun \u00fcslubunu yaratm\u0131\u015f olmas\u0131d\u0131r. Klasik romanlardaki tip yoktur&#8230; Metinde, kalecinin penalt\u0131 an\u0131nda duydu\u011fu endi\u015fenin b\u00fct\u00fcn bir hayata yay\u0131lmas\u0131ndan duyulan tedirginlik ve dilin ili\u015fki kurmadaki eksikli\u011fi b\u00fcy\u00fck bir ba\u015far\u0131yla i\u015flenir&#8230; \ufffcTan\u0131t\u0131m Metni<\/p>\n","protected":false},"excerpt":{"rendered":"<p>Kalecinin Penalt\u0131 An\u0131ndaki Endi\u015fesi , Time\u2019\u0131n Beckett\u2019den beri \u00e7a\u011fda\u015f yaz\u0131n\u0131n en b\u00fcy\u00fck ad\u0131 diye nitelendirdi\u011fi Handke\u2019nin en \u00f6nemli yap\u0131tlar\u0131ndan biridir. Bir tek s\u00f6zc\u00fckle tan\u0131mlamak gerekirse, dille<span class=\"excerpt-hellip\"> [\u2026]<\/span><\/p>\n","protected":false},"featured_media":0,"template":"","meta":{"_monsterinsights_skip_tracking":false,"_monsterinsights_sitenote_active":false,"_monsterinsights_sitenote_note":"","_monsterinsights_sitenote_category":0},"product_brand":[],"product_cat":[12782,12291],"product_tag":[],"class_list":{"0":"post-690404","1":"product","2":"type-product","3":"status-publish","5":"product_cat-alman-edebiyati","6":"product_cat-edebiyat","7":"pa_cilt-ciltsiz","8":"pa_tur-kitap","9":"pa_yayinevi-ayrinti-yayinlari","10":"pa_yazar-peter-handke","12":"first","13":"instock","14":"sale","15":"shipping-taxable","16":"purchasable","17":"product-type-simple"},"_links":{"self":[{"href":"https:\/\/roveyayinevi.com.tr\/index.php\/wp-json\/wp\/v2\/product\/690404","targetHints":{"allow":["GET"]}}],"collection":[{"href":"https:\/\/roveyayinevi.com.tr\/index.php\/wp-json\/wp\/v2\/product"}],"about":[{"href":"https:\/\/roveyayinevi.com.tr\/index.php\/wp-json\/wp\/v2\/types\/product"}],"wp:attachment":[{"href":"https:\/\/roveyayinevi.com.tr\/index.php\/wp-json\/wp\/v2\/media?parent=690404"}],"wp:term":[{"taxonomy":"product_brand","embeddable":true,"href":"https:\/\/roveyayinevi.com.tr\/index.php\/wp-json\/wp\/v2\/product_brand?post=690404"},{"taxonomy":"product_cat","embeddable":true,"href":"https:\/\/roveyayinevi.com.tr\/index.php\/wp-json\/wp\/v2\/product_cat?post=690404"},{"taxonomy":"product_tag","embeddable":true,"href":"https:\/\/roveyayinevi.com.tr\/index.php\/wp-json\/wp\/v2\/product_tag?post=690404"}],"curies":[{"name":"wp","href":"https:\/\/api.w.org\/{rel}","templated":true}]}}