{"id":690403,"date":"2025-08-27T13:51:28","date_gmt":"2025-08-27T10:51:28","guid":{"rendered":"https:\/\/roveyayinevi.com.tr\/index.php\/urun\/kahkahanin-zaferi-yikici-tarih-olarak-gulme\/"},"modified":"2026-04-16T01:59:55","modified_gmt":"2026-04-15T22:59:55","slug":"kahkahanin-zaferi-yikici-tarih-olarak-gulme","status":"publish","type":"product","link":"https:\/\/roveyayinevi.com.tr\/index.php\/urun\/kahkahanin-zaferi-yikici-tarih-olarak-gulme\/","title":{"rendered":"Kahkahan\u0131n Zaferi Y\u0131k\u0131c\u0131 Tarih Olarak G\u00fclme"},"content":{"rendered":"<p>S\u00f6zc\u00fckler tan\u0131mlamakta zorlansa da, hah hah ha\u2019y\u0131 hepimiz tan\u0131yoruz: \u0130nsani davran\u0131\u015f\u0131n en ne\u015feli, en ciddiyetsiz \u00f6rneklerinden biri. Kahkahan\u0131n Zaferi\u2019nde Barry Sanders, bu ne\u015feli eylemin ard\u0131ndaki yarat\u0131c\u0131 ve bozguncu potansiyeli a\u00e7\u0131\u011fa \u00e7\u0131kararak, kahkahan\u0131n g\u00fcc\u00fcn\u00fc yabana atanlara entelekt\u00fcel bir nanik yap\u0131yor. \ufffcTan\u0131t\u0131m Metni<\/p>\n","protected":false},"excerpt":{"rendered":"<p>S\u00f6zc\u00fckler tan\u0131mlamakta zorlansa da, hah hah ha\u2019y\u0131 hepimiz tan\u0131yoruz: \u0130nsani davran\u0131\u015f\u0131n en ne\u015feli, en ciddiyetsiz \u00f6rneklerinden biri. Kahkahan\u0131n Zaferi\u2019nde Barry Sanders, bu ne\u015feli eylemin ard\u0131ndaki yarat\u0131c\u0131<span class=\"excerpt-hellip\"> [\u2026]<\/span><\/p>\n","protected":false},"featured_media":0,"template":"","meta":{"_monsterinsights_skip_tracking":false,"_monsterinsights_sitenote_active":false,"_monsterinsights_sitenote_note":"","_monsterinsights_sitenote_category":0},"product_brand":[],"product_cat":[12312,12304],"product_tag":[],"class_list":{"0":"post-690403","1":"product","2":"type-product","3":"status-publish","5":"product_cat-diger","6":"product_cat-tarih","7":"pa_cilt-ciltsiz","8":"pa_tur-kitap","9":"pa_yayinevi-ayrinti-yayinlari","10":"pa_yazar-barry-sanders","12":"first","13":"instock","14":"sale","15":"shipping-taxable","16":"purchasable","17":"product-type-simple"},"_links":{"self":[{"href":"https:\/\/roveyayinevi.com.tr\/index.php\/wp-json\/wp\/v2\/product\/690403","targetHints":{"allow":["GET"]}}],"collection":[{"href":"https:\/\/roveyayinevi.com.tr\/index.php\/wp-json\/wp\/v2\/product"}],"about":[{"href":"https:\/\/roveyayinevi.com.tr\/index.php\/wp-json\/wp\/v2\/types\/product"}],"wp:attachment":[{"href":"https:\/\/roveyayinevi.com.tr\/index.php\/wp-json\/wp\/v2\/media?parent=690403"}],"wp:term":[{"taxonomy":"product_brand","embeddable":true,"href":"https:\/\/roveyayinevi.com.tr\/index.php\/wp-json\/wp\/v2\/product_brand?post=690403"},{"taxonomy":"product_cat","embeddable":true,"href":"https:\/\/roveyayinevi.com.tr\/index.php\/wp-json\/wp\/v2\/product_cat?post=690403"},{"taxonomy":"product_tag","embeddable":true,"href":"https:\/\/roveyayinevi.com.tr\/index.php\/wp-json\/wp\/v2\/product_tag?post=690403"}],"curies":[{"name":"wp","href":"https:\/\/api.w.org\/{rel}","templated":true}]}}