{"id":690402,"date":"2025-08-27T13:51:28","date_gmt":"2025-08-27T10:51:28","guid":{"rendered":"https:\/\/roveyayinevi.com.tr\/index.php\/urun\/islamin-ikinci-mesaji\/"},"modified":"2026-04-16T01:59:55","modified_gmt":"2026-04-15T22:59:55","slug":"islamin-ikinci-mesaji","status":"publish","type":"product","link":"https:\/\/roveyayinevi.com.tr\/index.php\/urun\/islamin-ikinci-mesaji\/","title":{"rendered":"\u0130slam\u0131n \u0130kinci Mesaj\u0131"},"content":{"rendered":"<p>Hayat\u0131, \u0130slam ve sosyalizm kelimeleriyle \u00f6zetlenebilen Mahmut Taha, hem bir entelekt\u00fcel hem de bar\u0131\u015fsever bir dava adam\u0131 olarak idam\u0131ndan yakla\u015f\u0131k yirmi be\u015f y\u0131l sonra bir yaln\u0131zl\u0131\u011fa terk edilmi\u015f gibidir. \u0130slam\u2019\u0131n sadece resmile\u015fmi\u015f ana ak\u0131m\u0131n\u0131 muhatap al\u0131p, bunun d\u0131\u015f\u0131ndaki yakla\u015f\u0131mlar\u0131 yok sayan gayri entelekt\u00fcel yakla\u015f\u0131m, ne kadar derin olursa olsun bu t\u00fcr farkl\u0131l\u0131klar\u0131 g\u00f6rmezden gelir ve bu yolla kendi hakikatinin bir y\u00fcz\u00fcnden de ka\u00e7m\u0131\u015f olur, bilmeden.<\/p>\n","protected":false},"excerpt":{"rendered":"<p>Hayat\u0131, \u0130slam ve sosyalizm kelimeleriyle \u00f6zetlenebilen Mahmut Taha, hem bir entelekt\u00fcel hem de bar\u0131\u015fsever bir dava adam\u0131 olarak idam\u0131ndan yakla\u015f\u0131k yirmi be\u015f y\u0131l sonra bir yaln\u0131zl\u0131\u011fa<span class=\"excerpt-hellip\"> [\u2026]<\/span><\/p>\n","protected":false},"featured_media":0,"template":"","meta":{"_monsterinsights_skip_tracking":false,"_monsterinsights_sitenote_active":false,"_monsterinsights_sitenote_note":"","_monsterinsights_sitenote_category":0},"product_brand":[],"product_cat":[12718,12719],"product_tag":[],"class_list":{"0":"post-690402","1":"product","2":"type-product","3":"status-publish","5":"product_cat-din","6":"product_cat-islam","7":"pa_cilt-ciltsiz","8":"pa_tur-kitap","9":"pa_yayinevi-ayrinti-yayinlari","10":"pa_yazar-mahmut-muhammet-taha","12":"first","13":"instock","14":"sale","15":"shipping-taxable","16":"purchasable","17":"product-type-simple"},"_links":{"self":[{"href":"https:\/\/roveyayinevi.com.tr\/index.php\/wp-json\/wp\/v2\/product\/690402","targetHints":{"allow":["GET"]}}],"collection":[{"href":"https:\/\/roveyayinevi.com.tr\/index.php\/wp-json\/wp\/v2\/product"}],"about":[{"href":"https:\/\/roveyayinevi.com.tr\/index.php\/wp-json\/wp\/v2\/types\/product"}],"wp:attachment":[{"href":"https:\/\/roveyayinevi.com.tr\/index.php\/wp-json\/wp\/v2\/media?parent=690402"}],"wp:term":[{"taxonomy":"product_brand","embeddable":true,"href":"https:\/\/roveyayinevi.com.tr\/index.php\/wp-json\/wp\/v2\/product_brand?post=690402"},{"taxonomy":"product_cat","embeddable":true,"href":"https:\/\/roveyayinevi.com.tr\/index.php\/wp-json\/wp\/v2\/product_cat?post=690402"},{"taxonomy":"product_tag","embeddable":true,"href":"https:\/\/roveyayinevi.com.tr\/index.php\/wp-json\/wp\/v2\/product_tag?post=690402"}],"curies":[{"name":"wp","href":"https:\/\/api.w.org\/{rel}","templated":true}]}}