{"id":690401,"date":"2025-08-27T13:51:28","date_gmt":"2025-08-27T10:51:28","guid":{"rendered":"https:\/\/roveyayinevi.com.tr\/index.php\/urun\/insan-postuna-burunmus-kopek\/"},"modified":"2026-04-16T01:59:55","modified_gmt":"2026-04-15T22:59:55","slug":"insan-postuna-burunmus-kopek","status":"publish","type":"product","link":"https:\/\/roveyayinevi.com.tr\/index.php\/urun\/insan-postuna-burunmus-kopek\/","title":{"rendered":"\u0130nsan Postuna B\u00fcr\u00fcnm\u00fc\u015f K\u00f6pek"},"content":{"rendered":"<p>Beyaz Zenciler\u2019in yazar\u0131 Ingvar Ambj\u00f6rnsen\u2019den \u00e7arp\u0131c\u0131 bir roman daha sunuyoruz sizlere&#8230;\u201cK\u00f6pek efendi istemezdi, efendi k\u00f6pe\u011fin d\u00fcnyas\u0131n\u0131 y\u0131kmasayd\u0131 e\u011fer\u201d diyerek zorunlulu\u011fa d\u00f6n\u00fc\u015fm\u00fc\u015f sadakatin ikiy\u00fczl\u00fcl\u00fc\u011f\u00fcne dikkat \u00e7eken Ambj\u00f6rnsen, bu kez \u201ck\u00f6peksi\u201d bir insan\u0131 anlat\u0131yor. Ahl\u00e2ki de\u011fer \u00f6l\u00e7\u00fclerinin iyice silikle\u015fti\u011fi, \u00f6l\u00fcm ve bo\u015flu\u011fun h\u00fck\u00fcm s\u00fcrd\u00fc\u011f\u00fc kentlerde \u201cilik\u201d pe\u015finde ko\u015fan ve yaln\u0131zl\u0131\u011fa g\u00f6m\u00fclm\u00fc\u015f birini betimliyor yazar. O, ne tek ba\u015f\u0131na ne de ba\u015fkalar\u0131yla birlikte \u201csevgi\u201d ad\u0131na bir \u015fey \u00fcretebilmi\u015ftir. \u0130nsanlar\u0131 kullanarak, a\u015fa\u011f\u0131layarak, ki\u015filiklerini par\u00e7alayarak onlardan arta kalan \u201csahicilik\u201d kal\u0131nt\u0131lar\u0131ndan beslenmektedir&#8230;Y\u00fcre\u011finde gardiyan vard\u0131r&#8230; Kad\u0131nlar\u0131 avlar, d\u00fcnyalar\u0131n\u0131 talan eder, \u0131ss\u0131zla\u015ft\u0131r\u0131r&#8230;\u0130nsan Postuna B\u00fcr\u00fcnm\u00fc\u015f K\u00f6pek, kalplerinde bomba ta\u015f\u0131yan, i\u00e7indeki duvarlar\u0131n d\u0131\u015f\u0131na \u00e7\u0131kamayan, ba\u015fka insanlar\u0131n da kendisine ula\u015fmas\u0131na izin vermeyen insanlardaki \u201ck\u00f6t\u00fcc\u00fcll\u00fc\u011f\u00fcn\u201d roman\u0131d\u0131r&#8230;<\/p>\n","protected":false},"excerpt":{"rendered":"<p>Beyaz Zenciler\u2019in yazar\u0131 Ingvar Ambj\u00f6rnsen\u2019den \u00e7arp\u0131c\u0131 bir roman daha sunuyoruz sizlere&#8230;\u201cK\u00f6pek efendi istemezdi, efendi k\u00f6pe\u011fin d\u00fcnyas\u0131n\u0131 y\u0131kmasayd\u0131 e\u011fer\u201d diyerek zorunlulu\u011fa d\u00f6n\u00fc\u015fm\u00fc\u015f sadakatin ikiy\u00fczl\u00fcl\u00fc\u011f\u00fcne dikkat \u00e7eken Ambj\u00f6rnsen,<span class=\"excerpt-hellip\"> [\u2026]<\/span><\/p>\n","protected":false},"featured_media":0,"template":"","meta":{"_monsterinsights_skip_tracking":false,"_monsterinsights_sitenote_active":false,"_monsterinsights_sitenote_note":"","_monsterinsights_sitenote_category":0},"product_brand":[],"product_cat":[13661,12291],"product_tag":[],"class_list":{"0":"post-690401","1":"product","2":"type-product","3":"status-publish","5":"product_cat-diger-ulke-edebiyatlari","6":"product_cat-edebiyat","7":"pa_cilt-ciltsiz","8":"pa_tur-kitap","9":"pa_yayinevi-ayrinti-yayinlari","10":"pa_yazar-ingvar-ambjornsen","12":"first","13":"instock","14":"sale","15":"shipping-taxable","16":"purchasable","17":"product-type-simple"},"_links":{"self":[{"href":"https:\/\/roveyayinevi.com.tr\/index.php\/wp-json\/wp\/v2\/product\/690401","targetHints":{"allow":["GET"]}}],"collection":[{"href":"https:\/\/roveyayinevi.com.tr\/index.php\/wp-json\/wp\/v2\/product"}],"about":[{"href":"https:\/\/roveyayinevi.com.tr\/index.php\/wp-json\/wp\/v2\/types\/product"}],"wp:attachment":[{"href":"https:\/\/roveyayinevi.com.tr\/index.php\/wp-json\/wp\/v2\/media?parent=690401"}],"wp:term":[{"taxonomy":"product_brand","embeddable":true,"href":"https:\/\/roveyayinevi.com.tr\/index.php\/wp-json\/wp\/v2\/product_brand?post=690401"},{"taxonomy":"product_cat","embeddable":true,"href":"https:\/\/roveyayinevi.com.tr\/index.php\/wp-json\/wp\/v2\/product_cat?post=690401"},{"taxonomy":"product_tag","embeddable":true,"href":"https:\/\/roveyayinevi.com.tr\/index.php\/wp-json\/wp\/v2\/product_tag?post=690401"}],"curies":[{"name":"wp","href":"https:\/\/api.w.org\/{rel}","templated":true}]}}