{"id":690397,"date":"2025-08-27T13:51:27","date_gmt":"2025-08-27T10:51:27","guid":{"rendered":"https:\/\/roveyayinevi.com.tr\/index.php\/urun\/gokyuzundeki-mor-bulutlar\/"},"modified":"2026-04-16T01:59:55","modified_gmt":"2026-04-15T22:59:55","slug":"gokyuzundeki-mor-bulutlar","status":"publish","type":"product","link":"https:\/\/roveyayinevi.com.tr\/index.php\/urun\/gokyuzundeki-mor-bulutlar\/","title":{"rendered":"G\u00f6ky\u00fcz\u00fcndeki Mor Bulutlar"},"content":{"rendered":"<p>Bu kitaptaki ser\u00fcvenler, g\u00fcn\u00fcm\u00fczde ba\u015flay\u0131p, yirmibirinci y\u00fczy\u0131l\u0131n ilkyar\u0131s\u0131na kadar s\u00fcrmektedir. Bu nedenle G\u00f6ky\u00fcz\u00fcndeki Mor Bulutlar&#8217;a 21. y\u00fczy\u0131l\u0131n roman\u0131 diyorum. Roman\u0131n konusu, k\u0131talararas\u0131 u\u00e7u\u015flar yapan bir T\u00fcrk pilotunun Hindistan yolculu\u011fuyla ba\u015flar. Binlerce y\u0131l \u00f6nce Hindistan&#8217;da ya\u015fam\u0131\u015f olan, Bilge Jambuna Ana&#8217;n\u0131n cesedi, Himalayalar&#8217;da bulunan bir buzul y\u00f6resine g\u00f6m\u00fclm\u00fc\u015ft\u00fcr. Jambuna Ana, ge\u00e7mi\u015fte ilkel insanlara, insanl\u0131k ilkelerini \u00f6\u011freten kutsal bir ki\u015fidir. G\u00fcn gelip de e\u011fer insanl\u0131k, eski \u00e7a\u011flarda oldu\u011fu gibi ilkelle\u015fip yozla\u015farak, sevgisizlik ve duyars\u0131zl\u0131k hastal\u0131\u011f\u0131na tutulursa, Jambuna Ruhu, yeniden D\u00fcnya&#8217;ya gelecektir. Buz g\u00f6m\u00fctteki ceset, her y\u0131l, gece ile g\u00fcnd\u00fcz\u00fcn e\u015fitlendi\u011fi g\u00fcn, \u015fafak s\u0131ras\u0131nda, birka\u00e7 dakikal\u0131\u011f\u0131na apa\u00e7\u0131k g\u00f6r\u00fclmektedir. Jambuna efsanesine g\u00f6re, buzuldaki ceset, bu \u00f6zel g\u00fcnde g\u00f6r\u00fclmez oldu\u011funda, Jambuna Ana Ruhunun, D\u00fcnya&#8217;ya geldi\u011fi anla\u015f\u0131lacakt\u0131r. Bir g\u00fcn, ceset g\u00f6r\u00fclmez olur. \u00c7\u00fcnk\u00fc insanlar \u00f6ylesine ilkelle\u015fip yozla\u015fm\u0131\u015flard\u0131r ki!&#8230;\ufffc<\/p>\n","protected":false},"excerpt":{"rendered":"<p>Bu kitaptaki ser\u00fcvenler, g\u00fcn\u00fcm\u00fczde ba\u015flay\u0131p, yirmibirinci y\u00fczy\u0131l\u0131n ilkyar\u0131s\u0131na kadar s\u00fcrmektedir. Bu nedenle G\u00f6ky\u00fcz\u00fcndeki Mor Bulutlar&#8217;a 21. y\u00fczy\u0131l\u0131n roman\u0131 diyorum. Roman\u0131n konusu, k\u0131talararas\u0131 u\u00e7u\u015flar yapan bir T\u00fcrk<span class=\"excerpt-hellip\"> [\u2026]<\/span><\/p>\n","protected":false},"featured_media":0,"template":"","meta":{"_monsterinsights_skip_tracking":false,"_monsterinsights_sitenote_active":false,"_monsterinsights_sitenote_note":"","_monsterinsights_sitenote_category":0},"product_brand":[],"product_cat":[12274,12284],"product_tag":[],"class_list":{"0":"post-690397","1":"product","2":"type-product","3":"status-publish","5":"product_cat-cocuk-ve-genclik-kitaplari","6":"product_cat-hikayeler","7":"pa_cilt-ciltsiz","8":"pa_tur-kitap","9":"pa_yayinevi-altin-kitaplar-cocuk-kitaplari","10":"pa_yazar-gulten-dayioglu","12":"first","13":"instock","14":"sale","15":"shipping-taxable","16":"purchasable","17":"product-type-simple"},"_links":{"self":[{"href":"https:\/\/roveyayinevi.com.tr\/index.php\/wp-json\/wp\/v2\/product\/690397","targetHints":{"allow":["GET"]}}],"collection":[{"href":"https:\/\/roveyayinevi.com.tr\/index.php\/wp-json\/wp\/v2\/product"}],"about":[{"href":"https:\/\/roveyayinevi.com.tr\/index.php\/wp-json\/wp\/v2\/types\/product"}],"wp:attachment":[{"href":"https:\/\/roveyayinevi.com.tr\/index.php\/wp-json\/wp\/v2\/media?parent=690397"}],"wp:term":[{"taxonomy":"product_brand","embeddable":true,"href":"https:\/\/roveyayinevi.com.tr\/index.php\/wp-json\/wp\/v2\/product_brand?post=690397"},{"taxonomy":"product_cat","embeddable":true,"href":"https:\/\/roveyayinevi.com.tr\/index.php\/wp-json\/wp\/v2\/product_cat?post=690397"},{"taxonomy":"product_tag","embeddable":true,"href":"https:\/\/roveyayinevi.com.tr\/index.php\/wp-json\/wp\/v2\/product_tag?post=690397"}],"curies":[{"name":"wp","href":"https:\/\/api.w.org\/{rel}","templated":true}]}}