{"id":690395,"date":"2025-08-27T13:51:26","date_gmt":"2025-08-27T10:51:26","guid":{"rendered":"https:\/\/roveyayinevi.com.tr\/index.php\/urun\/matematikcinin-galaksi-rehberi\/"},"modified":"2026-02-03T02:01:22","modified_gmt":"2026-02-02T23:01:22","slug":"matematikcinin-galaksi-rehberi","status":"publish","type":"product","link":"https:\/\/roveyayinevi.com.tr\/index.php\/urun\/matematikcinin-galaksi-rehberi\/","title":{"rendered":"Matematik\u00e7inin Galaksi Rehberi"},"content":{"rendered":"<p>\u201cBri\u00e7 masas\u0131nda ka\u00e7 farkl\u0131 e\u015fle\u015fme yap\u0131labilece\u011fini, belli \u015fartlar alt\u0131nda bir haritan\u0131n tamamlanmas\u0131 i\u00e7in ka\u00e7 renk gerekece\u011fini, bir filin satran\u00e7 tahtas\u0131nda ka\u00e7 farkl\u0131 yol izleyebilece\u011fini veya  belli bir yolun izlenmesi \u015fart\u0131yla bir kentten di\u011ferine en k\u0131sa nas\u0131l gidilebilece\u011fini kim ger\u00e7ekten umursar? Ama i\u015fte, matematik umursar ve hep umursam\u0131\u015ft\u0131r&#8230;\u201d Isaac Asimov Bu kitapta, \u201cSatran\u00e7 tahtas\u0131n\u0131n her karesine, bir \u00f6ncekinin iki kat\u0131 kadar bu\u011fday tanesi koysan\u0131z bana yeter h\u00fcnk\u00e2r\u0131m\u201d gibisinden, bir \u00fclkeyi bat\u0131rabilecek matematiksel \u201ce\u015fek \u015fakalar\u0131\u201d yok! Her \u015fey uzayda olup bitmekte&#8230; O bak\u0131mdan rahat olal\u0131m! Say\u0131lar ve bulmacalar ilginizi \u00e7ekiyorsa, bu da yetmezmi\u015f gibi, \u201cYeter ki problem olsun, havada karada \u00e7\u00f6zerim!\u201d diyorsan\u0131z, Buyrun size Matematik\u00e7inin Galaksi Rehberi! <\/p>\n","protected":false},"excerpt":{"rendered":"<p>\u201cBri\u00e7 masas\u0131nda ka\u00e7 farkl\u0131 e\u015fle\u015fme yap\u0131labilece\u011fini, belli \u015fartlar alt\u0131nda bir haritan\u0131n tamamlanmas\u0131 i\u00e7in ka\u00e7 renk gerekece\u011fini, bir filin satran\u00e7 tahtas\u0131nda ka\u00e7 farkl\u0131 yol izleyebilece\u011fini veya belli<span class=\"excerpt-hellip\"> [\u2026]<\/span><\/p>\n","protected":false},"featured_media":0,"template":"","meta":{"_monsterinsights_skip_tracking":false,"_monsterinsights_sitenote_active":false,"_monsterinsights_sitenote_note":"","_monsterinsights_sitenote_category":0},"product_brand":[],"product_cat":[13005,16724],"product_tag":[],"class_list":{"0":"post-690395","1":"product","2":"type-product","3":"status-publish","5":"product_cat-bilim-muhendislik","6":"product_cat-matematik","7":"pa_cilt-ciltsiz","8":"pa_tur-kitap","9":"pa_yayinevi-aylak-kitap","10":"pa_yazar-martin-gardner","12":"first","13":"instock","14":"sale","15":"shipping-taxable","16":"purchasable","17":"product-type-simple"},"_links":{"self":[{"href":"https:\/\/roveyayinevi.com.tr\/index.php\/wp-json\/wp\/v2\/product\/690395","targetHints":{"allow":["GET"]}}],"collection":[{"href":"https:\/\/roveyayinevi.com.tr\/index.php\/wp-json\/wp\/v2\/product"}],"about":[{"href":"https:\/\/roveyayinevi.com.tr\/index.php\/wp-json\/wp\/v2\/types\/product"}],"wp:attachment":[{"href":"https:\/\/roveyayinevi.com.tr\/index.php\/wp-json\/wp\/v2\/media?parent=690395"}],"wp:term":[{"taxonomy":"product_brand","embeddable":true,"href":"https:\/\/roveyayinevi.com.tr\/index.php\/wp-json\/wp\/v2\/product_brand?post=690395"},{"taxonomy":"product_cat","embeddable":true,"href":"https:\/\/roveyayinevi.com.tr\/index.php\/wp-json\/wp\/v2\/product_cat?post=690395"},{"taxonomy":"product_tag","embeddable":true,"href":"https:\/\/roveyayinevi.com.tr\/index.php\/wp-json\/wp\/v2\/product_tag?post=690395"}],"curies":[{"name":"wp","href":"https:\/\/api.w.org\/{rel}","templated":true}]}}