{"id":690394,"date":"2025-08-27T13:51:26","date_gmt":"2025-08-27T10:51:26","guid":{"rendered":"https:\/\/roveyayinevi.com.tr\/index.php\/urun\/marx-ve-weberde-dogu-toplumlari\/"},"modified":"2026-04-16T01:59:55","modified_gmt":"2026-04-15T22:59:55","slug":"marx-ve-weberde-dogu-toplumlari","status":"publish","type":"product","link":"https:\/\/roveyayinevi.com.tr\/index.php\/urun\/marx-ve-weberde-dogu-toplumlari\/","title":{"rendered":"Marx ve Weber\u2019de Do\u011fu Toplumlar\u0131"},"content":{"rendered":"<p>Sosyoloji tarihi Marx ile Weber aras\u0131nda olu\u015fturulan kar\u015f\u0131tl\u0131k ekseninde in\u015fa edilmi\u015ftir. Weber\u2019in daha sa\u011fl\u0131\u011f\u0131ndan ba\u015flayarak Marx\u2019\u0131n kar\u015f\u0131s\u0131nda konumland\u0131r\u0131lmas\u0131 ve Marksizme bir cevap olarak sunulmas\u0131 sosyolojik teoriyi bi\u00e7imlendirmi\u015ftir. Modern \u00e7a\u011f\u0131n meseleleriyle ilgilenen Marx ve Weber\u2019in temel amac\u0131 kapitalizmin do\u011fu\u015fu ve geli\u015fimi etraf\u0131nda modern toplumun yap\u0131 ve i\u015fleyi\u015fini \u00e7\u00f6z\u00fcmlemektir. B\u00f6ylece modern toplumu tan\u0131mlama ve tarihsel olarak konumland\u0131rma pe\u015findedirler. Bu ama\u00e7 \u00e7er\u00e7evesinde Do\u011fu toplumlar\u0131 \u00e7\u00f6z\u00fcmlemesi her ikisinde de \u00f6nemli bir konumdad\u0131r. Bat\u0131\u2019daki siyasi meselelere yakla\u015f\u0131mlar\u0131 bak\u0131mdan birbirleriyle farkl\u0131la\u015fan Marx ve Weber, Do\u011fu kar\u015f\u0131s\u0131nda modern toplum bi\u00e7iminin a\u00e7\u0131klanmas\u0131 s\u00f6z konusu oldu\u011funda birbirine yakla\u015fmaktad\u0131r. Weber\u2019in yeti\u015fti\u011fi ortamda ve entelekt\u00fcel \u00e7evresinde Marx\u2019\u0131n d\u00fc\u015f\u00fcnceleri olduk\u00e7a yayg\u0131nd\u0131. Bu ba\u011flamda onun Marx\u2019la ili\u015fkisi iki z\u0131t bi\u00e7imde geli\u015fmi\u015ftir. Birincisinde Alman burjuvazisinin s\u0131n\u0131f bilincine sahip bir mensubu olarak Weber\u2019in Alman devletinin gelece\u011fi sorunsal\u0131 etraf\u0131nda biraz da \u00e7a\u011fda\u015f Marksizmin durumundan hareketle Marx\u2019a olumsuz yakla\u015fmas\u0131 s\u00f6z konusudur. Weber\u2019in ikinci temas noktas\u0131 ise bir bilim adam\u0131 olarak Marx\u2019la olan ili\u015fkileridir. Onun geli\u015ftirdi\u011fi \u00e7er\u00e7evenin geni\u015fli\u011finin ve Bat\u0131 k\u00fclt\u00fcr d\u00fcnyas\u0131 i\u00e7in \u00f6neminin fark\u0131nda olan Weber, Marx\u2019\u0131 \u00f6nemsemektedir. Bu anlamda ilk ele al\u0131nmas\u0131 gereken Marx ve Weber\u2019in hangi saiklerle Do\u011fu toplumlar\u0131na dair \u00e7\u00f6z\u00fcmlemeler yapt\u0131klar\u0131d\u0131r. Onlarda Do\u011fu toplumlar\u0131 incelemelerinin temel meseleleri ayn\u0131d\u0131r. Bu temel mesele modern toplum bi\u00e7iminin neden sadece Bat\u0131\u2019da ortaya \u00e7\u0131kt\u0131\u011f\u0131 etraf\u0131nda \u015fekillenmektedir. Marx bu ba\u011flamda \u0130ngiltere\u2019de toprak d\u00fczeninin ve sermaye birikiminin \u00f6zel bir bi\u00e7imine referansla a\u00e7\u0131klamalar yaparken, Weber, Bat\u0131 zihniyetinde ya\u015fanan devrimleri ve hayat\u0131n her alan\u0131nda ya\u015fanan paralel ve birbirini tamamlayan ak\u0131lc\u0131la\u015fmalar\u0131 i\u015faret etmektedir. Do\u011fu toplumlar\u0131 s\u00f6z konusu oldu\u011funda bu soru modern toplum bi\u00e7iminin neden Do\u011fu\u2019da ortaya \u00e7\u0131kmad\u0131\u011f\u0131 \u015fekline b\u00fcr\u00fcnmektedir. Elinizdeki kitapta bu konular\u0131 ele alan L\u00fctfi Sunar, zengin kaynaklara ve bu tart\u0131\u015fman\u0131n yans\u0131malar\u0131na yo\u011funla\u015farak, Marx ve Weber\u2019in Do\u011fu toplumlar\u0131na bak\u0131\u015f\u0131n\u0131 incelemektedir.<\/p>\n","protected":false},"excerpt":{"rendered":"<p>Sosyoloji tarihi Marx ile Weber aras\u0131nda olu\u015fturulan kar\u015f\u0131tl\u0131k ekseninde in\u015fa edilmi\u015ftir. Weber\u2019in daha sa\u011fl\u0131\u011f\u0131ndan ba\u015flayarak Marx\u2019\u0131n kar\u015f\u0131s\u0131nda konumland\u0131r\u0131lmas\u0131 ve Marksizme bir cevap olarak sunulmas\u0131 sosyolojik teoriyi<span class=\"excerpt-hellip\"> [\u2026]<\/span><\/p>\n","protected":false},"featured_media":0,"template":"","meta":{"_monsterinsights_skip_tracking":false,"_monsterinsights_sitenote_active":false,"_monsterinsights_sitenote_note":"","_monsterinsights_sitenote_category":0},"product_brand":[],"product_cat":[12351,12324],"product_tag":[],"class_list":{"0":"post-690394","1":"product","2":"type-product","3":"status-publish","5":"product_cat-siyaset-sosyolojisi","6":"product_cat-sosyoloji","7":"pa_cilt-ciltsiz","8":"pa_tur-kitap","9":"pa_yayinevi-ayrinti-yayinlari","10":"pa_yazar-lutfi-sunar","12":"first","13":"instock","14":"sale","15":"shipping-taxable","16":"purchasable","17":"product-type-simple"},"_links":{"self":[{"href":"https:\/\/roveyayinevi.com.tr\/index.php\/wp-json\/wp\/v2\/product\/690394","targetHints":{"allow":["GET"]}}],"collection":[{"href":"https:\/\/roveyayinevi.com.tr\/index.php\/wp-json\/wp\/v2\/product"}],"about":[{"href":"https:\/\/roveyayinevi.com.tr\/index.php\/wp-json\/wp\/v2\/types\/product"}],"wp:attachment":[{"href":"https:\/\/roveyayinevi.com.tr\/index.php\/wp-json\/wp\/v2\/media?parent=690394"}],"wp:term":[{"taxonomy":"product_brand","embeddable":true,"href":"https:\/\/roveyayinevi.com.tr\/index.php\/wp-json\/wp\/v2\/product_brand?post=690394"},{"taxonomy":"product_cat","embeddable":true,"href":"https:\/\/roveyayinevi.com.tr\/index.php\/wp-json\/wp\/v2\/product_cat?post=690394"},{"taxonomy":"product_tag","embeddable":true,"href":"https:\/\/roveyayinevi.com.tr\/index.php\/wp-json\/wp\/v2\/product_tag?post=690394"}],"curies":[{"name":"wp","href":"https:\/\/api.w.org\/{rel}","templated":true}]}}