{"id":690393,"date":"2025-08-27T13:51:26","date_gmt":"2025-08-27T10:51:26","guid":{"rendered":"https:\/\/roveyayinevi.com.tr\/index.php\/urun\/gizemli-buzullar-kitasi-antarktika-ve-patagonyaya-yolculuk\/"},"modified":"2026-04-16T01:59:55","modified_gmt":"2026-04-15T22:59:55","slug":"gizemli-buzullar-kitasi-antarktika-ve-patagonyaya-yolculuk","status":"publish","type":"product","link":"https:\/\/roveyayinevi.com.tr\/index.php\/urun\/gizemli-buzullar-kitasi-antarktika-ve-patagonyaya-yolculuk\/","title":{"rendered":"Gizemli Buzullar K\u0131tas\u0131 Antarktika ve Patagonya\u2019ya Yolculuk"},"content":{"rendered":"<p>Gezi tutkunu sevgili dostlar\u0131m, merhaba! Yine bize yol g\u00f6r\u00fcnd\u00fc. Bu kez, gizemli buzullar k\u0131tas\u0131 Antarktika ve Patagonya\u2019ya gidiyoruz. Sizlere, gezi tutkunu dememi yad\u0131rgamay\u0131n. E\u011fer \u00f6yle olmasa elinizdeki kitab\u0131 okumaya giri\u015fir miydiniz? Antarktika\u2019y\u0131 gezerken, bir\u00e7ok kez kam\u00e7\u0131 yemi\u015f gibi sars\u0131ld\u0131m. G\u00f6rd\u00fcklerim, duyduklar\u0131m bazen g\u00f6kku\u015fa\u011f\u0131n\u0131n \u0131\u015f\u0131lt\u0131l\u0131 renkleriyle, bazen de kas\u0131rga sertli\u011fiyle varl\u0131\u011f\u0131m\u0131 ku\u015fatt\u0131. \u015eimdi sizlere, bu g\u00f6z kama\u015ft\u0131r\u0131c\u0131 geziyi en ba\u015f\u0131ndan; ac\u0131, tatl\u0131, g\u00fcl\u00fcn\u00e7, \u015fa\u015f\u0131rt\u0131c\u0131 ve yer yer \u00fcrk\u00fct\u00fcc\u00fc y\u00f6nleriyle anlatmaya ba\u015fl\u0131yorum&#8230; <\/p>\n","protected":false},"excerpt":{"rendered":"<p>Gezi tutkunu sevgili dostlar\u0131m, merhaba! Yine bize yol g\u00f6r\u00fcnd\u00fc. Bu kez, gizemli buzullar k\u0131tas\u0131 Antarktika ve Patagonya\u2019ya gidiyoruz. Sizlere, gezi tutkunu dememi yad\u0131rgamay\u0131n. E\u011fer \u00f6yle olmasa<span class=\"excerpt-hellip\"> [\u2026]<\/span><\/p>\n","protected":false},"featured_media":0,"template":"","meta":{"_monsterinsights_skip_tracking":false,"_monsterinsights_sitenote_active":false,"_monsterinsights_sitenote_note":"","_monsterinsights_sitenote_category":0},"product_brand":[],"product_cat":[13055,13054],"product_tag":[],"class_list":{"0":"post-690393","1":"product","2":"type-product","3":"status-publish","5":"product_cat-gezi-rehberi","6":"product_cat-gezi-ve-rehber-kitaplari","7":"pa_tur-kitap","8":"pa_yayinevi-altin-kitaplar-cocuk-kitaplari","9":"pa_yazar-gulten-dayioglu","11":"first","12":"instock","13":"sale","14":"shipping-taxable","15":"purchasable","16":"product-type-simple"},"_links":{"self":[{"href":"https:\/\/roveyayinevi.com.tr\/index.php\/wp-json\/wp\/v2\/product\/690393","targetHints":{"allow":["GET"]}}],"collection":[{"href":"https:\/\/roveyayinevi.com.tr\/index.php\/wp-json\/wp\/v2\/product"}],"about":[{"href":"https:\/\/roveyayinevi.com.tr\/index.php\/wp-json\/wp\/v2\/types\/product"}],"wp:attachment":[{"href":"https:\/\/roveyayinevi.com.tr\/index.php\/wp-json\/wp\/v2\/media?parent=690393"}],"wp:term":[{"taxonomy":"product_brand","embeddable":true,"href":"https:\/\/roveyayinevi.com.tr\/index.php\/wp-json\/wp\/v2\/product_brand?post=690393"},{"taxonomy":"product_cat","embeddable":true,"href":"https:\/\/roveyayinevi.com.tr\/index.php\/wp-json\/wp\/v2\/product_cat?post=690393"},{"taxonomy":"product_tag","embeddable":true,"href":"https:\/\/roveyayinevi.com.tr\/index.php\/wp-json\/wp\/v2\/product_tag?post=690393"}],"curies":[{"name":"wp","href":"https:\/\/api.w.org\/{rel}","templated":true}]}}