{"id":690388,"date":"2025-08-27T13:51:25","date_gmt":"2025-08-27T10:51:25","guid":{"rendered":"https:\/\/roveyayinevi.com.tr\/index.php\/urun\/farafarafilli-2\/"},"modified":"2026-04-16T01:59:55","modified_gmt":"2026-04-15T22:59:55","slug":"farafarafilli-2","status":"publish","type":"product","link":"https:\/\/roveyayinevi.com.tr\/index.php\/urun\/farafarafilli-2\/","title":{"rendered":"Farafarafilli &#8211; 2"},"content":{"rendered":"<p>G\u00fclmek mi istersiniz, d\u00fc\u015f\u00fcnmek mi? \u0130kisini ayn\u0131 anda yapmaya ne dersiniz? \u0130\u015fte size \u00fc\u00e7 kitap&#8230; Farafarafilli sizi g\u00fclerken d\u00fc\u015f\u00fcnd\u00fcrecek, d\u00fc\u015f\u00fcn\u00fcrken g\u00fcld\u00fcrecek Haz\u0131r m\u0131s\u0131n\u0131z? <\/p>\n","protected":false},"excerpt":{"rendered":"<p>G\u00fclmek mi istersiniz, d\u00fc\u015f\u00fcnmek mi? \u0130kisini ayn\u0131 anda yapmaya ne dersiniz? \u0130\u015fte size \u00fc\u00e7 kitap&#8230; Farafarafilli sizi g\u00fclerken d\u00fc\u015f\u00fcnd\u00fcrecek, d\u00fc\u015f\u00fcn\u00fcrken g\u00fcld\u00fcrecek Haz\u0131r m\u0131s\u0131n\u0131z?<\/p>\n","protected":false},"featured_media":0,"template":"","meta":{"_monsterinsights_skip_tracking":false,"_monsterinsights_sitenote_active":false,"_monsterinsights_sitenote_note":"","_monsterinsights_sitenote_category":0},"product_brand":[],"product_cat":[12492,12274],"product_tag":[],"class_list":{"0":"post-690388","1":"product","2":"type-product","3":"status-publish","5":"product_cat-bilmece-bulmaca","6":"product_cat-cocuk-ve-genclik-kitaplari","7":"pa_tur-kitap","8":"pa_yayinevi-altin-kitaplar-cocuk-kitaplari","9":"pa_yazar-nur-icozu","11":"first","12":"instock","13":"sale","14":"shipping-taxable","15":"purchasable","16":"product-type-simple"},"_links":{"self":[{"href":"https:\/\/roveyayinevi.com.tr\/index.php\/wp-json\/wp\/v2\/product\/690388","targetHints":{"allow":["GET"]}}],"collection":[{"href":"https:\/\/roveyayinevi.com.tr\/index.php\/wp-json\/wp\/v2\/product"}],"about":[{"href":"https:\/\/roveyayinevi.com.tr\/index.php\/wp-json\/wp\/v2\/types\/product"}],"wp:attachment":[{"href":"https:\/\/roveyayinevi.com.tr\/index.php\/wp-json\/wp\/v2\/media?parent=690388"}],"wp:term":[{"taxonomy":"product_brand","embeddable":true,"href":"https:\/\/roveyayinevi.com.tr\/index.php\/wp-json\/wp\/v2\/product_brand?post=690388"},{"taxonomy":"product_cat","embeddable":true,"href":"https:\/\/roveyayinevi.com.tr\/index.php\/wp-json\/wp\/v2\/product_cat?post=690388"},{"taxonomy":"product_tag","embeddable":true,"href":"https:\/\/roveyayinevi.com.tr\/index.php\/wp-json\/wp\/v2\/product_tag?post=690388"}],"curies":[{"name":"wp","href":"https:\/\/api.w.org\/{rel}","templated":true}]}}