{"id":690385,"date":"2025-08-27T13:51:25","date_gmt":"2025-08-27T10:51:25","guid":{"rendered":"https:\/\/roveyayinevi.com.tr\/index.php\/urun\/medya-ve-demokrasi\/"},"modified":"2026-04-16T01:59:55","modified_gmt":"2026-04-15T22:59:55","slug":"medya-ve-demokrasi","status":"publish","type":"product","link":"https:\/\/roveyayinevi.com.tr\/index.php\/urun\/medya-ve-demokrasi\/","title":{"rendered":"Medya ve Demokrasi"},"content":{"rendered":"<p>Bu kitapta, demokrasi kuram\u0131na yapt\u0131\u011f\u0131 katk\u0131larla ilgi \u00e7eken Avustralyal\u0131 d\u00fc\u015f\u00fcn\u00fcr John Keane, medyalar ile demokrasi aras\u0131ndaki ili\u015fkiyi ele alarak, g\u00fcn\u00fcm\u00fczde ya\u015famsal bir \u00f6nem kazanm\u0131\u015f olan bir dizi soruya yan\u0131t ar\u0131yor: Bas\u0131n \u00f6zg\u00fcrl\u00fc\u011f\u00fc ideali nas\u0131l olu\u015ftu? Bu ideal, medya holdinglerinin k\u00fcresel elektronik imparatorluklar kurdu\u011fu g\u00fcn\u00fcm\u00fczde h\u00e2l\u00e2 ge\u00e7erli mi? Yeni ileti\u015fim teknolojileri bu idealin ger\u00e7ekle\u015fmesini kolayla\u015ft\u0131r\u0131yor mu yoksa zorla\u015ft\u0131r\u0131yor mu? Yirminci y\u00fczy\u0131l sona ererken, yurtta\u015flar\u0131n hem \u00f6zg\u00fcr hem de e\u015fit olarak kat\u0131labilecekleri bir ileti\u015fim d\u00fczeni m\u00fcmk\u00fcn m\u00fc? \u00d6zellikle sivil toplum konusunda yapt\u0131\u011f\u0131 \u00e7al\u0131\u015fmalarla tan\u0131nm\u0131\u015f olan yazar, bu sorulara yan\u0131t ararken BBC gibi se\u00e7kinci kamu hizmeti modellerini ele\u015ftirdi\u011fi gibi, son y\u0131llarda t\u00fcm d\u00fcnyada egemen g\u00f6r\u00fc\u015f haline gelen pazar liberalizminin de \u00e7eli\u015fki ve eksiklerini g\u00f6z \u00f6n\u00fcne seriyor. Keane, pazar feti\u015fizminin ileti\u015fim alan\u0131nda ger\u00e7ek bir se\u00e7im \u00f6zg\u00fcrl\u00fc\u011f\u00fc yaratmak yerine, se\u00e7enekleri azaltt\u0131\u011f\u0131n\u0131 \u00f6ne s\u00fcrerek, pazard\u0131\u015f\u0131 ve devletd\u0131\u015f\u0131 medyalar\u0131n demokrasi a\u00e7\u0131s\u0131ndan \u00f6nemini vurguluyor. Medya ve Demokrasi \u00e7a\u011f\u0131m\u0131z\u0131n en \u00f6nemli sorunlar\u0131n\u0131 so\u011fukkanl\u0131l\u0131kla ve derin bir bilgi temeli \u00fczerinde ele alan; \u00fclkemizde bir k\u00f6r d\u00f6v\u00fc\u015f\u00fc halinde s\u00fcrmekte olan yeni ileti\u015fim d\u00fczeni tart\u0131\u015fmalar\u0131na \u00f6zg\u00fcn katk\u0131lar bir deneme<\/p>\n","protected":false},"excerpt":{"rendered":"<p>Bu kitapta, demokrasi kuram\u0131na yapt\u0131\u011f\u0131 katk\u0131larla ilgi \u00e7eken Avustralyal\u0131 d\u00fc\u015f\u00fcn\u00fcr John Keane, medyalar ile demokrasi aras\u0131ndaki ili\u015fkiyi ele alarak, g\u00fcn\u00fcm\u00fczde ya\u015famsal bir \u00f6nem kazanm\u0131\u015f olan bir<span class=\"excerpt-hellip\"> [\u2026]<\/span><\/p>\n","protected":false},"featured_media":0,"template":"","meta":{"_monsterinsights_skip_tracking":false,"_monsterinsights_sitenote_active":false,"_monsterinsights_sitenote_note":"","_monsterinsights_sitenote_category":0},"product_brand":[],"product_cat":[12338,12337],"product_tag":[],"class_list":{"0":"post-690385","1":"product","2":"type-product","3":"status-publish","5":"product_cat-dunya-siyaseti-ve-politikasi","6":"product_cat-politika-siyaset","7":"pa_cilt-ciltsiz","8":"pa_tur-kitap","9":"pa_yayinevi-ayrinti-yayinlari","10":"pa_yazar-john-keane","12":"first","13":"instock","14":"sale","15":"shipping-taxable","16":"purchasable","17":"product-type-simple"},"_links":{"self":[{"href":"https:\/\/roveyayinevi.com.tr\/index.php\/wp-json\/wp\/v2\/product\/690385","targetHints":{"allow":["GET"]}}],"collection":[{"href":"https:\/\/roveyayinevi.com.tr\/index.php\/wp-json\/wp\/v2\/product"}],"about":[{"href":"https:\/\/roveyayinevi.com.tr\/index.php\/wp-json\/wp\/v2\/types\/product"}],"wp:attachment":[{"href":"https:\/\/roveyayinevi.com.tr\/index.php\/wp-json\/wp\/v2\/media?parent=690385"}],"wp:term":[{"taxonomy":"product_brand","embeddable":true,"href":"https:\/\/roveyayinevi.com.tr\/index.php\/wp-json\/wp\/v2\/product_brand?post=690385"},{"taxonomy":"product_cat","embeddable":true,"href":"https:\/\/roveyayinevi.com.tr\/index.php\/wp-json\/wp\/v2\/product_cat?post=690385"},{"taxonomy":"product_tag","embeddable":true,"href":"https:\/\/roveyayinevi.com.tr\/index.php\/wp-json\/wp\/v2\/product_tag?post=690385"}],"curies":[{"name":"wp","href":"https:\/\/api.w.org\/{rel}","templated":true}]}}