{"id":690383,"date":"2025-08-27T13:51:24","date_gmt":"2025-08-27T10:51:24","guid":{"rendered":"https:\/\/roveyayinevi.com.tr\/index.php\/urun\/marksizm-ve-dil-felsefesi\/"},"modified":"2026-04-16T01:59:55","modified_gmt":"2026-04-15T22:59:55","slug":"marksizm-ve-dil-felsefesi","status":"publish","type":"product","link":"https:\/\/roveyayinevi.com.tr\/index.php\/urun\/marksizm-ve-dil-felsefesi\/","title":{"rendered":"Marksizm ve Dil Felsefesi"},"content":{"rendered":"<p>Marksizm ve Dil Felsefesi d\u00fc\u015f\u00fcnce tarihinin \u00e7\u0131\u011f\u0131r a\u00e7an yap\u0131tlar\u0131ndan biridir. Hem Marksist d\u00fc\u015f\u00fcnce i\u00e7inde hem de dilbilimde vazge\u00e7ilmez bir k\u00f6\u015fe ta\u015f\u0131d\u0131r. Marx\u2019a g\u00f6re insanlar tarihini kendileri yapar, ama can\u0131 istedi\u011fi gibi, kendi se\u00e7ti\u011fi ko\u015fullarda de\u011fil; do\u011frudan kar\u015f\u0131s\u0131na \u00e7\u0131kan, verili olan ve ge\u00e7mi\u015ften devral\u0131nan ko\u015fullarda yapar. Ge\u00e7mi\u015f t\u00fcm ku\u015faklar\u0131n gelene\u011fi, ya\u015fayanlar\u0131n hayat\u0131na bir kabus gibi \u00e7\u00f6ker saptamas\u0131n\u0131 dilde temellendiren Volo\u015finov\u2019dur. Yazara g\u00f6re dili de insanlar yapar; ama yine, can\u0131 istedi\u011fi gibi de\u011fil, verili \u015fartlar i\u00e7inde yapar. \u0130nsanlar dili kullan\u0131rken, dil de insanlar\u0131 kullan\u0131r ya da bi\u00e7imlendirir. D\u00fc\u015f\u00fcnceyi ve insan\u0131 total\u2019in i\u00e7inde eritmeyi hedefleyen bir d\u00f6nemde yaz\u0131lan bu kitap, dilbilimin yan\u0131 s\u0131ra edebiyat, psikoloji antropoloji gibi alanlarda da b\u00fcy\u00fck etkiler yaratm\u0131\u015ft\u0131r. \ufffcTan\u0131t\u0131m Metni<\/p>\n","protected":false},"excerpt":{"rendered":"<p>Marksizm ve Dil Felsefesi d\u00fc\u015f\u00fcnce tarihinin \u00e7\u0131\u011f\u0131r a\u00e7an yap\u0131tlar\u0131ndan biridir. Hem Marksist d\u00fc\u015f\u00fcnce i\u00e7inde hem de dilbilimde vazge\u00e7ilmez bir k\u00f6\u015fe ta\u015f\u0131d\u0131r. Marx\u2019a g\u00f6re insanlar tarihini kendileri<span class=\"excerpt-hellip\"> [\u2026]<\/span><\/p>\n","protected":false},"featured_media":0,"template":"","meta":{"_monsterinsights_skip_tracking":false,"_monsterinsights_sitenote_active":false,"_monsterinsights_sitenote_note":"","_monsterinsights_sitenote_category":0},"product_brand":[],"product_cat":[12835,12324],"product_tag":[],"class_list":{"0":"post-690383","1":"product","2":"type-product","3":"status-publish","5":"product_cat-genel-sosyoloji","6":"product_cat-sosyoloji","7":"pa_cilt-ciltsiz","8":"pa_tur-kitap","9":"pa_yayinevi-ayrinti-yayinlari","10":"pa_yazar-valentin-nikolayevic-volosinov","12":"first","13":"instock","14":"sale","15":"shipping-taxable","16":"purchasable","17":"product-type-simple"},"_links":{"self":[{"href":"https:\/\/roveyayinevi.com.tr\/index.php\/wp-json\/wp\/v2\/product\/690383","targetHints":{"allow":["GET"]}}],"collection":[{"href":"https:\/\/roveyayinevi.com.tr\/index.php\/wp-json\/wp\/v2\/product"}],"about":[{"href":"https:\/\/roveyayinevi.com.tr\/index.php\/wp-json\/wp\/v2\/types\/product"}],"wp:attachment":[{"href":"https:\/\/roveyayinevi.com.tr\/index.php\/wp-json\/wp\/v2\/media?parent=690383"}],"wp:term":[{"taxonomy":"product_brand","embeddable":true,"href":"https:\/\/roveyayinevi.com.tr\/index.php\/wp-json\/wp\/v2\/product_brand?post=690383"},{"taxonomy":"product_cat","embeddable":true,"href":"https:\/\/roveyayinevi.com.tr\/index.php\/wp-json\/wp\/v2\/product_cat?post=690383"},{"taxonomy":"product_tag","embeddable":true,"href":"https:\/\/roveyayinevi.com.tr\/index.php\/wp-json\/wp\/v2\/product_tag?post=690383"}],"curies":[{"name":"wp","href":"https:\/\/api.w.org\/{rel}","templated":true}]}}