{"id":690382,"date":"2025-08-27T13:51:24","date_gmt":"2025-08-27T10:51:24","guid":{"rendered":"https:\/\/roveyayinevi.com.tr\/index.php\/urun\/maddesiz\/"},"modified":"2026-04-16T01:59:55","modified_gmt":"2026-04-15T22:59:55","slug":"maddesiz","status":"publish","type":"product","link":"https:\/\/roveyayinevi.com.tr\/index.php\/urun\/maddesiz\/","title":{"rendered":"Maddesiz"},"content":{"rendered":"<p>Maddesiz iktisat \u00e7a\u011f\u0131n\u0131n ana \u00e7at\u0131\u015fma hedefi, insan\u0131n b\u00fct\u00fcn g\u00fc\u00e7lerinin, \u00f6nceden saptanm\u0131\u015f hi\u00e7bir \u00f6l\u00e7\u00fc dikkate al\u0131nmadan, mevcut halleriyle geli\u015fimi dir. Bilgiye, k\u00fclt\u00fcre evrensel ve s\u0131n\u0131rs\u0131z eri\u015fim hakk\u0131d\u0131r. Sermayenin bilgiyi ve k\u00fclt\u00fcr\u00fc onlara sahip \u00e7\u0131k\u0131p ara\u00e7salla\u015ft\u0131rmas\u0131na izin vermemektir. \ufffcTan\u0131t\u0131m Metni<\/p>\n","protected":false},"excerpt":{"rendered":"<p>Maddesiz iktisat \u00e7a\u011f\u0131n\u0131n ana \u00e7at\u0131\u015fma hedefi, insan\u0131n b\u00fct\u00fcn g\u00fc\u00e7lerinin, \u00f6nceden saptanm\u0131\u015f hi\u00e7bir \u00f6l\u00e7\u00fc dikkate al\u0131nmadan, mevcut halleriyle geli\u015fimi dir. Bilgiye, k\u00fclt\u00fcre evrensel ve s\u0131n\u0131rs\u0131z eri\u015fim hakk\u0131d\u0131r.<span class=\"excerpt-hellip\"> [\u2026]<\/span><\/p>\n","protected":false},"featured_media":0,"template":"","meta":{"_monsterinsights_skip_tracking":false,"_monsterinsights_sitenote_active":false,"_monsterinsights_sitenote_note":"","_monsterinsights_sitenote_category":0},"product_brand":[],"product_cat":[12337,14706],"product_tag":[],"class_list":{"0":"post-690382","1":"product","2":"type-product","3":"status-publish","5":"product_cat-politika-siyaset","6":"product_cat-siyaset-bilimi","7":"pa_cilt-ciltsiz","8":"pa_tur-kitap","9":"pa_yayinevi-ayrinti-yayinlari","10":"pa_yazar-andre-gorz","12":"first","13":"instock","14":"sale","15":"shipping-taxable","16":"purchasable","17":"product-type-simple"},"_links":{"self":[{"href":"https:\/\/roveyayinevi.com.tr\/index.php\/wp-json\/wp\/v2\/product\/690382","targetHints":{"allow":["GET"]}}],"collection":[{"href":"https:\/\/roveyayinevi.com.tr\/index.php\/wp-json\/wp\/v2\/product"}],"about":[{"href":"https:\/\/roveyayinevi.com.tr\/index.php\/wp-json\/wp\/v2\/types\/product"}],"wp:attachment":[{"href":"https:\/\/roveyayinevi.com.tr\/index.php\/wp-json\/wp\/v2\/media?parent=690382"}],"wp:term":[{"taxonomy":"product_brand","embeddable":true,"href":"https:\/\/roveyayinevi.com.tr\/index.php\/wp-json\/wp\/v2\/product_brand?post=690382"},{"taxonomy":"product_cat","embeddable":true,"href":"https:\/\/roveyayinevi.com.tr\/index.php\/wp-json\/wp\/v2\/product_cat?post=690382"},{"taxonomy":"product_tag","embeddable":true,"href":"https:\/\/roveyayinevi.com.tr\/index.php\/wp-json\/wp\/v2\/product_tag?post=690382"}],"curies":[{"name":"wp","href":"https:\/\/api.w.org\/{rel}","templated":true}]}}