{"id":690381,"date":"2025-08-27T13:51:24","date_gmt":"2025-08-27T10:51:24","guid":{"rendered":"https:\/\/roveyayinevi.com.tr\/index.php\/urun\/limon-masasi\/"},"modified":"2026-04-16T01:59:55","modified_gmt":"2026-04-15T22:59:55","slug":"limon-masasi","status":"publish","type":"product","link":"https:\/\/roveyayinevi.com.tr\/index.php\/urun\/limon-masasi\/","title":{"rendered":"Limon Masas\u0131"},"content":{"rendered":"<p>Julian Barnes, ikinci \u00f6yk\u00fc derlemesi Limon Masas\u0131\u2019nda, Man\u015f \u00d6tesi\u2019nde ele ald\u0131\u011f\u0131 ya\u015flanma ve \u00f6l\u00fcm temalar\u0131n\u0131, insano\u011flunun \u00f6l\u00fcml\u00fcl\u00fck kar\u015f\u0131s\u0131ndaki tavr\u0131n\u0131 bir kez daha te\u015frih masas\u0131na yat\u0131r\u0131yor. T\u00fcm\u00fc de ya\u015flanma ve \u00f6l\u00fcm saplant\u0131s\u0131n\u0131 derinlemesine ya\u015fayan kahramanlar\u0131, \u00e7ok farkl\u0131 konumlar, co\u011frafyalar ve tarihler i\u00e7inde bir bir sahneye \u00e7\u0131k\u0131yor. Barnes\u2019\u0131n karakterleri hen\u00fcz ya\u015fama, sevme, yalan s\u00f6yleme, birilerini kand\u0131rma yeteneklerini b\u00fct\u00fcn\u00fcyle yitirmi\u015f de\u011filler, ancak hayatlar\u0131n\u0131n sonunda art\u0131k sahip olamad\u0131klar\u0131 \u015feyleri kavrad\u0131klar\u0131ndan burukluk i\u00e7indeler.  Hayat\u0131n\u0131 farkl\u0131 vakitlerdeki sa\u00e7 kestirme ya\u015fant\u0131lar\u0131na g\u00f6re \u00f6l\u00e7en bir anlat\u0131c\u0131; ya\u015fam\u0131n\u0131 \u201cvazge\u00e7i\u015f\u201d \u00fczerine temellendirmenin zorunlulu\u011funu kabullenmi\u015f \u00fcnl\u00fc bir Rus yazar; bir ya\u015fl\u0131lar yurdunda kalan ve elinizdeki kitab\u0131n yazar\u0131na \u201cSevgili Dr Barnes\u201d hitab\u0131yla u\u00e7uk mektuplar yazan bir kad\u0131n; kafas\u0131n\u0131 konserlerde \u00e7\u0131kar\u0131lan g\u00fcr\u00fclt\u00fclere fena halde takm\u0131\u015f bir m\u00fcziksever; alzheimer hastas\u0131 kocas\u0131na son derece ayr\u0131nt\u0131l\u0131 yemek tarifleri okuyup duran ve hakaretlere maruz kalan bir kad\u0131n; anne babas\u0131n\u0131n \u00e7\u00f6kmekte olan evliliklerine tan\u0131kl\u0131k edip evlilik kavram\u0131n\u0131 sorgulayan orta ya\u015fl\u0131 bir \u0130ngiliz; hayatta ayakta kal\u0131\u015f\u0131n\u0131 ba\u015fkalar\u0131n\u0131n \u00f6l\u00fcmlerine bor\u00e7lu oldu\u011funu kavram\u0131\u015f olan \u0130sve\u00e7li bir kereste t\u00fcccar\u0131; bir kafede bulu\u015fup ge\u00e7mi\u015fi anmay\u0131 al\u0131\u015fkanl\u0131k haline getirmi\u015f, ama birbirlerini asla anlayamayan iki ya\u015fl\u0131 kad\u0131n; kar\u0131s\u0131n\u0131n eline tutu\u015fturdu\u011fu al\u0131\u015fveri\u015f listesiyle Londra\u2019ya her geli\u015finde bir hayat kad\u0131n\u0131n\u0131 s\u00fcrekli olarak g\u00f6rmekten geri kalmayan emekli bir asker ve son olarak da, g\u00fcn\u00fcn birinde \u201climon masas\u0131na\u201d oturman\u0131n zorunlulu\u011funu g\u00f6r\u00fcp en b\u00fcy\u00fck m\u00fczik olan sessizli\u011fi se\u00e7en Finli \u00fcnl\u00fc bir besteci. Zira limon, \u00c7inlilere g\u00f6re \u00f6l\u00fcm\u00fcn simgesidir. Limon Masas\u0131 da bir restoranda, oturuldu\u011funda \u00f6l\u00fcmden konu\u015fman\u0131n zorunlu hale geldi\u011fi bir masa&#8230;   Julian Barnes Limon Masas\u0131\u2019nda ya\u015fl\u0131l\u0131\u011f\u0131n getirdi\u011fi buruklukla ilgili bir dizi \u00f6yk\u00fc sunuyor. \u00dcstelik \u00f6yle i\u00e7 bay\u0131c\u0131 bir duygusall\u0131\u011fa d\u00fc\u015fmeksizin\u2026 Moral bozucu bir konu, diye d\u00fc\u015f\u00fcnebilirsiniz; ancak kasvetli olmas\u0131 beklenen bu \u00f6yk\u00fcler, Barnes\u2019\u0131n so\u011fukkanl\u0131 kavray\u0131\u015f\u0131yla billurla\u015ft\u0131klar\u0131ndan, co\u015fkulu ve canland\u0131r\u0131c\u0131. Daily Telegraph  <\/p>\n","protected":false},"excerpt":{"rendered":"<p>Julian Barnes, ikinci \u00f6yk\u00fc derlemesi Limon Masas\u0131\u2019nda, Man\u015f \u00d6tesi\u2019nde ele ald\u0131\u011f\u0131 ya\u015flanma ve \u00f6l\u00fcm temalar\u0131n\u0131, insano\u011flunun \u00f6l\u00fcml\u00fcl\u00fck kar\u015f\u0131s\u0131ndaki tavr\u0131n\u0131 bir kez daha te\u015frih masas\u0131na yat\u0131r\u0131yor. T\u00fcm\u00fc<span class=\"excerpt-hellip\"> [\u2026]<\/span><\/p>\n","protected":false},"featured_media":0,"template":"","meta":{"_monsterinsights_skip_tracking":false,"_monsterinsights_sitenote_active":false,"_monsterinsights_sitenote_note":"","_monsterinsights_sitenote_category":0},"product_brand":[],"product_cat":[12291,12866],"product_tag":[],"class_list":{"0":"post-690381","1":"product","2":"type-product","3":"status-publish","5":"product_cat-edebiyat","6":"product_cat-ingiliz-edebiyati","7":"pa_cilt-ciltsiz","8":"pa_tur-kitap","9":"pa_yayinevi-ayrinti-yayinlari","10":"pa_yazar-julian-barnes","12":"first","13":"instock","14":"sale","15":"shipping-taxable","16":"purchasable","17":"product-type-simple"},"_links":{"self":[{"href":"https:\/\/roveyayinevi.com.tr\/index.php\/wp-json\/wp\/v2\/product\/690381","targetHints":{"allow":["GET"]}}],"collection":[{"href":"https:\/\/roveyayinevi.com.tr\/index.php\/wp-json\/wp\/v2\/product"}],"about":[{"href":"https:\/\/roveyayinevi.com.tr\/index.php\/wp-json\/wp\/v2\/types\/product"}],"wp:attachment":[{"href":"https:\/\/roveyayinevi.com.tr\/index.php\/wp-json\/wp\/v2\/media?parent=690381"}],"wp:term":[{"taxonomy":"product_brand","embeddable":true,"href":"https:\/\/roveyayinevi.com.tr\/index.php\/wp-json\/wp\/v2\/product_brand?post=690381"},{"taxonomy":"product_cat","embeddable":true,"href":"https:\/\/roveyayinevi.com.tr\/index.php\/wp-json\/wp\/v2\/product_cat?post=690381"},{"taxonomy":"product_tag","embeddable":true,"href":"https:\/\/roveyayinevi.com.tr\/index.php\/wp-json\/wp\/v2\/product_tag?post=690381"}],"curies":[{"name":"wp","href":"https:\/\/api.w.org\/{rel}","templated":true}]}}