{"id":690378,"date":"2025-08-27T13:51:23","date_gmt":"2025-08-27T10:51:23","guid":{"rendered":"https:\/\/roveyayinevi.com.tr\/index.php\/urun\/gunleri-gidikla-sapsu\/"},"modified":"2026-04-16T01:59:54","modified_gmt":"2026-04-15T22:59:54","slug":"gunleri-gidikla-sapsu","status":"publish","type":"product","link":"https:\/\/roveyayinevi.com.tr\/index.php\/urun\/gunleri-gidikla-sapsu\/","title":{"rendered":"G\u00fcnleri G\u0131d\u0131kla \u015eap\u015fu"},"content":{"rendered":"<p>\u015eu Kesirli Kral var ya, B\u0131kt\u0131m ondan! Babam\u0131 \u00f6zledi\u011fim yetmezmi\u015f gibi bir de o \u00e7\u0131kt\u0131 ba\u015f\u0131ma. Kesirli kral kim mi? S\u0131n\u0131f\u0131m\u0131za yeni gelen, s\u0131ra arkada\u015f\u0131m U\u011fur. Huysuzun teki! S\u0131ran\u0131n ortas\u0131na k\u0131rm\u0131z\u0131 tebe\u015firle \u00e7izgi \u00e7iziyor. S\u0131n\u0131r \u00e7izgisiymi\u015f o&#8230; Hem oturdu\u011fumuz yere, hem de masaya \u00e7iziyor. \u00c7izgiyi ge\u00e7ersem kalemle d\u00fcrt\u00fcyor beni. S\u0131ran\u0131n yar\u0131s\u0131, onun \u00fclkesiymi\u015f. Ne \u00fclke ama, h\u0131h! \u015eu altm\u0131\u015f g\u00fcn bir ge\u00e7se&#8230; Babam eve bir d\u00f6nse&#8230;  G\u00fcnleri Sayma, G\u0131d\u0131kla \u015eap\u015fu!  diyor annem. G\u00fcnler nas\u0131l g\u0131d\u0131klan\u0131r? \u00c7ok mu s\u00f6ylendim? M\u0131zm\u0131z oldu\u011fumu sanmay\u0131n. Hayal makinesi t\u0131k\u0131r t\u0131k\u0131r \u00e7al\u0131\u015fan, oyuncu mu oyuncu, S\u00f6zc\u00fck \u00c7orbasi\u2019na bay\u0131lan, Pekiyiden Ha Bire Matematik Alan, \u00d6devlerin \u00d6\u011fretmen Vermesinden Hi\u00e7 Ho\u015flanmayan \u015eap\u015fu\u2019yum ben! Elinizdeki roman\u0131n kahraman\u0131 yani&#8230; <\/p>\n","protected":false},"excerpt":{"rendered":"<p>\u015eu Kesirli Kral var ya, B\u0131kt\u0131m ondan! Babam\u0131 \u00f6zledi\u011fim yetmezmi\u015f gibi bir de o \u00e7\u0131kt\u0131 ba\u015f\u0131ma. Kesirli kral kim mi? S\u0131n\u0131f\u0131m\u0131za yeni gelen, s\u0131ra arkada\u015f\u0131m U\u011fur.<span class=\"excerpt-hellip\"> [\u2026]<\/span><\/p>\n","protected":false},"featured_media":0,"template":"","meta":{"_monsterinsights_skip_tracking":false,"_monsterinsights_sitenote_active":false,"_monsterinsights_sitenote_note":"","_monsterinsights_sitenote_category":0},"product_brand":[],"product_cat":[12274,12284],"product_tag":[],"class_list":{"0":"post-690378","1":"product","2":"type-product","3":"status-publish","5":"product_cat-cocuk-ve-genclik-kitaplari","6":"product_cat-hikayeler","7":"pa_tur-kitap","8":"pa_yayinevi-altin-kitaplar-cocuk-kitaplari","9":"pa_yazar-asuman-portakal","11":"first","12":"instock","13":"sale","14":"shipping-taxable","15":"purchasable","16":"product-type-simple"},"_links":{"self":[{"href":"https:\/\/roveyayinevi.com.tr\/index.php\/wp-json\/wp\/v2\/product\/690378","targetHints":{"allow":["GET"]}}],"collection":[{"href":"https:\/\/roveyayinevi.com.tr\/index.php\/wp-json\/wp\/v2\/product"}],"about":[{"href":"https:\/\/roveyayinevi.com.tr\/index.php\/wp-json\/wp\/v2\/types\/product"}],"wp:attachment":[{"href":"https:\/\/roveyayinevi.com.tr\/index.php\/wp-json\/wp\/v2\/media?parent=690378"}],"wp:term":[{"taxonomy":"product_brand","embeddable":true,"href":"https:\/\/roveyayinevi.com.tr\/index.php\/wp-json\/wp\/v2\/product_brand?post=690378"},{"taxonomy":"product_cat","embeddable":true,"href":"https:\/\/roveyayinevi.com.tr\/index.php\/wp-json\/wp\/v2\/product_cat?post=690378"},{"taxonomy":"product_tag","embeddable":true,"href":"https:\/\/roveyayinevi.com.tr\/index.php\/wp-json\/wp\/v2\/product_tag?post=690378"}],"curies":[{"name":"wp","href":"https:\/\/api.w.org\/{rel}","templated":true}]}}