{"id":690377,"date":"2025-08-27T13:51:23","date_gmt":"2025-08-27T10:51:23","guid":{"rendered":"https:\/\/roveyayinevi.com.tr\/index.php\/urun\/guney-pasifik-adalarina-yolculuk\/"},"modified":"2026-04-16T01:59:54","modified_gmt":"2026-04-15T22:59:54","slug":"guney-pasifik-adalarina-yolculuk","status":"publish","type":"product","link":"https:\/\/roveyayinevi.com.tr\/index.php\/urun\/guney-pasifik-adalarina-yolculuk\/","title":{"rendered":"G\u00fcney Pasifik Adalar\u0131\u2019na Yolculuk"},"content":{"rendered":"<p>Sevgili okurlar\u0131m merhaba! Hindistan ve Nepal gezi kitab\u0131ndan bu yana, birbirimizden ayr\u0131 kald\u0131k. Biz gezileri s\u00fcrd\u00fcrd\u00fck ama, gitti\u011fimiz yerlerde, gezi kitab\u0131 yazma co\u015fkusu duymad\u0131m. Bu y\u00fczden de sizlerle gezi izlenimlerimi payla\u015famad\u0131m. Sonunda \u00f6zlem bitti. \u015eimdi sizleri, Okyanusya\u2019ya davet ediyorum. G\u00fcney Pasifik Adalar\u0131 ve Polinezya\u2019da, ilkel kavimler, gizemli ya\u015famlar ve g\u00f6rkemli g\u00fczelliklerle bulu\u015faca\u011f\u0131z. Gezi program\u0131n\u0131 ba\u015ftan vermeyece\u011fim. Ancak bu gezinin, A\u015fk Gemisi olarak adland\u0131r\u0131lan, d\u00fcnyaca \u00fcnl\u00fc transatlantiklerden biriyle yap\u0131ld\u0131\u011f\u0131n\u0131, belirtmekle yetinece\u011fim. Bunun d\u0131\u015f\u0131nda her \u00fclke, her liman, ayr\u0131 bir s\u00fcrpriz olacak. \ufffcTan\u0131t\u0131m Metni<\/p>\n","protected":false},"excerpt":{"rendered":"<p>Sevgili okurlar\u0131m merhaba! Hindistan ve Nepal gezi kitab\u0131ndan bu yana, birbirimizden ayr\u0131 kald\u0131k. Biz gezileri s\u00fcrd\u00fcrd\u00fck ama, gitti\u011fimiz yerlerde, gezi kitab\u0131 yazma co\u015fkusu duymad\u0131m. Bu y\u00fczden<span class=\"excerpt-hellip\"> [\u2026]<\/span><\/p>\n","protected":false},"featured_media":0,"template":"","meta":{"_monsterinsights_skip_tracking":false,"_monsterinsights_sitenote_active":false,"_monsterinsights_sitenote_note":"","_monsterinsights_sitenote_category":0},"product_brand":[],"product_cat":[12274,12284],"product_tag":[],"class_list":{"0":"post-690377","1":"product","2":"type-product","3":"status-publish","5":"product_cat-cocuk-ve-genclik-kitaplari","6":"product_cat-hikayeler","7":"pa_tur-kitap","8":"pa_yayinevi-altin-kitaplar-cocuk-kitaplari","9":"pa_yazar-gulten-dayioglu","11":"first","12":"instock","13":"sale","14":"shipping-taxable","15":"purchasable","16":"product-type-simple"},"_links":{"self":[{"href":"https:\/\/roveyayinevi.com.tr\/index.php\/wp-json\/wp\/v2\/product\/690377","targetHints":{"allow":["GET"]}}],"collection":[{"href":"https:\/\/roveyayinevi.com.tr\/index.php\/wp-json\/wp\/v2\/product"}],"about":[{"href":"https:\/\/roveyayinevi.com.tr\/index.php\/wp-json\/wp\/v2\/types\/product"}],"wp:attachment":[{"href":"https:\/\/roveyayinevi.com.tr\/index.php\/wp-json\/wp\/v2\/media?parent=690377"}],"wp:term":[{"taxonomy":"product_brand","embeddable":true,"href":"https:\/\/roveyayinevi.com.tr\/index.php\/wp-json\/wp\/v2\/product_brand?post=690377"},{"taxonomy":"product_cat","embeddable":true,"href":"https:\/\/roveyayinevi.com.tr\/index.php\/wp-json\/wp\/v2\/product_cat?post=690377"},{"taxonomy":"product_tag","embeddable":true,"href":"https:\/\/roveyayinevi.com.tr\/index.php\/wp-json\/wp\/v2\/product_tag?post=690377"}],"curies":[{"name":"wp","href":"https:\/\/api.w.org\/{rel}","templated":true}]}}