{"id":690375,"date":"2025-08-27T13:51:23","date_gmt":"2025-08-27T10:51:23","guid":{"rendered":"https:\/\/roveyayinevi.com.tr\/index.php\/urun\/ena-mena-dosi\/"},"modified":"2026-04-16T01:59:54","modified_gmt":"2026-04-15T22:59:54","slug":"ena-mena-dosi","status":"publish","type":"product","link":"https:\/\/roveyayinevi.com.tr\/index.php\/urun\/ena-mena-dosi\/","title":{"rendered":"Ena Mena Dosi"},"content":{"rendered":"<p>Hepimiz bir ebru tablosunu olu\u015fturan farkl\u0131 renkleriz. D\u00fcn\u2019\u00fc unutmadan Bug\u00fcn\u2019\u00fc kucaklayarak tablomuza yeni renkler ekleyebiliriz.  Ena Mena Dosi  bu renklerden biri&#8230; D\u00fcn, \u00e7ocuklu\u011fumda ya\u015fad\u0131klar\u0131mla bug\u00fcn, \u00f6yk\u00fclerimdeki \u00e7ocuklar\u0131 bulu\u015fturuyor. <\/p>\n","protected":false},"excerpt":{"rendered":"<p>Hepimiz bir ebru tablosunu olu\u015fturan farkl\u0131 renkleriz. D\u00fcn\u2019\u00fc unutmadan Bug\u00fcn\u2019\u00fc kucaklayarak tablomuza yeni renkler ekleyebiliriz. Ena Mena Dosi bu renklerden biri&#8230; D\u00fcn, \u00e7ocuklu\u011fumda ya\u015fad\u0131klar\u0131mla bug\u00fcn, \u00f6yk\u00fclerimdeki<span class=\"excerpt-hellip\"> [\u2026]<\/span><\/p>\n","protected":false},"featured_media":0,"template":"","meta":{"_monsterinsights_skip_tracking":false,"_monsterinsights_sitenote_active":false,"_monsterinsights_sitenote_note":"","_monsterinsights_sitenote_category":0},"product_brand":[],"product_cat":[12274,12284],"product_tag":[],"class_list":{"0":"post-690375","1":"product","2":"type-product","3":"status-publish","5":"product_cat-cocuk-ve-genclik-kitaplari","6":"product_cat-hikayeler","7":"pa_tur-kitap","8":"pa_yayinevi-altin-kitaplar-cocuk-kitaplari","9":"pa_yazar-nur-icozu","11":"first","12":"instock","13":"sale","14":"shipping-taxable","15":"purchasable","16":"product-type-simple"},"_links":{"self":[{"href":"https:\/\/roveyayinevi.com.tr\/index.php\/wp-json\/wp\/v2\/product\/690375","targetHints":{"allow":["GET"]}}],"collection":[{"href":"https:\/\/roveyayinevi.com.tr\/index.php\/wp-json\/wp\/v2\/product"}],"about":[{"href":"https:\/\/roveyayinevi.com.tr\/index.php\/wp-json\/wp\/v2\/types\/product"}],"wp:attachment":[{"href":"https:\/\/roveyayinevi.com.tr\/index.php\/wp-json\/wp\/v2\/media?parent=690375"}],"wp:term":[{"taxonomy":"product_brand","embeddable":true,"href":"https:\/\/roveyayinevi.com.tr\/index.php\/wp-json\/wp\/v2\/product_brand?post=690375"},{"taxonomy":"product_cat","embeddable":true,"href":"https:\/\/roveyayinevi.com.tr\/index.php\/wp-json\/wp\/v2\/product_cat?post=690375"},{"taxonomy":"product_tag","embeddable":true,"href":"https:\/\/roveyayinevi.com.tr\/index.php\/wp-json\/wp\/v2\/product_tag?post=690375"}],"curies":[{"name":"wp","href":"https:\/\/api.w.org\/{rel}","templated":true}]}}