{"id":690374,"date":"2025-08-27T13:51:23","date_gmt":"2025-08-27T10:51:23","guid":{"rendered":"https:\/\/roveyayinevi.com.tr\/index.php\/urun\/dort-kardestiler\/"},"modified":"2026-04-16T01:59:54","modified_gmt":"2026-04-15T22:59:54","slug":"dort-kardestiler","status":"publish","type":"product","link":"https:\/\/roveyayinevi.com.tr\/index.php\/urun\/dort-kardestiler\/","title":{"rendered":"D\u00f6rt Karde\u015ftiler"},"content":{"rendered":"<p>D\u00f6rt Karde\u015ftiler, ana babalar\u0131n\u0131 art arda yitiren d\u00f6rt karde\u015fin kendi ba\u015flar\u0131na ayakta durma \u00e7abalar\u0131n\u0131 anlatmaktad\u0131r. Renkli bir k\u00f6y ortam\u0131nda ge\u00e7en romanda, sevgi ve \u00f6zveriye dayal\u0131 karde\u015flik ba\u015flar\u0131, \u015fa\u015f\u0131rt\u0131c\u0131 ve zaman zaman da duygu y\u00fckl\u00fc ser\u00fcvenlerle kaleme al\u0131nm\u0131\u015ft\u0131r.Usta yazar G\u00fclten Day\u0131o\u011flu dostluk, karde\u015flik, dayan\u0131\u015fma, \u00f6zveri gibi kavramlarla zenginle\u015ftirdi\u011fi roman\u0131yla \u00e7ocuklara olduk\u00e7a duygusal ve heyecanl\u0131 anlar ya\u015fat\u0131yor.<\/p>\n","protected":false},"excerpt":{"rendered":"<p>D\u00f6rt Karde\u015ftiler, ana babalar\u0131n\u0131 art arda yitiren d\u00f6rt karde\u015fin kendi ba\u015flar\u0131na ayakta durma \u00e7abalar\u0131n\u0131 anlatmaktad\u0131r. Renkli bir k\u00f6y ortam\u0131nda ge\u00e7en romanda, sevgi ve \u00f6zveriye dayal\u0131 karde\u015flik<span class=\"excerpt-hellip\"> [\u2026]<\/span><\/p>\n","protected":false},"featured_media":0,"template":"","meta":{"_monsterinsights_skip_tracking":false,"_monsterinsights_sitenote_active":false,"_monsterinsights_sitenote_note":"","_monsterinsights_sitenote_category":0},"product_brand":[],"product_cat":[12275,12274],"product_tag":[],"class_list":{"0":"post-690374","1":"product","2":"type-product","3":"status-publish","5":"product_cat-6-12-yas-kitaplari","6":"product_cat-cocuk-ve-genclik-kitaplari","7":"pa_cilt-ciltli","8":"pa_tur-kitap","9":"pa_yayinevi-altin-kitaplar-ozel-urun","10":"pa_yazar-gulten-dayioglu","12":"first","13":"instock","14":"sale","15":"shipping-taxable","16":"purchasable","17":"product-type-simple"},"_links":{"self":[{"href":"https:\/\/roveyayinevi.com.tr\/index.php\/wp-json\/wp\/v2\/product\/690374","targetHints":{"allow":["GET"]}}],"collection":[{"href":"https:\/\/roveyayinevi.com.tr\/index.php\/wp-json\/wp\/v2\/product"}],"about":[{"href":"https:\/\/roveyayinevi.com.tr\/index.php\/wp-json\/wp\/v2\/types\/product"}],"wp:attachment":[{"href":"https:\/\/roveyayinevi.com.tr\/index.php\/wp-json\/wp\/v2\/media?parent=690374"}],"wp:term":[{"taxonomy":"product_brand","embeddable":true,"href":"https:\/\/roveyayinevi.com.tr\/index.php\/wp-json\/wp\/v2\/product_brand?post=690374"},{"taxonomy":"product_cat","embeddable":true,"href":"https:\/\/roveyayinevi.com.tr\/index.php\/wp-json\/wp\/v2\/product_cat?post=690374"},{"taxonomy":"product_tag","embeddable":true,"href":"https:\/\/roveyayinevi.com.tr\/index.php\/wp-json\/wp\/v2\/product_tag?post=690374"}],"curies":[{"name":"wp","href":"https:\/\/api.w.org\/{rel}","templated":true}]}}