{"id":690373,"date":"2025-08-27T13:51:22","date_gmt":"2025-08-27T10:51:22","guid":{"rendered":"https:\/\/roveyayinevi.com.tr\/index.php\/urun\/gezgin-dedektifler-macera-pesinde\/"},"modified":"2026-04-16T01:59:54","modified_gmt":"2026-04-15T22:59:54","slug":"gezgin-dedektifler-macera-pesinde","status":"publish","type":"product","link":"https:\/\/roveyayinevi.com.tr\/index.php\/urun\/gezgin-dedektifler-macera-pesinde\/","title":{"rendered":"Gezgin Dedektifler Macera Pe\u015finde"},"content":{"rendered":"<p>Yaz okulunun ba\u015flamas\u0131na birka\u00e7 g\u00fcn kala \u00f6nce Asl\u0131, ard\u0131ndan Ale, Como\u2019ya gelmi\u015flerdi. Ale, bu kez Marco\u2019larda kalacakt\u0131. \u00c7ocuklar yine hep birlikte g\u00fczel bir yaz tatili ge\u00e7irecekleri i\u00e7in \u00e7ok mutluydular. Ancak, beklenmeyen bir haber ve birbiri ard\u0131na meydana gelen tuhaf olaylar dizisi hepsinin kafas\u0131n\u0131 kar\u0131\u015ft\u0131rm\u0131\u015ft\u0131. En b\u00fcy\u00fck s\u00fcrpriz, Komiser Massimo\u2019nun aniden evlenmeye karar vermesiydi. Sonra, ormanda Marco\u2019lar\u0131n evini teleskobuyla g\u00f6zetleyen biri vard\u0131 ve onun kim oldu\u011fu, evi neden g\u00f6zetledi\u011fi tam bir s\u0131rd\u0131. \u0130\u015fte, bu olaylar\u0131n t\u00fcm\u00fc Marco\u2019nun dedektiflik i\u00e7g\u00fcd\u00fcs\u00fcn\u00fc harekete ge\u00e7irmeye yetmi\u015fti. \u015eimdi, k\u00fc\u00e7\u00fck dedektifler bu esrarengiz olaylar\u0131n s\u0131rr\u0131n\u0131 \u00e7\u00f6zmeye can at\u0131yorlard\u0131. Ama \u00f6nce cevaplar\u0131n\u0131 bulmalar\u0131 gereken ba\u015fka sorular vard\u0131. Okul gezisi neden de\u011fi\u015ftirilmi\u015fti? Cenevre\u2019deki kaleyi and\u0131ran misafirhaneye yap\u0131lan yolculu\u011fun ard\u0131ndaki adam neyin pe\u015findeydi? Dedektifler hemen i\u015fe koyuldular. Ama bu kez kendilerini bekleyen tehlikeden habersizdiler. \ufffcTan\u0131t\u0131m Metni<\/p>\n","protected":false},"excerpt":{"rendered":"<p>Yaz okulunun ba\u015flamas\u0131na birka\u00e7 g\u00fcn kala \u00f6nce Asl\u0131, ard\u0131ndan Ale, Como\u2019ya gelmi\u015flerdi. Ale, bu kez Marco\u2019larda kalacakt\u0131. \u00c7ocuklar yine hep birlikte g\u00fczel bir yaz tatili ge\u00e7irecekleri<span class=\"excerpt-hellip\"> [\u2026]<\/span><\/p>\n","protected":false},"featured_media":0,"template":"","meta":{"_monsterinsights_skip_tracking":false,"_monsterinsights_sitenote_active":false,"_monsterinsights_sitenote_note":"","_monsterinsights_sitenote_category":0},"product_brand":[],"product_cat":[12274,12284],"product_tag":[],"class_list":{"0":"post-690373","1":"product","2":"type-product","3":"status-publish","5":"product_cat-cocuk-ve-genclik-kitaplari","6":"product_cat-hikayeler","7":"pa_tur-kitap","8":"pa_yayinevi-altin-kitaplar-ozel-urun","9":"pa_yazar-almila-aydin","11":"first","12":"instock","13":"sale","14":"shipping-taxable","15":"purchasable","16":"product-type-simple"},"_links":{"self":[{"href":"https:\/\/roveyayinevi.com.tr\/index.php\/wp-json\/wp\/v2\/product\/690373","targetHints":{"allow":["GET"]}}],"collection":[{"href":"https:\/\/roveyayinevi.com.tr\/index.php\/wp-json\/wp\/v2\/product"}],"about":[{"href":"https:\/\/roveyayinevi.com.tr\/index.php\/wp-json\/wp\/v2\/types\/product"}],"wp:attachment":[{"href":"https:\/\/roveyayinevi.com.tr\/index.php\/wp-json\/wp\/v2\/media?parent=690373"}],"wp:term":[{"taxonomy":"product_brand","embeddable":true,"href":"https:\/\/roveyayinevi.com.tr\/index.php\/wp-json\/wp\/v2\/product_brand?post=690373"},{"taxonomy":"product_cat","embeddable":true,"href":"https:\/\/roveyayinevi.com.tr\/index.php\/wp-json\/wp\/v2\/product_cat?post=690373"},{"taxonomy":"product_tag","embeddable":true,"href":"https:\/\/roveyayinevi.com.tr\/index.php\/wp-json\/wp\/v2\/product_tag?post=690373"}],"curies":[{"name":"wp","href":"https:\/\/api.w.org\/{rel}","templated":true}]}}