{"id":690372,"date":"2025-08-27T13:51:22","date_gmt":"2025-08-27T10:51:22","guid":{"rendered":"https:\/\/roveyayinevi.com.tr\/index.php\/urun\/kuzeye-goc-mevsimi\/"},"modified":"2026-04-16T01:59:54","modified_gmt":"2026-04-15T22:59:54","slug":"kuzeye-goc-mevsimi","status":"publish","type":"product","link":"https:\/\/roveyayinevi.com.tr\/index.php\/urun\/kuzeye-goc-mevsimi\/","title":{"rendered":"Kuzeye G\u00f6\u00e7 Mevsimi"},"content":{"rendered":"<p>1966 y\u0131l\u0131nda Beyrut\u2019ta yay\u0131mlanan   Kuzeye G\u00f6\u00e7 Mevsimi   2001 y\u0131l\u0131nda Arap Edebiyat\u0131 Akademisi taraf\u0131ndan 20. y\u00fczy\u0131l\u0131n en \u00f6nemli roman\u0131 olarak ilan edilmi\u015fti. <\/p>\n","protected":false},"excerpt":{"rendered":"<p>1966 y\u0131l\u0131nda Beyrut\u2019ta yay\u0131mlanan Kuzeye G\u00f6\u00e7 Mevsimi 2001 y\u0131l\u0131nda Arap Edebiyat\u0131 Akademisi taraf\u0131ndan 20. y\u00fczy\u0131l\u0131n en \u00f6nemli roman\u0131 olarak ilan edilmi\u015fti.<\/p>\n","protected":false},"featured_media":0,"template":"","meta":{"_monsterinsights_skip_tracking":false,"_monsterinsights_sitenote_active":false,"_monsterinsights_sitenote_note":"","_monsterinsights_sitenote_category":0},"product_brand":[],"product_cat":[12291,12711],"product_tag":[],"class_list":{"0":"post-690372","1":"product","2":"type-product","3":"status-publish","5":"product_cat-edebiyat","6":"product_cat-roman-oyku","7":"pa_cilt-ciltsiz","8":"pa_tur-kitap","9":"pa_yayinevi-ayrinti-yayinlari","10":"pa_yazar-tayeb-salih","12":"first","13":"instock","14":"sale","15":"shipping-taxable","16":"purchasable","17":"product-type-simple"},"_links":{"self":[{"href":"https:\/\/roveyayinevi.com.tr\/index.php\/wp-json\/wp\/v2\/product\/690372","targetHints":{"allow":["GET"]}}],"collection":[{"href":"https:\/\/roveyayinevi.com.tr\/index.php\/wp-json\/wp\/v2\/product"}],"about":[{"href":"https:\/\/roveyayinevi.com.tr\/index.php\/wp-json\/wp\/v2\/types\/product"}],"wp:attachment":[{"href":"https:\/\/roveyayinevi.com.tr\/index.php\/wp-json\/wp\/v2\/media?parent=690372"}],"wp:term":[{"taxonomy":"product_brand","embeddable":true,"href":"https:\/\/roveyayinevi.com.tr\/index.php\/wp-json\/wp\/v2\/product_brand?post=690372"},{"taxonomy":"product_cat","embeddable":true,"href":"https:\/\/roveyayinevi.com.tr\/index.php\/wp-json\/wp\/v2\/product_cat?post=690372"},{"taxonomy":"product_tag","embeddable":true,"href":"https:\/\/roveyayinevi.com.tr\/index.php\/wp-json\/wp\/v2\/product_tag?post=690372"}],"curies":[{"name":"wp","href":"https:\/\/api.w.org\/{rel}","templated":true}]}}