{"id":690371,"date":"2025-08-27T13:51:22","date_gmt":"2025-08-27T10:51:22","guid":{"rendered":"https:\/\/roveyayinevi.com.tr\/index.php\/urun\/kultur-yorumlari\/"},"modified":"2026-04-16T01:59:54","modified_gmt":"2026-04-15T22:59:54","slug":"kultur-yorumlari","status":"publish","type":"product","link":"https:\/\/roveyayinevi.com.tr\/index.php\/urun\/kultur-yorumlari\/","title":{"rendered":"K\u00fclt\u00fcr Yorumlar\u0131"},"content":{"rendered":"<p>Kendine yeten do\u011fal varl\u0131klar olmad\u0131\u011f\u0131m\u0131z gibi, do\u011fu\u015ftan k\u00fclt\u00fcrel varl\u0131klar da de\u011filiz. Hayatta kalmak i\u00e7in do\u011fayla aram\u0131zdaki u\u00e7urumu k\u00fclt\u00fcrle kapatmak zorunday\u0131z. Eagleton, her zamanki ak\u0131c\u0131 ve \u00e7arp\u0131c\u0131 anlat\u0131m\u0131yla, b\u00f6ylesine mecbur oldu\u011fumuz k\u00fclt\u00fcr d\u00fc\u015f\u00fcncesinin ge\u00e7mi\u015ften g\u00fcn\u00fcm\u00fcze izini s\u00fcr\u00fcyor. Farkl\u0131 k\u00fclt\u00fcr yorumlar\u0131n\u0131 titizlikle irdeleyerek tart\u0131\u015fmaya a\u00e7arken, bir yandan toplum tasar\u0131mlar\u0131na, bir yandan da ideolojinin belirleyicili\u011fine dikkat \u00e7ekiyor. <\/p>\n","protected":false},"excerpt":{"rendered":"<p>Kendine yeten do\u011fal varl\u0131klar olmad\u0131\u011f\u0131m\u0131z gibi, do\u011fu\u015ftan k\u00fclt\u00fcrel varl\u0131klar da de\u011filiz. Hayatta kalmak i\u00e7in do\u011fayla aram\u0131zdaki u\u00e7urumu k\u00fclt\u00fcrle kapatmak zorunday\u0131z. Eagleton, her zamanki ak\u0131c\u0131 ve \u00e7arp\u0131c\u0131<span class=\"excerpt-hellip\"> [\u2026]<\/span><\/p>\n","protected":false},"featured_media":0,"template":"","meta":{"_monsterinsights_skip_tracking":false,"_monsterinsights_sitenote_active":false,"_monsterinsights_sitenote_note":"","_monsterinsights_sitenote_category":0},"product_brand":[],"product_cat":[13633,12324],"product_tag":[],"class_list":{"0":"post-690371","1":"product","2":"type-product","3":"status-publish","5":"product_cat-kultur-ve-bilim","6":"product_cat-sosyoloji","7":"pa_cilt-ciltsiz","8":"pa_tur-kitap","9":"pa_yayinevi-ayrinti-yayinlari","10":"pa_yazar-terry-eagleton","12":"first","13":"instock","14":"sale","15":"shipping-taxable","16":"purchasable","17":"product-type-simple"},"_links":{"self":[{"href":"https:\/\/roveyayinevi.com.tr\/index.php\/wp-json\/wp\/v2\/product\/690371","targetHints":{"allow":["GET"]}}],"collection":[{"href":"https:\/\/roveyayinevi.com.tr\/index.php\/wp-json\/wp\/v2\/product"}],"about":[{"href":"https:\/\/roveyayinevi.com.tr\/index.php\/wp-json\/wp\/v2\/types\/product"}],"wp:attachment":[{"href":"https:\/\/roveyayinevi.com.tr\/index.php\/wp-json\/wp\/v2\/media?parent=690371"}],"wp:term":[{"taxonomy":"product_brand","embeddable":true,"href":"https:\/\/roveyayinevi.com.tr\/index.php\/wp-json\/wp\/v2\/product_brand?post=690371"},{"taxonomy":"product_cat","embeddable":true,"href":"https:\/\/roveyayinevi.com.tr\/index.php\/wp-json\/wp\/v2\/product_cat?post=690371"},{"taxonomy":"product_tag","embeddable":true,"href":"https:\/\/roveyayinevi.com.tr\/index.php\/wp-json\/wp\/v2\/product_tag?post=690371"}],"curies":[{"name":"wp","href":"https:\/\/api.w.org\/{rel}","templated":true}]}}