{"id":690370,"date":"2025-08-27T13:51:22","date_gmt":"2025-08-27T10:51:22","guid":{"rendered":"https:\/\/roveyayinevi.com.tr\/index.php\/urun\/kutsal-ruh\/"},"modified":"2026-04-16T01:59:54","modified_gmt":"2026-04-15T22:59:54","slug":"kutsal-ruh","status":"publish","type":"product","link":"https:\/\/roveyayinevi.com.tr\/index.php\/urun\/kutsal-ruh\/","title":{"rendered":"Kutsal Ruh"},"content":{"rendered":"<p>Kutsal Ruh, y\u0131k\u0131c\u0131 bir zek\u00e2n\u0131n \u00fcr\u00fcn\u00fc; \u00fcstelik y\u0131k\u0131c\u0131l\u0131\u011f\u0131n\u0131 ideolojik k\u0131\u015fk\u0131rtmalardan de\u011fil yal\u0131nl\u0131k ve do\u011fall\u0131ktan al\u0131yor&#8230; Michel Tournier, bu kitapta romanc\u0131 olarak i\u00e7 d\u00fcnyas\u0131n\u0131 g\u00f6zler \u00f6n\u00fcne sererken Cuma, K\u0131z\u0131la\u011fa\u00e7lar Kral\u0131, Meteorlar, Veda Yeme\u011fi, Kaynak ve \u00c7al\u0131, Alt\u0131n Damla ve Anahtarlar ve Kilitler\u2019in yarat\u0131m s\u00fcre\u00e7lerinin dinamiklerini de a\u00e7\u0131kl\u0131yor. Zihinsel yolculuklar\u0131n\u0131n duraklar\u0131na i\u015faretler koyuyor. Tournier, yaz\u0131lan ile yetinmeyen okurlar\u0131n\u0131 kendi kaynaklar\u0131na do\u011fru bir yolculu\u011fa \u00e7a\u011f\u0131r\u0131yor. G\u00f6\u00e7, yaln\u0131zl\u0131k, cinsellik gibi konular\u0131, \u0130ncil\u2019den modern romana uzanan \u00e7e\u015fitli kaynaklardan esinlenerek nas\u0131l simgele\u015ftirdi\u011fini, romanlar\u0131na mitolojik \u00f6\u011feleri nas\u0131l yerle\u015ftirdi\u011fini anlat\u0131yor. B\u00f6ylece, K\u0131z\u0131la\u011fa\u00e7lar Kral\u0131\u2019nda \u201c\u00e7ocuklar\u0131 yiyen dev\u201d imgesinin Nazi rejimi arac\u0131l\u0131\u011f\u0131yla \u00e7a\u011fda\u015f bir simgeye d\u00f6n\u00fc\u015fmesine; Cuma\u2019da \u201cRobinson\u201d imgesiyle \u00e7a\u011fda\u015f bireyin kendi yaln\u0131zl\u0131\u011f\u0131n\u0131n yaln\u0131zca kurban\u0131 de\u011fil ayn\u0131 zamanda kahraman\u0131 da olu\u015funa tan\u0131kl\u0131k ediyoruz. Tournier, insanl\u0131\u011f\u0131n ortak bilincine yerle\u015fmi\u015f d\u00fc\u015f\u00fcnceler olarak g\u00f6rd\u00fc\u011f\u00fc mitlerin, asl\u0131nda \u00e7a\u011fda\u015f edebiyat\u0131n bir par\u00e7as\u0131 oldu\u011funu savunarak, Kutsal Ruh\u2019ta roman kahramanlar\u0131n\u0131n kendi ki\u015fisel mitlerini olu\u015fturma s\u00fcre\u00e7lerini g\u00f6zler \u00f6n\u00fcne seriyor. Bir yandan \u201cDaniel Defoe, Alexandre Selkirk ile kar\u015f\u0131la\u015ft\u0131 m\u0131?\u201d t\u00fcr\u00fcnden tarihsel olaylar\u0131n izini s\u00fcrerken, \u00f6te yandan \u201cBat\u0131\u2019n\u0131n t\u00fcketim toplumu Cuma\u2019lar\u0131n \u00fczerine kurulmu\u015ftur\u201d gibi yarg\u0131larla romanlar\u0131n\u0131n felsefi boyutunu da okurun yarg\u0131s\u0131na sunuyor. G\u00fcn\u00fcm\u00fczde art\u0131k bir \u201cfelakete\u201d d\u00f6n\u00fc\u015ft\u00fc\u011f\u00fcn\u00fc savundu\u011fu cinsellik olgusunu da her y\u00f6n\u00fcyle irdeliyor. Kutsal Ruh, bizleri Tournier romanlar\u0131n\u0131n olu\u015fum s\u00fcrecinin tan\u0131klar\u0131 yaparken, yarat\u0131c\u0131l\u0131\u011fa dair son derece \u00f6zg\u00fcn \u00f6rnekler veriyor. K\u0131\u015fk\u0131rt\u0131c\u0131, rahat, zarif&#8230; Bilgece yaz\u0131lm\u0131\u015f bir kitap. \/ Catherine David Uzun s\u00fcredir bu derece uyar\u0131c\u0131, zekice yaz\u0131lm\u0131\u015f bir kitap okumam\u0131\u015ft\u0131m. Tournier, okumas\u0131 \u00e7ok \u00e7aba isteyebilecek bir konuyu s\u00fcr\u00fckleyici ve co\u015fkulu bir metne d\u00f6n\u00fc\u015ft\u00fcrm\u00fc\u015f. (&#8230;) Okurlar\u0131n\u0131 zeki olmaya \u00e7a\u011f\u0131r\u0131yor. \/ Fran\u00e7ois Nourissier<\/p>\n","protected":false},"excerpt":{"rendered":"<p>Kutsal Ruh, y\u0131k\u0131c\u0131 bir zek\u00e2n\u0131n \u00fcr\u00fcn\u00fc; \u00fcstelik y\u0131k\u0131c\u0131l\u0131\u011f\u0131n\u0131 ideolojik k\u0131\u015fk\u0131rtmalardan de\u011fil yal\u0131nl\u0131k ve do\u011fall\u0131ktan al\u0131yor&#8230; Michel Tournier, bu kitapta romanc\u0131 olarak i\u00e7 d\u00fcnyas\u0131n\u0131 g\u00f6zler \u00f6n\u00fcne sererken<span class=\"excerpt-hellip\"> [\u2026]<\/span><\/p>\n","protected":false},"featured_media":0,"template":"","meta":{"_monsterinsights_skip_tracking":false,"_monsterinsights_sitenote_active":false,"_monsterinsights_sitenote_note":"","_monsterinsights_sitenote_category":0},"product_brand":[],"product_cat":[12291,13376],"product_tag":[],"class_list":{"0":"post-690370","1":"product","2":"type-product","3":"status-publish","5":"product_cat-edebiyat","6":"product_cat-fransiz-edebiyati","7":"pa_tur-kitap","8":"pa_yayinevi-ayrinti-yayinlari","9":"pa_yazar-michel-tournier","11":"first","12":"instock","13":"sale","14":"shipping-taxable","15":"purchasable","16":"product-type-simple"},"_links":{"self":[{"href":"https:\/\/roveyayinevi.com.tr\/index.php\/wp-json\/wp\/v2\/product\/690370","targetHints":{"allow":["GET"]}}],"collection":[{"href":"https:\/\/roveyayinevi.com.tr\/index.php\/wp-json\/wp\/v2\/product"}],"about":[{"href":"https:\/\/roveyayinevi.com.tr\/index.php\/wp-json\/wp\/v2\/types\/product"}],"wp:attachment":[{"href":"https:\/\/roveyayinevi.com.tr\/index.php\/wp-json\/wp\/v2\/media?parent=690370"}],"wp:term":[{"taxonomy":"product_brand","embeddable":true,"href":"https:\/\/roveyayinevi.com.tr\/index.php\/wp-json\/wp\/v2\/product_brand?post=690370"},{"taxonomy":"product_cat","embeddable":true,"href":"https:\/\/roveyayinevi.com.tr\/index.php\/wp-json\/wp\/v2\/product_cat?post=690370"},{"taxonomy":"product_tag","embeddable":true,"href":"https:\/\/roveyayinevi.com.tr\/index.php\/wp-json\/wp\/v2\/product_tag?post=690370"}],"curies":[{"name":"wp","href":"https:\/\/api.w.org\/{rel}","templated":true}]}}