{"id":690369,"date":"2025-08-27T13:51:22","date_gmt":"2025-08-27T10:51:22","guid":{"rendered":"https:\/\/roveyayinevi.com.tr\/index.php\/urun\/kurtlarla-kosan-kadinlar\/"},"modified":"2026-04-16T01:59:54","modified_gmt":"2026-04-15T22:59:54","slug":"kurtlarla-kosan-kadinlar","status":"publish","type":"product","link":"https:\/\/roveyayinevi.com.tr\/index.php\/urun\/kurtlarla-kosan-kadinlar\/","title":{"rendered":"Kurtlarla Ko\u015fan Kad\u0131nlar"},"content":{"rendered":"<p>Clarissa P. Est\u00e9s, Kurtlarla Ko\u015fan Kad\u0131nlar\u2019da ger\u00e7ekten farkl\u0131 bir \u00f6nermede bulunuyor; kad\u0131nlar i\u00e7in yal\u0131n, uygulanabilir ve do\u011fal \u00e7\u00f6z\u00fcmler \u00f6neriyor. 19. y\u00fczy\u0131lla birlikte insanl\u0131\u011f\u0131n do\u011fadan kopu\u015fu ve duygulara yer vermeyen kapitalist bir end\u00fcstri \u00e7ark\u0131n\u0131n i\u00e7inde kaybolu\u015fundan yola \u00e7\u0131karak, kad\u0131nlar\u0131n yapmas\u0131 gereken ilk \u015feyin i\u00e7lerindeki do\u011fal sesi ke\u015ffetmek oldu\u011funu s\u00f6yl\u00fcyor ve kad\u0131nlar\u0131n i\u00e7lerinde yatan s\u0131n\u0131rs\u0131z g\u00fc\u00e7 ve yarat\u0131c\u0131l\u0131\u011f\u0131n, kurtlar\u0131n do\u011fal yaban\u0131ll\u0131\u011f\u0131nda yatt\u0131\u011f\u0131 sav\u0131n\u0131 ileri s\u00fcr\u00fcyor. Kad\u0131nlar\u0131n \u00e7o\u011fu zaman fark\u0131nda olmadan i\u00e7selle\u015ftirmek zorunda b\u0131rak\u0131ld\u0131klar\u0131 eziklik ve yetersizlik duygusuna, bast\u0131r\u0131lm\u0131\u015f cinsel g\u00fcd\u00fclerine \u00e7ok de\u011fi\u015fik bir malzemeden yakla\u015f\u0131yor: masallar! \u0130nsanl\u0131\u011f\u0131n ortak bilin\u00e7alt\u0131n\u0131n aynalar\u0131 oldu\u011funu d\u00fc\u015f\u00fcnd\u00fc\u011f\u00fc masallar arac\u0131l\u0131\u011f\u0131yla kad\u0131n psi\u015fesinin derinliklerine iniyor ve bir\u00e7ok a\u00e7mazdan kurtulmalar\u0131na yard\u0131mc\u0131 olacak masal tad\u0131nda terapiler uyguluyor. Est\u00e9s\u2019e g\u00f6re, kurtlarla kad\u0131nlar aras\u0131nda, vah\u015filikleri, zarafetleri ve i\u00e7inde ya\u015fad\u0131klar\u0131 toplulu\u011fun \u00fcyelerine duyduklar\u0131 ba\u011f a\u00e7\u0131s\u0131ndan psi\u015fik bir benzerlik vard\u0131r. Kurtlar ve kad\u0131nlar aras\u0131ndaki bu benzerlik, Vah\u015fi Kad\u0131n arketipinde ortaya \u00e7\u0131kar. <\/p>\n","protected":false},"excerpt":{"rendered":"<p>Clarissa P. Est\u00e9s, Kurtlarla Ko\u015fan Kad\u0131nlar\u2019da ger\u00e7ekten farkl\u0131 bir \u00f6nermede bulunuyor; kad\u0131nlar i\u00e7in yal\u0131n, uygulanabilir ve do\u011fal \u00e7\u00f6z\u00fcmler \u00f6neriyor. 19. y\u00fczy\u0131lla birlikte insanl\u0131\u011f\u0131n do\u011fadan kopu\u015fu ve<span class=\"excerpt-hellip\"> [\u2026]<\/span><\/p>\n","protected":false},"featured_media":0,"template":"","meta":{"_monsterinsights_skip_tracking":false,"_monsterinsights_sitenote_active":false,"_monsterinsights_sitenote_note":"","_monsterinsights_sitenote_category":0},"product_brand":[],"product_cat":[13252,12324],"product_tag":[],"class_list":{"0":"post-690369","1":"product","2":"type-product","3":"status-publish","5":"product_cat-kadin-calismalari","6":"product_cat-sosyoloji","7":"pa_cilt-ciltsiz","8":"pa_tur-kitap","9":"pa_yayinevi-ayrinti-yayinlari","10":"pa_yazar-clarissa-pinkola-estes","12":"first","13":"instock","14":"sale","15":"shipping-taxable","16":"purchasable","17":"product-type-simple"},"_links":{"self":[{"href":"https:\/\/roveyayinevi.com.tr\/index.php\/wp-json\/wp\/v2\/product\/690369","targetHints":{"allow":["GET"]}}],"collection":[{"href":"https:\/\/roveyayinevi.com.tr\/index.php\/wp-json\/wp\/v2\/product"}],"about":[{"href":"https:\/\/roveyayinevi.com.tr\/index.php\/wp-json\/wp\/v2\/types\/product"}],"wp:attachment":[{"href":"https:\/\/roveyayinevi.com.tr\/index.php\/wp-json\/wp\/v2\/media?parent=690369"}],"wp:term":[{"taxonomy":"product_brand","embeddable":true,"href":"https:\/\/roveyayinevi.com.tr\/index.php\/wp-json\/wp\/v2\/product_brand?post=690369"},{"taxonomy":"product_cat","embeddable":true,"href":"https:\/\/roveyayinevi.com.tr\/index.php\/wp-json\/wp\/v2\/product_cat?post=690369"},{"taxonomy":"product_tag","embeddable":true,"href":"https:\/\/roveyayinevi.com.tr\/index.php\/wp-json\/wp\/v2\/product_tag?post=690369"}],"curies":[{"name":"wp","href":"https:\/\/api.w.org\/{rel}","templated":true}]}}