{"id":690366,"date":"2025-08-27T13:51:21","date_gmt":"2025-08-27T10:51:21","guid":{"rendered":"https:\/\/roveyayinevi.com.tr\/index.php\/urun\/kozmik-haydutlar\/"},"modified":"2026-04-16T01:59:54","modified_gmt":"2026-04-15T22:59:54","slug":"kozmik-haydutlar","status":"publish","type":"product","link":"https:\/\/roveyayinevi.com.tr\/index.php\/urun\/kozmik-haydutlar\/","title":{"rendered":"Kozmik Haydutlar"},"content":{"rendered":"<p>Bir uyu\u015fturucu ka\u00e7ak\u00e7\u0131s\u0131, gasp ettikleri e\u015fyay\u0131 vakit \u00f6ld\u00fcrmek i\u00e7in kar\u0131\u015ft\u0131r\u0131rken kar\u015f\u0131s\u0131na \u00e7\u0131kan kitaplardan kuantum fizi\u011fine merak sarar ve hayat\u0131 onunla a\u00e7\u0131klama \u00e7abas\u0131na giri\u015fir. Orta ve G\u00fcney Amerika\u2019da uyu\u015fturucu krallar\u0131, haydutlar (banditolar), birbirinden ka\u00e7\u0131k tipler ve tabii ki CIA ve FBI gibi \u00f6rg\u00fctler e\u015fli\u011finde \u00e7izgi filmvari maceralar ya\u015fan\u0131rken bir yandan da &#8220;ger\u00e7ekli\u011fin temel do\u011fas\u0131&#8221;na heyecan verici bir yolculuk ba\u015flar&#8230; Kozmik Haydutlar, art\u0131k, &#8220;ya\u015fam\u0131n\u0131z\u0131 de\u011fi\u015ftirin&#8221; terapilerine bile sokulan son y\u0131llar\u0131n en b\u00fcy\u00fcleyici ve bula\u015f\u0131c\u0131 &#8220;dini&#8221; olmaya aday kuantum fizi\u011fini belki de ona en \u00e7ok yak\u0131\u015fan banditolar ve \u00f6teki esrarke\u015f maceraperestler arac\u0131l\u0131\u011f\u0131yla a\u00e7\u0131kl\u0131yor. Neredeyse her h\u00fck\u00fcmetin polis te\u015fkilat\u0131n\u0131 pe\u015fine takan bu gams\u0131z grup, k\u00fcl\u00fcst\u00fcr u\u00e7ak ve gemilerle ka\u00e7ak\u00e7\u0131l\u0131k yaparak gitti\u011fi yerleri yak\u0131p y\u0131k\u0131p kaos yarat\u0131yor. El bombas\u0131yla gemi tamirinden, u\u00e7akta fazla i\u00e7erek yer\u00e7ekimini azaltma projelerine kadar pek \u00e7ok \u015fenlikli abs\u00fcrdl\u00fck \u00f6rg\u00fctl\u00fcyorlar. Neden sonu\u00e7 ili\u015fkisinin ortadan kalk\u0131\u015f\u0131yla, ya\u015fad\u0131\u011f\u0131m\u0131z d\u00fcnyaya hi\u00e7 benzemeyen atomalt\u0131 \u00e2leminden, evrenin nas\u0131l olu\u015ftu\u011funa, kara deliklere ve zaman yolculuklar\u0131na kadar sokaktaki insan\u0131n da ilgi alan\u0131na girecek bir dizi bi-limsel olgu ve kuram\u0131 okuru \u00fczmeden ve tabii ki s\u0131kmadan mizahi bir \u00fcslupla anlat\u0131yor yazar. Evrende h\u00e2l\u00e2 \u015fa\u015f\u0131racak \u015feyler varken b\u00fct\u00fcn mevsimlerin en haylaz, en ne\u015feli kitab\u0131 Kozmik Haydutlar\u2019\u0131 ka\u00e7\u0131rmay\u0131n. \ufffcTan\u0131t\u0131m Metni<\/p>\n","protected":false},"excerpt":{"rendered":"<p>Bir uyu\u015fturucu ka\u00e7ak\u00e7\u0131s\u0131, gasp ettikleri e\u015fyay\u0131 vakit \u00f6ld\u00fcrmek i\u00e7in kar\u0131\u015ft\u0131r\u0131rken kar\u015f\u0131s\u0131na \u00e7\u0131kan kitaplardan kuantum fizi\u011fine merak sarar ve hayat\u0131 onunla a\u00e7\u0131klama \u00e7abas\u0131na giri\u015fir. Orta ve G\u00fcney<span class=\"excerpt-hellip\"> [\u2026]<\/span><\/p>\n","protected":false},"featured_media":0,"template":"","meta":{"_monsterinsights_skip_tracking":false,"_monsterinsights_sitenote_active":false,"_monsterinsights_sitenote_note":"","_monsterinsights_sitenote_category":0},"product_brand":[],"product_cat":[12891,12291],"product_tag":[],"class_list":{"0":"post-690366","1":"product","2":"type-product","3":"status-publish","5":"product_cat-amerikan-edebiyati","6":"product_cat-edebiyat","7":"pa_cilt-ciltsiz","8":"pa_tur-kitap","9":"pa_yayinevi-ayrinti-yayinlari","10":"pa_yazar-a-c-weisbecker","12":"first","13":"instock","14":"sale","15":"shipping-taxable","16":"purchasable","17":"product-type-simple"},"_links":{"self":[{"href":"https:\/\/roveyayinevi.com.tr\/index.php\/wp-json\/wp\/v2\/product\/690366","targetHints":{"allow":["GET"]}}],"collection":[{"href":"https:\/\/roveyayinevi.com.tr\/index.php\/wp-json\/wp\/v2\/product"}],"about":[{"href":"https:\/\/roveyayinevi.com.tr\/index.php\/wp-json\/wp\/v2\/types\/product"}],"wp:attachment":[{"href":"https:\/\/roveyayinevi.com.tr\/index.php\/wp-json\/wp\/v2\/media?parent=690366"}],"wp:term":[{"taxonomy":"product_brand","embeddable":true,"href":"https:\/\/roveyayinevi.com.tr\/index.php\/wp-json\/wp\/v2\/product_brand?post=690366"},{"taxonomy":"product_cat","embeddable":true,"href":"https:\/\/roveyayinevi.com.tr\/index.php\/wp-json\/wp\/v2\/product_cat?post=690366"},{"taxonomy":"product_tag","embeddable":true,"href":"https:\/\/roveyayinevi.com.tr\/index.php\/wp-json\/wp\/v2\/product_tag?post=690366"}],"curies":[{"name":"wp","href":"https:\/\/api.w.org\/{rel}","templated":true}]}}