{"id":690364,"date":"2025-08-27T13:51:21","date_gmt":"2025-08-27T10:51:21","guid":{"rendered":"https:\/\/roveyayinevi.com.tr\/index.php\/urun\/kovboy-kizlar-da-huzunlenir\/"},"modified":"2026-04-16T01:59:54","modified_gmt":"2026-04-15T22:59:54","slug":"kovboy-kizlar-da-huzunlenir","status":"publish","type":"product","link":"https:\/\/roveyayinevi.com.tr\/index.php\/urun\/kovboy-kizlar-da-huzunlenir\/","title":{"rendered":"Kovboy K\u0131zlar da H\u00fcz\u00fcnlenir"},"content":{"rendered":"<p>Oyunculuk u\u00e7ar\u0131l\u0131k de\u011fil bilgeliktir  diyerek, paradoks ve \u00e7eli\u015fkiler \u00fczerine kurulu oyuncul romanlar\u0131n yazar\u0131 Tom Robbins\u2019in ba\u015fyap\u0131t\u0131 say\u0131lan Kovboy K\u0131zlar da H\u00fcz\u00fcnlenir\u2019de kendine \u00f6zg\u00fc ne\u015feli \u00fcslubuyla kar\u015f\u0131 k\u00fclt\u00fcr\u00fcn s\u00f6zc\u00fcl\u00fc\u011f\u00fcn\u00fc yap\u0131yor. 1970\u2019lerin anar\u015fizan hippi k\u00fclt\u00fcr\u00fcnden esinlenen u\u00e7uk ama ele\u015ftirel bir hikayedir bu kitapta anlat\u0131lan. A\u015fktan cinsel \u00f6zg\u00fcrl\u00fcklere, siyasi isyandan hayvan haklar\u0131na, bedene, do\u011faya, dine, hayata dokunan, dilin s\u0131n\u0131rlar\u0131n\u0131 zorlayan Kovboy K\u0131zlar da H\u00fcz\u00fcnlenir 1993 y\u0131l\u0131nda Gus Van Sant taraf\u0131ndan sinemaya aktar\u0131ld\u0131. Anatomik bozuklu\u011funu bir avantaja \u00e7eviren bir kad\u0131n\u0131n tuhaf hikayesidir bu. Sissy Hankshaw muazzam b\u00fcy\u00fckl\u00fckte bir ba\u015fparmakla do\u011fmu\u015ftur. Bu sayede \u00e7ok iyi otostop yapabildi\u011finden b\u00fct\u00fcn \u00fclkeyi dola\u015f\u0131r. Sonra model olmaya karar verir.  Kontes  lakapl\u0131 bir transeks\u00fcel i\u00e7in \u00e7al\u0131\u015f\u0131rken reklam filmi \u00e7ekimleri i\u00e7in Kaliforniya\u2019ya gider ve kovboy k\u0131zlarla tan\u0131\u015f\u0131r. Bu k\u0131zlardan kafa dengi Bonanza Jellybean ve II. D\u00fcnya Sava\u015f\u0131 s\u0131ras\u0131nda Amerika\u2019da kurulan Japon toplama kamp\u0131ndan ka\u00e7an The Chink ile birlikte yeni bir hayat kurmaya \u00e7al\u0131\u015f\u0131r. Ama dikkat, amiplerden uzak durun \u00e7\u00fcnk\u00fc  kesin olan bir \u015fey var ki amipler durmaks\u0131z\u0131n b\u00f6l\u00fcnerek \u00e7o\u011fald\u0131klar\u0131, sahip olduklar\u0131 t\u00fcm \u00f6zellikleri aktard\u0131klar\u0131 ve kendilerinden hi\u00e7bir \u015fey kaybetmediklerine g\u00f6re d\u00fcnyaya gelen ilk amip bug\u00fcn h\u00e2l\u00e2 hayatta. \u0130ster d\u00f6rt milyar ister sadece \u00fc\u00e7 y\u00fcz ya\u015f\u0131nda olsun, bug\u00fcn h\u00e2l\u00e2 bizlerle beraber.  Vah\u015fi Bat\u0131\u2019n\u0131n yaln\u0131zca k\u0131zlar taraf\u0131ndan y\u00fcr\u00fct\u00fclen en b\u00fcy\u00fck \u00e7iftli\u011fine, Rubber Rose\u2019a ho\u015f geldiniz&#8230;  Bu o \u00f6zel romanlardan biri, sihirli, s\u0131cak, komik ve \u00e7\u0131lg\u0131n, yan\u0131n\u0131za al\u0131p uzaklara, g\u00fcn bat\u0131mlar\u0131na gitmek isteyece\u011finiz.  -Thomas Pynchon <\/p>\n","protected":false},"excerpt":{"rendered":"<p>Oyunculuk u\u00e7ar\u0131l\u0131k de\u011fil bilgeliktir diyerek, paradoks ve \u00e7eli\u015fkiler \u00fczerine kurulu oyuncul romanlar\u0131n yazar\u0131 Tom Robbins\u2019in ba\u015fyap\u0131t\u0131 say\u0131lan Kovboy K\u0131zlar da H\u00fcz\u00fcnlenir\u2019de kendine \u00f6zg\u00fc ne\u015feli \u00fcslubuyla kar\u015f\u0131<span class=\"excerpt-hellip\"> [\u2026]<\/span><\/p>\n","protected":false},"featured_media":0,"template":"","meta":{"_monsterinsights_skip_tracking":false,"_monsterinsights_sitenote_active":false,"_monsterinsights_sitenote_note":"","_monsterinsights_sitenote_category":0},"product_brand":[],"product_cat":[12891,12291],"product_tag":[],"class_list":{"0":"post-690364","1":"product","2":"type-product","3":"status-publish","5":"product_cat-amerikan-edebiyati","6":"product_cat-edebiyat","7":"pa_cilt-ciltsiz","8":"pa_tur-kitap","9":"pa_yayinevi-ayrinti-yayinlari","10":"pa_yazar-tom-robbins","12":"first","13":"instock","14":"sale","15":"shipping-taxable","16":"purchasable","17":"product-type-simple"},"_links":{"self":[{"href":"https:\/\/roveyayinevi.com.tr\/index.php\/wp-json\/wp\/v2\/product\/690364","targetHints":{"allow":["GET"]}}],"collection":[{"href":"https:\/\/roveyayinevi.com.tr\/index.php\/wp-json\/wp\/v2\/product"}],"about":[{"href":"https:\/\/roveyayinevi.com.tr\/index.php\/wp-json\/wp\/v2\/types\/product"}],"wp:attachment":[{"href":"https:\/\/roveyayinevi.com.tr\/index.php\/wp-json\/wp\/v2\/media?parent=690364"}],"wp:term":[{"taxonomy":"product_brand","embeddable":true,"href":"https:\/\/roveyayinevi.com.tr\/index.php\/wp-json\/wp\/v2\/product_brand?post=690364"},{"taxonomy":"product_cat","embeddable":true,"href":"https:\/\/roveyayinevi.com.tr\/index.php\/wp-json\/wp\/v2\/product_cat?post=690364"},{"taxonomy":"product_tag","embeddable":true,"href":"https:\/\/roveyayinevi.com.tr\/index.php\/wp-json\/wp\/v2\/product_tag?post=690364"}],"curies":[{"name":"wp","href":"https:\/\/api.w.org\/{rel}","templated":true}]}}