{"id":690363,"date":"2025-08-27T13:51:21","date_gmt":"2025-08-27T10:51:21","guid":{"rendered":"https:\/\/roveyayinevi.com.tr\/index.php\/urun\/kotulugun-seffafligi\/"},"modified":"2026-04-16T01:59:54","modified_gmt":"2026-04-15T22:59:54","slug":"kotulugun-seffafligi","status":"publish","type":"product","link":"https:\/\/roveyayinevi.com.tr\/index.php\/urun\/kotulugun-seffafligi\/","title":{"rendered":"K\u00f6t\u00fcl\u00fc\u011f\u00fcn \u015eeffafl\u0131\u011f\u0131"},"content":{"rendered":"<p>Baudrillard, K\u00f6t\u00fcl\u00fc\u011f\u00fcn \u015eeffafl\u0131\u011f\u0131 adl\u0131 bu eserinde, Bat\u0131\u2019y\u0131 var eden temel kavramlardan olan geli\u015fme, ilerleme ve kendini koruma ilkesinin, her yerde, yok olu\u015fun ve \u00f6lme halinin s\u00fcreklili\u011fine d\u00f6n\u00fc\u015ft\u00fc\u011f\u00fcn\u00fc g\u00f6sterir. 1960\u2019lar\u0131n cinsel devrim i, cinsel \u00f6zg\u00fcrl\u00fc\u011fe de\u011fil; travestili\u011fin h\u00fck\u00fcmranl\u0131\u011f\u0131na, kad\u0131n ve erkek kategorilerinin birbirine kar\u0131\u015fmas\u0131na yol a\u00e7m\u0131\u015ft\u0131r. Sanatta devrim ile iyi ve k\u00f6t\u00fc gibi estetik d\u00fczeye dair kategoriler terk edilerek k\u00f6t\u00fcn\u00fcn de k\u00f6t\u00fcs\u00fc t\u00fcr\u00fcnden trans-estetik kopyalar hayatlar\u0131m\u0131z\u0131 doldurmu\u015ftur. Sibernetik devrim, makine ile insan aras\u0131ndaki ayr\u0131m\u0131 makine lehine ortadan kald\u0131rm\u0131\u015f; politikan\u0131n sonuna yol a\u00e7an politik devrim ise eski politik bi\u00e7imlerin sim\u00fclasyonu olan trans-politika n\u0131n egemenli\u011fini kurmu\u015ftur&#8230; \ufffcTan\u0131t\u0131m Metni<\/p>\n","protected":false},"excerpt":{"rendered":"<p>Baudrillard, K\u00f6t\u00fcl\u00fc\u011f\u00fcn \u015eeffafl\u0131\u011f\u0131 adl\u0131 bu eserinde, Bat\u0131\u2019y\u0131 var eden temel kavramlardan olan geli\u015fme, ilerleme ve kendini koruma ilkesinin, her yerde, yok olu\u015fun ve \u00f6lme halinin s\u00fcreklili\u011fine<span class=\"excerpt-hellip\"> [\u2026]<\/span><\/p>\n","protected":false},"featured_media":0,"template":"","meta":{"_monsterinsights_skip_tracking":false,"_monsterinsights_sitenote_active":false,"_monsterinsights_sitenote_note":"","_monsterinsights_sitenote_category":0},"product_brand":[],"product_cat":[12312,12304],"product_tag":[],"class_list":{"0":"post-690363","1":"product","2":"type-product","3":"status-publish","5":"product_cat-diger","6":"product_cat-tarih","7":"pa_cilt-ciltsiz","8":"pa_tur-kitap","9":"pa_yayinevi-ayrinti-yayinlari","10":"pa_yazar-jean-baudrillard","12":"first","13":"instock","14":"sale","15":"shipping-taxable","16":"purchasable","17":"product-type-simple"},"_links":{"self":[{"href":"https:\/\/roveyayinevi.com.tr\/index.php\/wp-json\/wp\/v2\/product\/690363","targetHints":{"allow":["GET"]}}],"collection":[{"href":"https:\/\/roveyayinevi.com.tr\/index.php\/wp-json\/wp\/v2\/product"}],"about":[{"href":"https:\/\/roveyayinevi.com.tr\/index.php\/wp-json\/wp\/v2\/types\/product"}],"wp:attachment":[{"href":"https:\/\/roveyayinevi.com.tr\/index.php\/wp-json\/wp\/v2\/media?parent=690363"}],"wp:term":[{"taxonomy":"product_brand","embeddable":true,"href":"https:\/\/roveyayinevi.com.tr\/index.php\/wp-json\/wp\/v2\/product_brand?post=690363"},{"taxonomy":"product_cat","embeddable":true,"href":"https:\/\/roveyayinevi.com.tr\/index.php\/wp-json\/wp\/v2\/product_cat?post=690363"},{"taxonomy":"product_tag","embeddable":true,"href":"https:\/\/roveyayinevi.com.tr\/index.php\/wp-json\/wp\/v2\/product_tag?post=690363"}],"curies":[{"name":"wp","href":"https:\/\/api.w.org\/{rel}","templated":true}]}}