{"id":690362,"date":"2025-08-27T13:51:20","date_gmt":"2025-08-27T10:51:20","guid":{"rendered":"https:\/\/roveyayinevi.com.tr\/index.php\/urun\/kizilligin-kalbi\/"},"modified":"2026-04-16T01:59:54","modified_gmt":"2026-04-15T22:59:54","slug":"kizilligin-kalbi","status":"publish","type":"product","link":"https:\/\/roveyayinevi.com.tr\/index.php\/urun\/kizilligin-kalbi\/","title":{"rendered":"K\u0131z\u0131ll\u0131\u011f\u0131n Kalbi"},"content":{"rendered":"<p>K\u0131z\u0131ll\u0131\u011f\u0131n Kalbi uzaklara dair pek \u00e7ok \u015feyin hikayesi. Amerika\u2019dan G\u00fcney Afrika\u2019ya d\u00f6nen ve yeni demokrasi kar\u015f\u0131s\u0131nda hayal k\u0131r\u0131kl\u0131\u011f\u0131na u\u011frayan, yeni tan\u0131\u015ft\u0131\u011f\u0131 ve erken kaybetti\u011fi bir kad\u0131n\u0131 ararken yolu \u00fclkenin di\u011fer ucundaki bir k\u00f6ye d\u00fc\u015fen Camagu\u2019nun hikayesi. Y\u00fcz elli y\u0131l \u00f6nce Xhosa halk\u0131na s\u0131\u011f\u0131rlar\u0131n\u0131 kesip ekinlerini yakmalar\u0131 telkininde bulunan gen\u00e7 kad\u0131n peygamberlerin, peygamberlere inananlar\u0131n ve inanmayanlarn hikayesi. Y\u00fcz elli y\u0131l sonra devam eden d\u00fc\u015fmanl\u0131\u011f\u0131n, k\u0131tl\u0131k kar\u015f\u0131s\u0131nda \u00e7aresizle\u015fmi\u015f bir halk\u0131n as\u0131rl\u0131k \u00e7eki\u015fmelerinin hikayesi. Tuhaf a\u015fk \u00fc\u00e7genlerinin, platonik bir a\u015fk\u0131n ard\u0131 s\u0131ra geldi\u011fi k\u00f6yde ger\u00e7ek a\u015fk\u0131 bulacak olan bir adam\u0131n, modernle\u015fme s\u00fcrecinin, yerelli\u011fin, k\u0131tl\u0131\u011f\u0131n, \u0130ngiliz s\u00f6m\u00fcrgesi alt\u0131nda yaz\u0131lan bir tarihin, k\u0131z\u0131l topraklar\u0131n kalbinin hikayesi. <\/p>\n","protected":false},"excerpt":{"rendered":"<p>K\u0131z\u0131ll\u0131\u011f\u0131n Kalbi uzaklara dair pek \u00e7ok \u015feyin hikayesi. Amerika\u2019dan G\u00fcney Afrika\u2019ya d\u00f6nen ve yeni demokrasi kar\u015f\u0131s\u0131nda hayal k\u0131r\u0131kl\u0131\u011f\u0131na u\u011frayan, yeni tan\u0131\u015ft\u0131\u011f\u0131 ve erken kaybetti\u011fi bir kad\u0131n\u0131<span class=\"excerpt-hellip\"> [\u2026]<\/span><\/p>\n","protected":false},"featured_media":0,"template":"","meta":{"_monsterinsights_skip_tracking":false,"_monsterinsights_sitenote_active":false,"_monsterinsights_sitenote_note":"","_monsterinsights_sitenote_category":0},"product_brand":[],"product_cat":[13661,12291],"product_tag":[],"class_list":{"0":"post-690362","1":"product","2":"type-product","3":"status-publish","5":"product_cat-diger-ulke-edebiyatlari","6":"product_cat-edebiyat","7":"pa_cilt-ciltsiz","8":"pa_tur-kitap","9":"pa_yayinevi-ayrinti-yayinlari","10":"pa_yazar-zakes-mda","12":"first","13":"instock","14":"sale","15":"shipping-taxable","16":"purchasable","17":"product-type-simple"},"_links":{"self":[{"href":"https:\/\/roveyayinevi.com.tr\/index.php\/wp-json\/wp\/v2\/product\/690362","targetHints":{"allow":["GET"]}}],"collection":[{"href":"https:\/\/roveyayinevi.com.tr\/index.php\/wp-json\/wp\/v2\/product"}],"about":[{"href":"https:\/\/roveyayinevi.com.tr\/index.php\/wp-json\/wp\/v2\/types\/product"}],"wp:attachment":[{"href":"https:\/\/roveyayinevi.com.tr\/index.php\/wp-json\/wp\/v2\/media?parent=690362"}],"wp:term":[{"taxonomy":"product_brand","embeddable":true,"href":"https:\/\/roveyayinevi.com.tr\/index.php\/wp-json\/wp\/v2\/product_brand?post=690362"},{"taxonomy":"product_cat","embeddable":true,"href":"https:\/\/roveyayinevi.com.tr\/index.php\/wp-json\/wp\/v2\/product_cat?post=690362"},{"taxonomy":"product_tag","embeddable":true,"href":"https:\/\/roveyayinevi.com.tr\/index.php\/wp-json\/wp\/v2\/product_tag?post=690362"}],"curies":[{"name":"wp","href":"https:\/\/api.w.org\/{rel}","templated":true}]}}