{"id":690360,"date":"2025-08-27T13:51:20","date_gmt":"2025-08-27T10:51:20","guid":{"rendered":"https:\/\/roveyayinevi.com.tr\/index.php\/urun\/kaybedenlerin-bellegi\/"},"modified":"2026-04-16T01:59:54","modified_gmt":"2026-04-15T22:59:54","slug":"kaybedenlerin-bellegi","status":"publish","type":"product","link":"https:\/\/roveyayinevi.com.tr\/index.php\/urun\/kaybedenlerin-bellegi\/","title":{"rendered":"Kaybedenlerin Belle\u011fi"},"content":{"rendered":"<p>Kaybedenlerin Belle\u011fi, her ne kadar hayali bir kahraman\u0131n ya\u015fad\u0131klar\u0131n\u0131 anlat\u0131yor gibi g\u00f6r\u00fcnse de, asl\u0131nda ger\u00e7ek ve kurmaca ki\u015fileri, tarihin, mitin, romanesk, biyografi ve otobiyografinin i\u00e7 i\u00e7e ge\u00e7ti\u011fi geni\u015f bir freskoda bir araya getiriyor. Y\u00fcz y\u0131la yak\u0131n ya\u015fam\u0131\u015f olan, yoksul bir yol i\u015f\u00e7isinin o\u011flu olarak ba\u015flad\u0131\u011f\u0131 hayat\u0131n\u0131n her safhas\u0131nda i\u015f\u00e7i olman\u0131n gururunu ta\u015f\u0131m\u0131\u015f ve \u00f6mr\u00fc boyunca anar\u015fist ideallerinden hi\u00e7 vazge\u00e7memi\u015f bir i\u015f\u00e7iden, Fred\u2019den ve onun \u00e7ocukken \u00e2\u015f\u0131k oldu\u011fu, \u015fimdinin \u00fcnl\u00fc ve \u00e7ok zengin tablo taciri Flora\u2019dan bahsediyor bize. Bunlar\u0131n yan\u0131 s\u0131ra, Bonnot \u00c7etesi\u2019nden May\u0131s 68\u2019e, Kron\u015ftat\u2019tan \u0130spanya \u0130\u00e7 Sava\u015f\u0131\u2019na dek anar\u015fist-\u00f6zg\u00fcrl\u00fck\u00e7\u00fc hareketin canl\u0131 tarihi, di\u011fer yandan Lenin, Tro\u00e7ki, Kollontay ve Rus Devrimi\u2019nin t\u00fcm merkez komitesi, III. Enternasyonal, Avrupa\u2019n\u0131n kom\u00fcnist ve sosyalist partileri arac\u0131l\u0131\u011f\u0131yla Marksist hareketin yirminci y\u00fczy\u0131l tarihinin \u00f6nemli bir kesiti anlat\u0131l\u0131yor bu romanda. Di\u011fer bir deyi\u015fle, bir \u00f6mre s\u0131\u011fd\u0131r\u0131lm\u0131\u015f iki d\u00fcnya sava\u015f\u0131, bir Bol\u015fevik Devrim, bir i\u00e7 sava\u015f ve b\u00fcy\u00fck umutlar, b\u00fcy\u00fck hayal k\u0131r\u0131kl\u0131klar\u0131, b\u00fcy\u00fck a\u015fklar, s\u0131n\u0131rs\u0131z nefretlerle \u00f6r\u00fclm\u00fc\u015f bir tarih seriliyor g\u00f6zlerimizin \u00f6n\u00fcne. Roman\u0131n 1899-1985 y\u0131llar\u0131 aras\u0131ndaki ak\u0131\u015f\u0131 i\u00e7inde kom\u00fcnizm, anar\u015fizm, fa\u015fizm b\u00fct\u00fcn karma\u015f\u0131kl\u0131\u011f\u0131yla, ac\u0131mas\u0131z m\u00fccadeleleriyle, Michel Ragon\u2019un portrelerini \u015fa\u015f\u0131rt\u0131c\u0131 bir ustal\u0131kla \u00e7izdi\u011fi tarihsel ki\u015filiklerin g\u00f6z\u00fcnden resmediliyor. Bu kitap asl\u0131nda ezeli kaybedenlere bir g\u00fczelleme. Kald\u0131 ki bu kaybedenler, asla kendilerini yenilmi\u015f saymaz ve her t\u00fcrl\u00fc bask\u0131ya ve zulme kar\u015f\u0131 her yerde ve her ko\u015fulda ba\u015f e\u011fmez bir \u00f6zg\u00fcrl\u00fck ruhuyla canlan\u0131yor ve harekete ge\u00e7iyor roman boyunca. \ufffcTan\u0131t\u0131m Metni<\/p>\n","protected":false},"excerpt":{"rendered":"<p>Kaybedenlerin Belle\u011fi, her ne kadar hayali bir kahraman\u0131n ya\u015fad\u0131klar\u0131n\u0131 anlat\u0131yor gibi g\u00f6r\u00fcnse de, asl\u0131nda ger\u00e7ek ve kurmaca ki\u015fileri, tarihin, mitin, romanesk, biyografi ve otobiyografinin i\u00e7 i\u00e7e<span class=\"excerpt-hellip\"> [\u2026]<\/span><\/p>\n","protected":false},"featured_media":0,"template":"","meta":{"_monsterinsights_skip_tracking":false,"_monsterinsights_sitenote_active":false,"_monsterinsights_sitenote_note":"","_monsterinsights_sitenote_category":0},"product_brand":[],"product_cat":[12291,12711],"product_tag":[],"class_list":{"0":"post-690360","1":"product","2":"type-product","3":"status-publish","5":"product_cat-edebiyat","6":"product_cat-roman-oyku","7":"pa_cilt-ciltsiz","8":"pa_tur-kitap","9":"pa_yayinevi-ayrinti-yayinlari","10":"pa_yazar-michel-ragon","12":"first","13":"instock","14":"sale","15":"shipping-taxable","16":"purchasable","17":"product-type-simple"},"_links":{"self":[{"href":"https:\/\/roveyayinevi.com.tr\/index.php\/wp-json\/wp\/v2\/product\/690360","targetHints":{"allow":["GET"]}}],"collection":[{"href":"https:\/\/roveyayinevi.com.tr\/index.php\/wp-json\/wp\/v2\/product"}],"about":[{"href":"https:\/\/roveyayinevi.com.tr\/index.php\/wp-json\/wp\/v2\/types\/product"}],"wp:attachment":[{"href":"https:\/\/roveyayinevi.com.tr\/index.php\/wp-json\/wp\/v2\/media?parent=690360"}],"wp:term":[{"taxonomy":"product_brand","embeddable":true,"href":"https:\/\/roveyayinevi.com.tr\/index.php\/wp-json\/wp\/v2\/product_brand?post=690360"},{"taxonomy":"product_cat","embeddable":true,"href":"https:\/\/roveyayinevi.com.tr\/index.php\/wp-json\/wp\/v2\/product_cat?post=690360"},{"taxonomy":"product_tag","embeddable":true,"href":"https:\/\/roveyayinevi.com.tr\/index.php\/wp-json\/wp\/v2\/product_tag?post=690360"}],"curies":[{"name":"wp","href":"https:\/\/api.w.org\/{rel}","templated":true}]}}