{"id":690359,"date":"2025-08-27T13:51:20","date_gmt":"2025-08-27T10:51:20","guid":{"rendered":"https:\/\/roveyayinevi.com.tr\/index.php\/urun\/kamusal-insanin-cokusu\/"},"modified":"2026-04-16T01:59:54","modified_gmt":"2026-04-15T22:59:54","slug":"kamusal-insanin-cokusu","status":"publish","type":"product","link":"https:\/\/roveyayinevi.com.tr\/index.php\/urun\/kamusal-insanin-cokusu\/","title":{"rendered":"Kamusal \u0130nsan\u0131n \u00c7\u00f6k\u00fc\u015f\u00fc"},"content":{"rendered":"<p>Kendi alanlar\u0131nda \u00e7\u0131\u011f\u0131r a\u00e7an, onlarla hesapla\u015fmadan yeni bir \u015fey s\u00f6ylemenin zor oldu\u011fu kitaplar vard\u0131r. Richard Sennett\u2019in d\u00fc\u015f\u00fcnce tarihinin ba\u015fyap\u0131tlar\u0131ndan biri olan Kamusal \u0130nsan\u0131n \u00c7\u00f6k\u00fc\u015f\u00fc b\u00f6ylesi bir kitapt\u0131r: Tarihten sosyolojiye, psikolojiden antropolojiye entelekt\u00fcel bir \u015f\u00f6lendir.Sennett, Kamusal \u0130nsan\u0131n \u00c7\u00f6k\u00fc\u015f\u00fc\u2019nde \u00f6zg\u00fcnl\u00fck ve entelekt\u00fcel derinlikle kamusal hayat ve \u00f6zel hayat aras\u0131ndaki dengesizli\u011fin nedenlerini ve bu dengesizli\u011fin yol a\u00e7t\u0131\u011f\u0131 sorunlar\u0131 inceliyor. Ona g\u00f6re, hayat\u0131n, aile ve yak\u0131n dostlar d\u0131\u015f\u0131ndaki par\u00e7as\u0131 olan \u201ckamusal hayat\u201d bir zamanlar \u201chayat dolu\u201dydu ve ki\u015filer i\u00e7in \u00e7ok \u00f6nemliydi. \u201cYabanc\u0131\u201dlarla duygusal ba\u011flar kurarak insan\u0131n oyun yetene\u011fini \u00e7o\u011faltan, toplumsalla\u015fmas\u0131n\u0131\/medenile\u015fmesini sa\u011flayan bir kamusall\u0131k vard\u0131. B\u00fct\u00fcnl\u00fckl\u00fc ifadesini 18. y\u00fczy\u0131l Avrupa \u015fehirlerinde bulan bu kamusall\u0131k zamanla a\u011f\u0131rl\u0131\u011f\u0131n\u0131 yitirerek yerini \u201c\u00f6zel hayat\u201da b\u0131rakt\u0131. Kamusal hayat art\u0131k \u00f6zel hayat\u0131n gerektirdi\u011fi oranda \u00f6nemli olmaya ba\u015flad\u0131.Sennett, bug\u00fcn, tan\u0131mad\u0131\u011f\u0131m\u0131z ama ayn\u0131 \u015fehirde ya\u015fad\u0131\u011f\u0131m\u0131z insanlarla kurulacak \u00e7ok boyutlu ili\u015fki ve hazlardan yoksun kald\u0131\u011f\u0131m\u0131z\u0131 s\u00f6yl\u00fcyor ve \u015fu sorular\u0131 soruyor: Yabanc\u0131, nas\u0131l tehdit edici bir unsura d\u00f6n\u00fc\u015ft\u00fc? Sessiz kalarak seyretme, kamusal hayat\u0131n tek yolu haline nas\u0131l geldi? Yaln\u0131z kalma, bir hak olarak nas\u0131l olu\u015ftu? \u00d6zel hayat ilgi oda\u011f\u0131 haline nas\u0131l geldi? Politikac\u0131lar\u0131 neden yapt\u0131klar\u0131na ve programlar\u0131na bakarak de\u011fil de ki\u015fisel \u00f6zelliklerine g\u00f6re de\u011ferlendiriyoruz? Evlerimize \u00f6zen g\u00f6sterdi\u011fimiz halde sokaklar\u0131m\u0131z neden pis?Sennett, kamusal alanlar\u0131n ya\u015fanan mek\u00e2nlar olmaktan \u00e7\u0131k\u0131p gelip ge\u00e7ilen yerlere d\u00f6n\u00fc\u015fmesiyle y\u00fcreklerimizi sevgili ve dostlar\u0131m\u0131z\u0131n d\u0131\u015f\u0131nda kimseye a\u00e7amad\u0131\u011f\u0131m\u0131z\u0131, \u00f6zel hayat\u0131na kapanan ki\u015filiklerimizin giderek g\u00fcd\u00fckle\u015fti\u011fini, ba\u015fka insanlarla oyun oynama yetene\u011fimizi yitirmemizin bizi nas\u0131l eksiltti\u011fini tarihsel\/toplumsal bir perspektifle i\u015fliyor. Bu s\u00fcreci Balzac ve Diderot&#8217;nun yaz\u0131lar\u0131na, Paganini ve Liszt\u2019in m\u00fczi\u011fine, tiyatro ve izleyicinin davran\u0131\u015flar\u0131na, mimariye, Dreyfus Davas\u0131\u2019na ve Richard Nixon\u2019\u0131n kariyerine, \u00f6zel ve kamusal hayat\u0131n konu\u015fma ve giyim bi\u00e7imleri gibi g\u00fcndelik \u00f6rneklerine bakarak anlat\u0131yor. Modernlikle birlikte \u00f6zel hayat\u0131na tutsak olan insan\u0131n kamudaki sessizli\u011fini, yaln\u0131zl\u0131\u011f\u0131n\u0131, ya\u015fayan de\u011fil seyreden bir insan haline gelme tarihini inceliyor.Sennett, b\u00fct\u00fcn bunlara ra\u011fmen umutsuzlu\u011fa kap\u0131lm\u0131yor. Yitik bir kamusal cenneti hayal etmek yerine, ki\u015filerin yak\u0131n dostlar\u0131 aras\u0131ndaki kadar rahat ve g\u00fcvenli oldu\u011fu, oyuna \u00f6nem verdi\u011fi, nezaketi elden b\u0131rakmad\u0131\u011f\u0131 bir ortamda, \u015f\u00fcpheyi en aza indirerek \u201c\u00f6tekini tan\u0131ma\u201dn\u0131n imk\u00e2nlar\u0131n\u0131 ara\u015ft\u0131r\u0131yor.Sokakta \u201c\u00f6teki\u201dne \u201cmerhaba\u201d demek isteyenler i\u00e7in&#8230; <\/p>\n","protected":false},"excerpt":{"rendered":"<p>Kendi alanlar\u0131nda \u00e7\u0131\u011f\u0131r a\u00e7an, onlarla hesapla\u015fmadan yeni bir \u015fey s\u00f6ylemenin zor oldu\u011fu kitaplar vard\u0131r. Richard Sennett\u2019in d\u00fc\u015f\u00fcnce tarihinin ba\u015fyap\u0131tlar\u0131ndan biri olan Kamusal \u0130nsan\u0131n \u00c7\u00f6k\u00fc\u015f\u00fc b\u00f6ylesi bir<span class=\"excerpt-hellip\"> [\u2026]<\/span><\/p>\n","protected":false},"featured_media":0,"template":"","meta":{"_monsterinsights_skip_tracking":false,"_monsterinsights_sitenote_active":false,"_monsterinsights_sitenote_note":"","_monsterinsights_sitenote_category":0},"product_brand":[],"product_cat":[13633,12324],"product_tag":[],"class_list":{"0":"post-690359","1":"product","2":"type-product","3":"status-publish","5":"product_cat-kultur-ve-bilim","6":"product_cat-sosyoloji","7":"pa_cilt-ciltsiz","8":"pa_tur-kitap","9":"pa_yayinevi-ayrinti-yayinlari","10":"pa_yazar-richard-sennett","12":"first","13":"instock","14":"sale","15":"shipping-taxable","16":"purchasable","17":"product-type-simple"},"_links":{"self":[{"href":"https:\/\/roveyayinevi.com.tr\/index.php\/wp-json\/wp\/v2\/product\/690359","targetHints":{"allow":["GET"]}}],"collection":[{"href":"https:\/\/roveyayinevi.com.tr\/index.php\/wp-json\/wp\/v2\/product"}],"about":[{"href":"https:\/\/roveyayinevi.com.tr\/index.php\/wp-json\/wp\/v2\/types\/product"}],"wp:attachment":[{"href":"https:\/\/roveyayinevi.com.tr\/index.php\/wp-json\/wp\/v2\/media?parent=690359"}],"wp:term":[{"taxonomy":"product_brand","embeddable":true,"href":"https:\/\/roveyayinevi.com.tr\/index.php\/wp-json\/wp\/v2\/product_brand?post=690359"},{"taxonomy":"product_cat","embeddable":true,"href":"https:\/\/roveyayinevi.com.tr\/index.php\/wp-json\/wp\/v2\/product_cat?post=690359"},{"taxonomy":"product_tag","embeddable":true,"href":"https:\/\/roveyayinevi.com.tr\/index.php\/wp-json\/wp\/v2\/product_tag?post=690359"}],"curies":[{"name":"wp","href":"https:\/\/api.w.org\/{rel}","templated":true}]}}