{"id":690358,"date":"2025-08-27T13:51:20","date_gmt":"2025-08-27T10:51:20","guid":{"rendered":"https:\/\/roveyayinevi.com.tr\/index.php\/urun\/kaynak-ve-cali\/"},"modified":"2026-04-16T01:59:54","modified_gmt":"2026-04-15T22:59:54","slug":"kaynak-ve-cali","status":"publish","type":"product","link":"https:\/\/roveyayinevi.com.tr\/index.php\/urun\/kaynak-ve-cali\/","title":{"rendered":"Kaynak ve \u00c7al\u0131"},"content":{"rendered":"<p>G\u00fcn\u00fcm\u00fcz Frans\u0131z edebiyat\u0131n\u0131n en b\u00fcy\u00fck yarat\u0131c\u0131lar\u0131ndan Michel Tournier, son yap\u0131t\u0131 Kaynak ve \u00c7al\u0131\u2019da kolektif bilincin kristalle\u015fmi\u015f \u00f6rnekleri olan mitoslardan hareketle anlat\u0131s\u0131n\u0131 kuruyor. Temel kayg\u0131s\u0131ysa, Bat\u0131 k\u00fclt\u00fcr\u00fcn\u00fcn temelini olu\u015fturan mitoslarla \u0130ncil\u2019de yer alan meselleri sorgulamaks\u0131z\u0131n t\u00fcketen g\u00fcn\u00fcm\u00fcz g\u00fcndelik hayat\u0131na m\u00fcdahele ederek ba\u015fka ya\u015fama imkanlar\u0131na i\u015faret etmek&#8230; \ufffcTan\u0131t\u0131m Metni<\/p>\n","protected":false},"excerpt":{"rendered":"<p>G\u00fcn\u00fcm\u00fcz Frans\u0131z edebiyat\u0131n\u0131n en b\u00fcy\u00fck yarat\u0131c\u0131lar\u0131ndan Michel Tournier, son yap\u0131t\u0131 Kaynak ve \u00c7al\u0131\u2019da kolektif bilincin kristalle\u015fmi\u015f \u00f6rnekleri olan mitoslardan hareketle anlat\u0131s\u0131n\u0131 kuruyor. Temel kayg\u0131s\u0131ysa, Bat\u0131 k\u00fclt\u00fcr\u00fcn\u00fcn<span class=\"excerpt-hellip\"> [\u2026]<\/span><\/p>\n","protected":false},"featured_media":0,"template":"","meta":{"_monsterinsights_skip_tracking":false,"_monsterinsights_sitenote_active":false,"_monsterinsights_sitenote_note":"","_monsterinsights_sitenote_category":0},"product_brand":[],"product_cat":[12291,13376],"product_tag":[],"class_list":{"0":"post-690358","1":"product","2":"type-product","3":"status-publish","5":"product_cat-edebiyat","6":"product_cat-fransiz-edebiyati","7":"pa_cilt-ciltsiz","8":"pa_tur-kitap","9":"pa_yayinevi-ayrinti-yayinlari","10":"pa_yazar-michel-tournier","12":"first","13":"instock","14":"sale","15":"shipping-taxable","16":"purchasable","17":"product-type-simple"},"_links":{"self":[{"href":"https:\/\/roveyayinevi.com.tr\/index.php\/wp-json\/wp\/v2\/product\/690358","targetHints":{"allow":["GET"]}}],"collection":[{"href":"https:\/\/roveyayinevi.com.tr\/index.php\/wp-json\/wp\/v2\/product"}],"about":[{"href":"https:\/\/roveyayinevi.com.tr\/index.php\/wp-json\/wp\/v2\/types\/product"}],"wp:attachment":[{"href":"https:\/\/roveyayinevi.com.tr\/index.php\/wp-json\/wp\/v2\/media?parent=690358"}],"wp:term":[{"taxonomy":"product_brand","embeddable":true,"href":"https:\/\/roveyayinevi.com.tr\/index.php\/wp-json\/wp\/v2\/product_brand?post=690358"},{"taxonomy":"product_cat","embeddable":true,"href":"https:\/\/roveyayinevi.com.tr\/index.php\/wp-json\/wp\/v2\/product_cat?post=690358"},{"taxonomy":"product_tag","embeddable":true,"href":"https:\/\/roveyayinevi.com.tr\/index.php\/wp-json\/wp\/v2\/product_tag?post=690358"}],"curies":[{"name":"wp","href":"https:\/\/api.w.org\/{rel}","templated":true}]}}