{"id":690357,"date":"2025-08-27T13:51:19","date_gmt":"2025-08-27T10:51:19","guid":{"rendered":"https:\/\/roveyayinevi.com.tr\/index.php\/urun\/islamda-50-onemli-isim\/"},"modified":"2026-04-16T01:59:54","modified_gmt":"2026-04-15T22:59:54","slug":"islamda-50-onemli-isim","status":"publish","type":"product","link":"https:\/\/roveyayinevi.com.tr\/index.php\/urun\/islamda-50-onemli-isim\/","title":{"rendered":"\u0130slam&#8217;da 50 \u00d6nemli \u0130sim"},"content":{"rendered":"<p>Elinizdeki kitap, \u0130slam d\u00fcnyas\u0131ndaki 50 \u00f6nemli ismin,\u2022 Hayatlar\u0131na dair bilgileri,\u2022 Temel d\u00fc\u015f\u00fcncelerinin analizini,\u2022 \u0130slam i\u00e7inde ve d\u0131\u015f\u0131ndaki etkilerini,\u2022 Ana \u00e7al\u0131\u015fmalar\u0131n\u0131n listesini,\u2022 Ve bunlar hakk\u0131nda bilgi edinilebilecek di\u011fer kaynaklar\u0131 i\u00e7eriyor. Herkesin, bilgi sahibi oldu\u011funu sand\u0131\u011f\u0131 ama asl\u0131nda fazlas\u0131yla yetersiz kald\u0131\u011f\u0131 bir alanda, en temel bilgileri bir arada sunan bir kitap \u0130slam\u2019da 50 \u00d6nemli \u0130sim.Roy Jackson bu \u00e7al\u0131\u015fmada, sadece bir dinin geli\u015fim s\u00fcrecine de\u011fil, onun etkilendi\u011fi ve etkiledi\u011fi d\u00fcnyaya da farkl\u0131 bir pencereden bakma imk\u00e2n\u0131 sunuyor okura.\u00d6zellikle \u0130slam\u2019\u0131n i\u00e7 tart\u0131\u015fmalar\u0131na, \u00e7eli\u015fki, \u00e7at\u0131\u015fma ve ayr\u0131\u015fmalar\u0131na dair verdi\u011fi tarihsel ve d\u00fc\u015f\u00fcnsel bilgiler, g\u00fcn\u00fcm\u00fcz okurlar\u0131 i\u00e7in son derece ufuk a\u00e7\u0131c\u0131. <\/p>\n","protected":false},"excerpt":{"rendered":"<p>Elinizdeki kitap, \u0130slam d\u00fcnyas\u0131ndaki 50 \u00f6nemli ismin,\u2022 Hayatlar\u0131na dair bilgileri,\u2022 Temel d\u00fc\u015f\u00fcncelerinin analizini,\u2022 \u0130slam i\u00e7inde ve d\u0131\u015f\u0131ndaki etkilerini,\u2022 Ana \u00e7al\u0131\u015fmalar\u0131n\u0131n listesini,\u2022 Ve bunlar hakk\u0131nda bilgi edinilebilecek<span class=\"excerpt-hellip\"> [\u2026]<\/span><\/p>\n","protected":false},"featured_media":0,"template":"","meta":{"_monsterinsights_skip_tracking":false,"_monsterinsights_sitenote_active":false,"_monsterinsights_sitenote_note":"","_monsterinsights_sitenote_category":0},"product_brand":[],"product_cat":[12718,12719],"product_tag":[],"class_list":{"0":"post-690357","1":"product","2":"type-product","3":"status-publish","5":"product_cat-din","6":"product_cat-islam","7":"pa_cilt-ciltsiz","8":"pa_tur-kitap","9":"pa_yayinevi-ayrinti-yayinlari","10":"pa_yazar-roy-jackson","12":"first","13":"instock","14":"sale","15":"shipping-taxable","16":"purchasable","17":"product-type-simple"},"_links":{"self":[{"href":"https:\/\/roveyayinevi.com.tr\/index.php\/wp-json\/wp\/v2\/product\/690357","targetHints":{"allow":["GET"]}}],"collection":[{"href":"https:\/\/roveyayinevi.com.tr\/index.php\/wp-json\/wp\/v2\/product"}],"about":[{"href":"https:\/\/roveyayinevi.com.tr\/index.php\/wp-json\/wp\/v2\/types\/product"}],"wp:attachment":[{"href":"https:\/\/roveyayinevi.com.tr\/index.php\/wp-json\/wp\/v2\/media?parent=690357"}],"wp:term":[{"taxonomy":"product_brand","embeddable":true,"href":"https:\/\/roveyayinevi.com.tr\/index.php\/wp-json\/wp\/v2\/product_brand?post=690357"},{"taxonomy":"product_cat","embeddable":true,"href":"https:\/\/roveyayinevi.com.tr\/index.php\/wp-json\/wp\/v2\/product_cat?post=690357"},{"taxonomy":"product_tag","embeddable":true,"href":"https:\/\/roveyayinevi.com.tr\/index.php\/wp-json\/wp\/v2\/product_tag?post=690357"}],"curies":[{"name":"wp","href":"https:\/\/api.w.org\/{rel}","templated":true}]}}