{"id":690354,"date":"2025-08-27T13:51:19","date_gmt":"2025-08-27T10:51:19","guid":{"rendered":"https:\/\/roveyayinevi.com.tr\/index.php\/urun\/kacaklar-ve-multeciler\/"},"modified":"2026-04-16T01:59:54","modified_gmt":"2026-04-15T22:59:54","slug":"kacaklar-ve-multeciler","status":"publish","type":"product","link":"https:\/\/roveyayinevi.com.tr\/index.php\/urun\/kacaklar-ve-multeciler\/","title":{"rendered":"Ka\u00e7aklar ve M\u00fclteciler"},"content":{"rendered":"<p>Chuck Palahniuk\u2019un bademciklerinin bu aralar nerede ikamet etti\u011fini bilmek ister misiniz? Peki ya Chuck\u2019\u0131n MTV\u2019de bir video klipte g\u00f6r\u00fcnmesinin hik\u00e2yesini? Mutfak dolab\u0131n\u0131za saklanm\u0131\u015f bir mankeni arad\u0131\u011f\u0131n\u0131z oldu mu hi\u00e7? \u015eu bizim Chuck\u2019\u0131n \u00f6zya\u015fam\u0131yla ilgili, adam\u0131n insan i\u00e7ine \u00e7\u0131kmas\u0131n\u0131 zorla\u015ft\u0131racak baz\u0131 anekdotlardan haberdar olmak cazip geliyor mu size?B\u00fct\u00fcn bunlar ve daha neler neler. Hepsi Ka\u00e7aklar ve M\u00fclteciler\u2019de. Yazar KatherineDunn, Portland\u2019da herkesin en az \u00fc\u00e7 ya\u015fam\u0131 ve \u00fc\u00e7 kimli\u011fi oldu\u011funu s\u00f6yl\u00fcyor. Amerika denen memleketteki \u201cen kafay\u0131 s\u0131y\u0131rm\u0131\u015flar\u0131n\u201d topland\u0131\u011f\u0131Portland\u2019\u0131n sokaklar\u0131nda, Palahniuk\u2019la birlikte maceradan maceraya ko\u015fmaya, \u015fehrin \u00fcnl\u00fc \u00fcns\u00fcz sakinleriyle tan\u0131\u015fmaya ne dersiniz? Hi\u00e7bir gezi rehberinde bulamayaca\u011f\u0131n\u0131z  \u015feyler var bu kitapta: Biraz tarih, biraz s\u00f6ylence; tekinsiz mek\u00e2nlar\u0131, g\u00fczel restoranlar\u0131 ve \u00e7\u0131lg\u0131nl\u0131klar\u0131yla capcanl\u0131 bir \u015fehrin nabz\u0131n\u0131 tutma olana\u011f\u0131. Her k\u00f6\u015fe ba\u015f\u0131nda rastlayaca\u011f\u0131n\u0131z dost canl\u0131s\u0131 insanlar da cabas\u0131. <\/p>\n","protected":false},"excerpt":{"rendered":"<p>Chuck Palahniuk\u2019un bademciklerinin bu aralar nerede ikamet etti\u011fini bilmek ister misiniz? Peki ya Chuck\u2019\u0131n MTV\u2019de bir video klipte g\u00f6r\u00fcnmesinin hik\u00e2yesini? Mutfak dolab\u0131n\u0131za saklanm\u0131\u015f bir mankeni arad\u0131\u011f\u0131n\u0131z<span class=\"excerpt-hellip\"> [\u2026]<\/span><\/p>\n","protected":false},"featured_media":0,"template":"","meta":{"_monsterinsights_skip_tracking":false,"_monsterinsights_sitenote_active":false,"_monsterinsights_sitenote_note":"","_monsterinsights_sitenote_category":0},"product_brand":[],"product_cat":[12891,12291],"product_tag":[],"class_list":{"0":"post-690354","1":"product","2":"type-product","3":"status-publish","5":"product_cat-amerikan-edebiyati","6":"product_cat-edebiyat","7":"pa_cilt-ciltsiz","8":"pa_tur-kitap","9":"pa_yayinevi-ayrinti-yayinlari","10":"pa_yazar-chuck-palahniuk","12":"first","13":"instock","14":"sale","15":"shipping-taxable","16":"purchasable","17":"product-type-simple"},"_links":{"self":[{"href":"https:\/\/roveyayinevi.com.tr\/index.php\/wp-json\/wp\/v2\/product\/690354","targetHints":{"allow":["GET"]}}],"collection":[{"href":"https:\/\/roveyayinevi.com.tr\/index.php\/wp-json\/wp\/v2\/product"}],"about":[{"href":"https:\/\/roveyayinevi.com.tr\/index.php\/wp-json\/wp\/v2\/types\/product"}],"wp:attachment":[{"href":"https:\/\/roveyayinevi.com.tr\/index.php\/wp-json\/wp\/v2\/media?parent=690354"}],"wp:term":[{"taxonomy":"product_brand","embeddable":true,"href":"https:\/\/roveyayinevi.com.tr\/index.php\/wp-json\/wp\/v2\/product_brand?post=690354"},{"taxonomy":"product_cat","embeddable":true,"href":"https:\/\/roveyayinevi.com.tr\/index.php\/wp-json\/wp\/v2\/product_cat?post=690354"},{"taxonomy":"product_tag","embeddable":true,"href":"https:\/\/roveyayinevi.com.tr\/index.php\/wp-json\/wp\/v2\/product_tag?post=690354"}],"curies":[{"name":"wp","href":"https:\/\/api.w.org\/{rel}","templated":true}]}}