{"id":690351,"date":"2025-08-27T13:51:18","date_gmt":"2025-08-27T10:51:18","guid":{"rendered":"https:\/\/roveyayinevi.com.tr\/index.php\/urun\/karakter-asinmasi\/"},"modified":"2026-04-11T13:18:59","modified_gmt":"2026-04-11T10:18:59","slug":"karakter-asinmasi","status":"publish","type":"product","link":"https:\/\/roveyayinevi.com.tr\/index.php\/urun\/karakter-asinmasi\/","title":{"rendered":"Karakter A\u015f\u0131nmas\u0131"},"content":{"rendered":"<p>Yeni ekonomik d\u00fczenin b\u00fcy\u00fcl\u00fc s\u00f6zc\u00fc\u011f\u00fc  de\u011fi\u015fim in do\u011fas\u0131 nedir, insanlara nas\u0131l yans\u0131yor? Her zaman k\u0131sa vadeye endeksli bir ekonomide ki\u015fi nas\u0131l kal\u0131c\u0131 de\u011fer ve hedeflere sahip olabilir? Her an par\u00e7alanan veya s\u00fcrekli yeniden yap\u0131lanan kurumlarda, ki\u015fi kendi kimli\u011fini ve ya\u015fam \u00f6yk\u00fcs\u00fcn\u00fc nas\u0131l olu\u015fturabilir? K\u00fcreselle\u015fme olgusunu makro d\u00fczeyde inceleyen bir\u00e7ok kitap yay\u0131mland\u0131\u011f\u0131 halde, bu s\u00fcrecin mikro d\u00fczeyi, insan karakteri \u00fczerindeki etkileri pek az incelendi. Richard Sennett, Karakter A\u015f\u0131nmas\u0131\u2019nda bunu yap\u0131yor. Ona g\u00f6re sermayenin, g\u00fcn\u00fcm\u00fcz ekonomisinin b\u00fct\u00fcn d\u00fcnyaya yay\u0131lm\u0131\u015f dalgal\u0131 denizlerinde  h\u0131zl\u0131 k\u00e2r \u0131n d\u0131\u015f\u0131nda ba\u015fka bir amac\u0131 yok; \u015firketlerini piyasadaki anl\u0131k de\u011fi\u015fimlere m\u00fcdahale edecek bi\u00e7imde esnekle\u015ftirip, yeniden yap\u0131land\u0131r\u0131yor. Ki\u015filerden s\u00fcrekli kendisini yenilemesini, seyyar olmas\u0131n\u0131, risk almas\u0131n\u0131, rekabet becerisini geli\u015ftirerek y\u0131rt\u0131c\u0131 bir karakter edinmesini, tak\u0131m \u00e7al\u0131\u015fmas\u0131nda uyumlu olmas\u0131n\u0131 bekliyor. Ancak eski kapitalizmin rutin ve monoton yap\u0131s\u0131na kar\u015f\u0131 savunulan bu politikaya yak\u0131ndan bak\u0131ld\u0131\u011f\u0131 zaman sadece eski iktidar yap\u0131lar\u0131n\u0131n rengini de\u011fi\u015ftirdi\u011fi g\u00f6r\u00fcl\u00fcyor. \u00c7al\u0131\u015fanlar i\u00e7in esnekli\u011fin anlam\u0131 ise ya\u015fam boyu i\u015f g\u00fcvencesinin yok olmas\u0131; s\u00fcrekli i\u015f ve \u015fehir de\u011fi\u015ftirerek y\u00f6n duygusunu yitirmek; istikrarl\u0131 i\u015flerin yerini ge\u00e7ici projelere b\u0131rakmas\u0131 ve bir i\u015ften di\u011ferine, d\u00fcnden yar\u0131na s\u00fcr\u00fcklenen ya\u015fam par\u00e7ac\u0131klar\u0131ndan beslenen, rekabetin k\u00f6r\u00fckledi\u011fi  g\u00fcvensizlik  ve  kay\u0131ts\u0131zl\u0131k  duygusu&#8230; Ve bir de karakter a\u015f\u0131nmas\u0131&#8230; Oysa insan karakteri, duygusal deneyimlerimizin uzun vadeli olmas\u0131 ve ba\u015fkalar\u0131yla girdi\u011fimiz ili\u015fkilere y\u00fckledi\u011fimiz etik de\u011ferler \u00fczerinden geli\u015fir. Karakter, i\u00e7sel b\u00fct\u00fcnl\u00fck, ili\u015fkilerde kar\u015f\u0131l\u0131kl\u0131 ba\u011fl\u0131l\u0131k ve uzun vadeli bir hedef i\u00e7in \u00e7aba harcamak bi\u00e7iminde kendini g\u00f6sterir. Yeni kapitalizm ise g\u00fcvenmeyi, ba\u011flanmay\u0131 ve uzun vadeli planlar yapmay\u0131 k\u00e2rl\u0131 bulmaz, reddeder. Sennett Karakter A\u015f\u0131nmas\u0131\u2019nda geli\u015fmi\u015f bilgisayarlarla \u00fcretilen ekme\u011fin kalitesinden \u00e7ok, ekme\u011fi yiyenlerin hayat\u0131na bak\u0131yor ve soruyor:  Bu sistem insan\u0131n ya\u015fam\u0131na de\u011fer ve anlam kat\u0131yor mu?  Ve ekliyor:  De\u011fi\u015fim, kitlesel ayaklanmalarda de\u011fil, ihtiya\u00e7lar\u0131n\u0131 birbirleriyle payla\u015fan insanlar\u0131n aras\u0131nda, toprakta ye\u015ferir. \u0130nsanlar\u0131 birbirleri i\u00e7in kayg\u0131lanmaz hale getiren bir rejimin, me\u015fruiyetini uzun s\u00fcre koruyamayaca\u011f\u0131ndan eminim. <\/p>\n","protected":false},"excerpt":{"rendered":"<p>Yeni ekonomik d\u00fczenin b\u00fcy\u00fcl\u00fc s\u00f6zc\u00fc\u011f\u00fc de\u011fi\u015fim in do\u011fas\u0131 nedir, insanlara nas\u0131l yans\u0131yor? Her zaman k\u0131sa vadeye endeksli bir ekonomide ki\u015fi nas\u0131l kal\u0131c\u0131 de\u011fer ve hedeflere sahip<span class=\"excerpt-hellip\"> [\u2026]<\/span><\/p>\n","protected":false},"featured_media":0,"template":"","meta":{"_monsterinsights_skip_tracking":false,"_monsterinsights_sitenote_active":false,"_monsterinsights_sitenote_note":"","_monsterinsights_sitenote_category":0},"product_brand":[],"product_cat":[12364,12376],"product_tag":[],"class_list":{"0":"post-690351","1":"product","2":"type-product","3":"status-publish","5":"product_cat-genel-konular","6":"product_cat-kisisel-gelisim","7":"pa_cilt-ciltsiz","8":"pa_tur-kitap","9":"pa_yayinevi-ayrinti-yayinlari","10":"pa_yazar-richard-sennett","12":"first","13":"instock","14":"sale","15":"shipping-taxable","16":"purchasable","17":"product-type-simple"},"_links":{"self":[{"href":"https:\/\/roveyayinevi.com.tr\/index.php\/wp-json\/wp\/v2\/product\/690351","targetHints":{"allow":["GET"]}}],"collection":[{"href":"https:\/\/roveyayinevi.com.tr\/index.php\/wp-json\/wp\/v2\/product"}],"about":[{"href":"https:\/\/roveyayinevi.com.tr\/index.php\/wp-json\/wp\/v2\/types\/product"}],"wp:attachment":[{"href":"https:\/\/roveyayinevi.com.tr\/index.php\/wp-json\/wp\/v2\/media?parent=690351"}],"wp:term":[{"taxonomy":"product_brand","embeddable":true,"href":"https:\/\/roveyayinevi.com.tr\/index.php\/wp-json\/wp\/v2\/product_brand?post=690351"},{"taxonomy":"product_cat","embeddable":true,"href":"https:\/\/roveyayinevi.com.tr\/index.php\/wp-json\/wp\/v2\/product_cat?post=690351"},{"taxonomy":"product_tag","embeddable":true,"href":"https:\/\/roveyayinevi.com.tr\/index.php\/wp-json\/wp\/v2\/product_tag?post=690351"}],"curies":[{"name":"wp","href":"https:\/\/api.w.org\/{rel}","templated":true}]}}