{"id":690350,"date":"2025-08-27T13:51:18","date_gmt":"2025-08-27T10:51:18","guid":{"rendered":"https:\/\/roveyayinevi.com.tr\/index.php\/urun\/ya-bir-yol-bul-ya-bir-yol-ac-ya-da-yoldan-cekil\/"},"modified":"2026-04-08T02:00:02","modified_gmt":"2026-04-07T23:00:02","slug":"ya-bir-yol-bul-ya-bir-yol-ac-ya-da-yoldan-cekil","status":"publish","type":"product","link":"https:\/\/roveyayinevi.com.tr\/index.php\/urun\/ya-bir-yol-bul-ya-bir-yol-ac-ya-da-yoldan-cekil\/","title":{"rendered":"Ya Bir Yol Bul Ya Bir Yol A\u00e7 Ya da Yoldan \u00c7ekil"},"content":{"rendered":"<p>Bir g\u00fcn tek ba\u015f\u0131na.Hayat \u00fczerine hayaller kurarak,Hayat\u0131n\u0131n y\u00f6n\u00fcn\u00fc ve yolunu ararken,Kim oldu\u011funu ve ne istedi\u011fini d\u00fc\u015f\u00fcn\u00fcrken,&#8221;Kendime yeni bir ben laz\u0131m&#8221; dersen,\u0130yi bir kitap \u00e7ok \u015feyi de\u011fi\u015ftirebilir!&#8221;Yeni ba\u015flayanlar i\u00e7in ba\u015far\u0131&#8221;y\u0131 anlatan bu kitap, Sekman&#8217;\u0131n ilk \u00e7al\u0131\u015fmas\u0131d\u0131r. Hayat\u0131n\u0131n y\u00f6n\u00fcn\u00fc ve yolunu arayanlara, \u00e7\u0131kmaz soka\u011fa girmi\u015f olanlara, kim oldu\u011funu ve ne istedi\u011fini bilmek isteyenlerek\u0131lavuzluk edecek bir ba\u015far\u0131 haritas\u0131d\u0131r.\u015eu hayatta ait oldu\u011funuz yeri bulman\u0131z i\u00e7in&#8230;<\/p>\n","protected":false},"excerpt":{"rendered":"<p>Bir g\u00fcn tek ba\u015f\u0131na.Hayat \u00fczerine hayaller kurarak,Hayat\u0131n\u0131n y\u00f6n\u00fcn\u00fc ve yolunu ararken,Kim oldu\u011funu ve ne istedi\u011fini d\u00fc\u015f\u00fcn\u00fcrken,&#8221;Kendime yeni bir ben laz\u0131m&#8221; dersen,\u0130yi bir kitap \u00e7ok \u015feyi de\u011fi\u015ftirebilir!&#8221;Yeni<span class=\"excerpt-hellip\"> [\u2026]<\/span><\/p>\n","protected":false},"featured_media":0,"template":"","meta":{"_monsterinsights_skip_tracking":false,"_monsterinsights_sitenote_active":false,"_monsterinsights_sitenote_note":"","_monsterinsights_sitenote_category":0},"product_brand":[],"product_cat":[12364,12376],"product_tag":[],"class_list":{"0":"post-690350","1":"product","2":"type-product","3":"status-publish","5":"product_cat-genel-konular","6":"product_cat-kisisel-gelisim","7":"pa_cilt-ciltsiz","8":"pa_tur-kitap","9":"pa_yayinevi-alfa-yayinlari","10":"pa_yazar-mumin-sekman","12":"first","13":"instock","14":"sale","15":"shipping-taxable","16":"purchasable","17":"product-type-simple"},"_links":{"self":[{"href":"https:\/\/roveyayinevi.com.tr\/index.php\/wp-json\/wp\/v2\/product\/690350","targetHints":{"allow":["GET"]}}],"collection":[{"href":"https:\/\/roveyayinevi.com.tr\/index.php\/wp-json\/wp\/v2\/product"}],"about":[{"href":"https:\/\/roveyayinevi.com.tr\/index.php\/wp-json\/wp\/v2\/types\/product"}],"wp:attachment":[{"href":"https:\/\/roveyayinevi.com.tr\/index.php\/wp-json\/wp\/v2\/media?parent=690350"}],"wp:term":[{"taxonomy":"product_brand","embeddable":true,"href":"https:\/\/roveyayinevi.com.tr\/index.php\/wp-json\/wp\/v2\/product_brand?post=690350"},{"taxonomy":"product_cat","embeddable":true,"href":"https:\/\/roveyayinevi.com.tr\/index.php\/wp-json\/wp\/v2\/product_cat?post=690350"},{"taxonomy":"product_tag","embeddable":true,"href":"https:\/\/roveyayinevi.com.tr\/index.php\/wp-json\/wp\/v2\/product_tag?post=690350"}],"curies":[{"name":"wp","href":"https:\/\/api.w.org\/{rel}","templated":true}]}}