{"id":690348,"date":"2025-08-27T13:51:18","date_gmt":"2025-08-27T10:51:18","guid":{"rendered":"https:\/\/roveyayinevi.com.tr\/index.php\/urun\/insanligin-mahrem-tarihi\/"},"modified":"2026-04-16T01:59:54","modified_gmt":"2026-04-15T22:59:54","slug":"insanligin-mahrem-tarihi","status":"publish","type":"product","link":"https:\/\/roveyayinevi.com.tr\/index.php\/urun\/insanligin-mahrem-tarihi\/","title":{"rendered":"\u0130nsanl\u0131\u011f\u0131n Mahrem Tarihi"},"content":{"rendered":"<p>\u0130nsanl\u0131\u011f\u0131n Mahrem Tarihi, insanl\u0131k haf\u0131zas\u0131n\u0131 tazelemeyi ama\u00e7layan bir unutulmu\u015flar derlemesi, tarihe ge\u00e7enlerden \u00e7ok ge\u00e7meyenlerin tarihi.Zeldin, insanl\u0131\u011f\u0131n unutulmu\u015f an\u0131lar\u0131n\u0131 g\u00fcn \u0131\u015f\u0131\u011f\u0131na \u00e7\u0131kararak, k\u00f6\u015feye s\u0131k\u0131\u015ft\u0131\u011f\u0131 noktalardan \u00e7\u0131k\u0131\u015f yollar\u0131 bulabilmesi i\u00e7in insano\u011flunun ufkunu geni\u015fletmeyi ve modern zihinlere yerle\u015fmi\u015f yan\u0131lsamalar\u0131 y\u0131kmayi deniyor.Zeldin\u2019e g\u00f6re her ku\u015fak, t\u0131pk\u0131 kendisinden \u00f6nceki say\u0131s\u0131z ku\u015fak gibi, d\u00fcnyaya kendi \u00e7a\u011f\u0131n\u0131n g\u00f6zl\u00fcklerinden bakarak binlerce y\u0131ll\u0131k insanl\u0131k deneyimini bo\u015fa harc\u0131yor. Kendi atalar\u0131n\u0131n s\u0131n\u0131rl\u0131 ve kolay kolay de\u011fi\u015fmeyen haf\u0131zas\u0131n\u0131 kullanmay\u0131 tercih ederken, ge\u00e7mi\u015fin karanl\u0131\u011f\u0131na g\u00f6m\u00fcl\u00fcp giden koca bir insanl\u0131k haf\u0131zas\u0131ndan yararlanma f\u0131rsat\u0131n\u0131 ka\u00e7\u0131r\u0131yor. Bu f\u0131rsatta yatan en de\u011ferli hazine, hayat\u0131n kendi \u00e7a\u011f\u0131m\u0131z\u0131n \u0131\u015f\u0131\u011f\u0131yla ayd\u0131nlanm\u0131\u015f g\u00f6r\u00fcnt\u00fcs\u00fcn\u00fcn de\u011fi\u015fmez bir son durak de\u011fil, beklenmedik d\u00f6n\u00fc\u015fler yaparak ilerleyen insanl\u0131k tarihinin rastgele bir noktas\u0131 oldu\u011funu ke\u015ffetmek. Zeldin\u2019in unutulmu\u015flar tarihi, insanlar\u0131n hayata ve kendilerine ezelden beri bug\u00fcnk\u00fc gibi bakmad\u0131klar\u0131n\u0131 g\u00f6stermekle kalm\u0131yor, umudun t\u00fckenmeye y\u00fcz tuttu\u011fu noktada insanl\u0131\u011f\u0131n imdad\u0131na yeti\u015fen \u015feyin her zaman yeni bak\u0131\u015f a\u00e7\u0131lar\u0131, yeni d\u00fc\u015f\u00fcnce bi\u00e7imleri ve yeni yakla\u015f\u0131mlar oldu\u011funu hat\u0131rlat\u0131yor.Kay\u0131p insanl\u0131k haf\u0131zas\u0131n\u0131n i\u00e7inde kolayca tarihe g\u00f6m\u00fclen bu zikzakl\u0131 ge\u00e7mi\u015f, Zeldin\u2019e g\u00f6re, insanl\u0131\u011f\u0131n geli\u015fiminde her zamankinden daha umutsuz olmam\u0131z\u0131 gerektiren bir noktada durmad\u0131\u011f\u0131m\u0131za i\u015faret ediyor.\u0130nsanlar\u0131n tarih boyunca a\u015fka, dostlu\u011fa, sekse, korkuya, mutlulu\u011fa, zamana ve yaln\u0131zl\u0131\u011fa kar\u015f\u0131 pek \u00e7ok farkl\u0131 bak\u0131\u015f a\u00e7\u0131s\u0131 geli\u015ftirdi\u011fini, iyimserlikle k\u00f6t\u00fcmserlik, merhametle ac\u0131mas\u0131zl\u0131k, ho\u015fg\u00f6r\u00fcyle ba\u011fnazl\u0131k, di\u011ferk\u00e2ml\u0131kla bencillik, merakla uyu\u015fukluk aras\u0131nda her zaman gidip geldi\u011fini bilmek, \u00e7a\u011f\u0131n g\u00f6zl\u00fcklerinden kurtularak yeni g\u00f6zl\u00fckler edinme f\u0131rsat\u0131n\u0131 haz\u0131rl\u0131yor. \u0130nsano\u011flunun duygular d\u00fcnyas\u0131nda ke\u015ffe \u00e7\u0131kmaya her zamankinden daha istekli oldu\u011fu bir \u00e7a\u011fda Zeldin, duygular tarihinin kuytular\u0131na \u0131\u015f\u0131k tutarak, insanl\u0131k haf\u0131zas\u0131n\u0131 tazeliyor. Son iki y\u00fcz y\u0131l\u0131n etkileyici teknolojik patlamas\u0131na ra\u011fmen insano\u011flu, \u00f6zel hayat kulvar\u0131nda pek \u00e7ok bak\u0131mdan h\u00e2l\u00e2 emekleme \u00e7a\u011f\u0131n\u0131 s\u00fcr\u00fcyor.Zeldin bize k\u0131yamete do\u011fru s\u00fcr\u00fcklenmekte olmad\u0131\u011f\u0131m\u0131z\u0131, bildik insanl\u0131k m\u00fccadelesini s\u00fcrd\u00fcrd\u00fc\u011f\u00fcm\u00fcz\u00fc haber veriyor ve \u00f6zel hayata y\u00f6nelik yeni bak\u0131\u015f a\u00e7\u0131lar\u0131, insanlar aras\u0131 ili\u015fkilerde yeni ba\u011fl\u0131l\u0131klar, ama\u00e7 duygumuzu yeniden kazanmakta kullanabilecegimiz yeni y\u00f6ntemler \u00f6neriyor. K\u00f6t\u00fcmserli\u011fe direnenler \u0130nsanl\u0131\u011f\u0131n Mahrem Tarihi\u2019ni sevecekler. THEODORE ZELDIN <\/p>\n","protected":false},"excerpt":{"rendered":"<p>\u0130nsanl\u0131\u011f\u0131n Mahrem Tarihi, insanl\u0131k haf\u0131zas\u0131n\u0131 tazelemeyi ama\u00e7layan bir unutulmu\u015flar derlemesi, tarihe ge\u00e7enlerden \u00e7ok ge\u00e7meyenlerin tarihi.Zeldin, insanl\u0131\u011f\u0131n unutulmu\u015f an\u0131lar\u0131n\u0131 g\u00fcn \u0131\u015f\u0131\u011f\u0131na \u00e7\u0131kararak, k\u00f6\u015feye s\u0131k\u0131\u015ft\u0131\u011f\u0131 noktalardan \u00e7\u0131k\u0131\u015f yollar\u0131<span class=\"excerpt-hellip\"> [\u2026]<\/span><\/p>\n","protected":false},"featured_media":0,"template":"","meta":{"_monsterinsights_skip_tracking":false,"_monsterinsights_sitenote_active":false,"_monsterinsights_sitenote_note":"","_monsterinsights_sitenote_category":0},"product_brand":[],"product_cat":[12312,12304],"product_tag":[],"class_list":{"0":"post-690348","1":"product","2":"type-product","3":"status-publish","5":"product_cat-diger","6":"product_cat-tarih","7":"pa_cilt-ciltsiz","8":"pa_tur-kitap","9":"pa_yayinevi-ayrinti-yayinlari","10":"pa_yazar-theodore-zeldin","12":"first","13":"instock","14":"sale","15":"shipping-taxable","16":"purchasable","17":"product-type-simple"},"_links":{"self":[{"href":"https:\/\/roveyayinevi.com.tr\/index.php\/wp-json\/wp\/v2\/product\/690348","targetHints":{"allow":["GET"]}}],"collection":[{"href":"https:\/\/roveyayinevi.com.tr\/index.php\/wp-json\/wp\/v2\/product"}],"about":[{"href":"https:\/\/roveyayinevi.com.tr\/index.php\/wp-json\/wp\/v2\/types\/product"}],"wp:attachment":[{"href":"https:\/\/roveyayinevi.com.tr\/index.php\/wp-json\/wp\/v2\/media?parent=690348"}],"wp:term":[{"taxonomy":"product_brand","embeddable":true,"href":"https:\/\/roveyayinevi.com.tr\/index.php\/wp-json\/wp\/v2\/product_brand?post=690348"},{"taxonomy":"product_cat","embeddable":true,"href":"https:\/\/roveyayinevi.com.tr\/index.php\/wp-json\/wp\/v2\/product_cat?post=690348"},{"taxonomy":"product_tag","embeddable":true,"href":"https:\/\/roveyayinevi.com.tr\/index.php\/wp-json\/wp\/v2\/product_tag?post=690348"}],"curies":[{"name":"wp","href":"https:\/\/api.w.org\/{rel}","templated":true}]}}