{"id":690347,"date":"2025-08-27T13:51:18","date_gmt":"2025-08-27T10:51:18","guid":{"rendered":"https:\/\/roveyayinevi.com.tr\/index.php\/urun\/isletme-hastaligina-tutulmus-toplum\/"},"modified":"2026-04-16T01:59:54","modified_gmt":"2026-04-15T22:59:54","slug":"isletme-hastaligina-tutulmus-toplum","status":"publish","type":"product","link":"https:\/\/roveyayinevi.com.tr\/index.php\/urun\/isletme-hastaligina-tutulmus-toplum\/","title":{"rendered":"\u0130\u015fletme Hastal\u0131\u011f\u0131na Tutulmu\u015f Toplum"},"content":{"rendered":"<p>Otuz y\u0131l\u0131 a\u015fk\u0131n bir s\u00fcredir \u00e7al\u0131\u015fman\u0131n \u00f6rg\u00fctlenmesinde esasl\u0131 bir d\u00f6n\u00fc\u015f\u00fcm ya\u015fand\u0131. Esneklik ilkesi ve a\u011f imgesi etraf\u0131nda \u015fekillenen yeni y\u00f6netim paradigmas\u0131, risk i\u015ftah\u0131yla ve m\u00fcte\u015febbis ruhuyla s\u00fcrekli be\u015feri sermayesini art\u0131ran bir i\u015f\u00e7i tipi olu\u015fturmay\u0131 hedefliyor. \u00dcstelik bu paradigma art\u0131k sadece i\u015fyerini ve \u00e7al\u0131\u015fma ya\u015fam\u0131n\u0131 de\u011fil; benli\u011fimizi, g\u00fcndelik ya\u015fam\u0131m\u0131z\u0131 ve toplumsal kurumlar\u0131 da bi\u00e7imlendirmeye ba\u015flad\u0131.  Fransa&#8217;n\u0131n sayg\u0131n klinik sosyologlar\u0131ndan olan Vincent de Gaulejac, \u0130\u015fletme Hastal\u0131\u011f\u0131na Tutulmu\u015f Toplum\u2019da \u201ci\u015fletme ideolojisi\u201d ve \u201cy\u00f6netsel tahakk\u00fcm\u201d olarak kavramsalla\u015ft\u0131rd\u0131\u011f\u0131 bu paradigman\u0131n yaratt\u0131\u011f\u0131 bireysel ve toplumsal tahribat\u0131 ele al\u0131yor.\u0130\u015fletme, ara\u00e7lar\u0131n, prosed\u00fcrlerin, bilgi-ileti\u015fim ara\u00e7lar\u0131n\u0131n arkas\u0131nda i\u015fleyen d\u00fcnya g\u00f6r\u00fc\u015f\u00fc ve inan\u00e7 sistemi olarak bir yan\u0131lsamay\u0131 s\u00fcrd\u00fcr\u00fcyor, bir h\u00e2kimiyet projesini gizliyor. Bu ideolojinin temelinde her \u015feyi \u00f6l\u00e7\u00fclebilir hale getirmeyi ama\u00e7layan bir nesnelcilik, \u00f6rg\u00fct\u00fc ama\u00e7lar\u0131 \u00f6nceden tan\u0131mlanm\u0131\u015f veri olarak kabul eden bir i\u015flevselcilik, uzmanl\u0131\u011f\u0131n tart\u0131\u015f\u0131lmaz konumuna dayal\u0131 teknokratik bir ara\u00e7salc\u0131l\u0131k ve i\u015f\u00e7iyi firman\u0131n etkinli\u011fi i\u00e7in bir insan kayna\u011f\u0131 olarak g\u00f6ren bir faydac\u0131l\u0131k bulunmakta. Gaulejac\u2019a g\u00f6re h\u0131zla yay\u0131lan ve son derece tehlikeli bir salg\u0131n hastal\u0131kla kar\u015f\u0131 kar\u015f\u0131yay\u0131z. \u015eayet hakl\u0131ysa do\u011fru bir te\u015fhis ve etkili bir tedavi i\u00e7in kaybedecek vakit yok. Elinizdeki \u00e7al\u0131\u015fma ise b\u00f6ylesi bir iyile\u015fme giri\u015fimi i\u00e7in iyi bir ba\u015flang\u0131\u00e7.<\/p>\n","protected":false},"excerpt":{"rendered":"<p>Otuz y\u0131l\u0131 a\u015fk\u0131n bir s\u00fcredir \u00e7al\u0131\u015fman\u0131n \u00f6rg\u00fctlenmesinde esasl\u0131 bir d\u00f6n\u00fc\u015f\u00fcm ya\u015fand\u0131. Esneklik ilkesi ve a\u011f imgesi etraf\u0131nda \u015fekillenen yeni y\u00f6netim paradigmas\u0131, risk i\u015ftah\u0131yla ve m\u00fcte\u015febbis ruhuyla<span class=\"excerpt-hellip\"> [\u2026]<\/span><\/p>\n","protected":false},"featured_media":0,"template":"","meta":{"_monsterinsights_skip_tracking":false,"_monsterinsights_sitenote_active":false,"_monsterinsights_sitenote_note":"","_monsterinsights_sitenote_category":0},"product_brand":[],"product_cat":[13633,12324],"product_tag":[],"class_list":{"0":"post-690347","1":"product","2":"type-product","3":"status-publish","5":"product_cat-kultur-ve-bilim","6":"product_cat-sosyoloji","7":"pa_cilt-ciltsiz","8":"pa_tur-kitap","9":"pa_yayinevi-ayrinti-yayinlari","10":"pa_yazar-vincent-de-gaulejac","12":"first","13":"instock","14":"sale","15":"shipping-taxable","16":"purchasable","17":"product-type-simple"},"_links":{"self":[{"href":"https:\/\/roveyayinevi.com.tr\/index.php\/wp-json\/wp\/v2\/product\/690347","targetHints":{"allow":["GET"]}}],"collection":[{"href":"https:\/\/roveyayinevi.com.tr\/index.php\/wp-json\/wp\/v2\/product"}],"about":[{"href":"https:\/\/roveyayinevi.com.tr\/index.php\/wp-json\/wp\/v2\/types\/product"}],"wp:attachment":[{"href":"https:\/\/roveyayinevi.com.tr\/index.php\/wp-json\/wp\/v2\/media?parent=690347"}],"wp:term":[{"taxonomy":"product_brand","embeddable":true,"href":"https:\/\/roveyayinevi.com.tr\/index.php\/wp-json\/wp\/v2\/product_brand?post=690347"},{"taxonomy":"product_cat","embeddable":true,"href":"https:\/\/roveyayinevi.com.tr\/index.php\/wp-json\/wp\/v2\/product_cat?post=690347"},{"taxonomy":"product_tag","embeddable":true,"href":"https:\/\/roveyayinevi.com.tr\/index.php\/wp-json\/wp\/v2\/product_tag?post=690347"}],"curies":[{"name":"wp","href":"https:\/\/api.w.org\/{rel}","templated":true}]}}