{"id":690346,"date":"2025-08-27T13:51:17","date_gmt":"2025-08-27T10:51:17","guid":{"rendered":"https:\/\/roveyayinevi.com.tr\/index.php\/urun\/sairin-gozuyle\/"},"modified":"2026-04-16T01:59:54","modified_gmt":"2026-04-15T22:59:54","slug":"sairin-gozuyle","status":"publish","type":"product","link":"https:\/\/roveyayinevi.com.tr\/index.php\/urun\/sairin-gozuyle\/","title":{"rendered":"\u015eairin G\u00f6z\u00fcyle"},"content":{"rendered":"<p>\u015eiir, farkl\u0131 k\u0131y\u0131lar aras\u0131ndaki h\u00fcz\u00fcn hastal\u0131\u011f\u0131 m\u0131d\u0131r? Kad\u0131n erkek ve di\u011ferleri midir \u00f6zneleri? \u00d6znelerinin i\u00e7i ben&#8217;lerle mi doludur? Benim \u015fiirim, senin \u015fiirin, onlar\u0131n \u015fiirleri midir zamir kiplerine y\u00fckledi\u011fimiz? Bir kendini aray\u0131\u015f ve bulu\u015f mu, yoksa yiti\u015f midir kar\u015f\u0131 bireyde? Olmazsa olmaz m\u0131d\u0131r ya\u015famda, olmazlar\u0131n olmaz\u0131 m\u0131d\u0131r? Z\u0131tlar\u0131n birlikteli\u011fi, kad\u0131n ve erke\u011fin \u0131slakl\u0131\u011f\u0131 m\u0131d\u0131r buluttan \u00e7ar\u015faflarda? Kar\u015f\u0131 soluk mudur teni boyayan? Tap\u0131naklar\u0131n, zindanlar\u0131n, surlar\u0131n a\u00e7\u0131lmas\u0131 m\u0131d\u0131r? Pandora&#8217;n\u0131n kutusundan f\u0131rlayan k\u00fc\u00e7\u00fck tanr\u0131lar m\u0131, duvarlar\u0131 y\u0131k\u0131lm\u0131\u015f bir harabe mi yoksa? <\/p>\n","protected":false},"excerpt":{"rendered":"<p>\u015eiir, farkl\u0131 k\u0131y\u0131lar aras\u0131ndaki h\u00fcz\u00fcn hastal\u0131\u011f\u0131 m\u0131d\u0131r? Kad\u0131n erkek ve di\u011ferleri midir \u00f6zneleri? \u00d6znelerinin i\u00e7i ben&#8217;lerle mi doludur? Benim \u015fiirim, senin \u015fiirin, onlar\u0131n \u015fiirleri midir zamir<span class=\"excerpt-hellip\"> [\u2026]<\/span><\/p>\n","protected":false},"featured_media":0,"template":"","meta":{"_monsterinsights_skip_tracking":false,"_monsterinsights_sitenote_active":false,"_monsterinsights_sitenote_note":"","_monsterinsights_sitenote_category":0},"product_brand":[],"product_cat":[12291,12509],"product_tag":[],"class_list":{"0":"post-690346","1":"product","2":"type-product","3":"status-publish","5":"product_cat-edebiyat","6":"product_cat-siir","7":"pa_cilt-ciltsiz","8":"pa_tur-kitap","9":"pa_yayinevi-bencekitap","10":"pa_yazar-a-kadir-bilgin","12":"first","13":"instock","14":"sale","15":"shipping-taxable","16":"purchasable","17":"product-type-simple"},"_links":{"self":[{"href":"https:\/\/roveyayinevi.com.tr\/index.php\/wp-json\/wp\/v2\/product\/690346","targetHints":{"allow":["GET"]}}],"collection":[{"href":"https:\/\/roveyayinevi.com.tr\/index.php\/wp-json\/wp\/v2\/product"}],"about":[{"href":"https:\/\/roveyayinevi.com.tr\/index.php\/wp-json\/wp\/v2\/types\/product"}],"wp:attachment":[{"href":"https:\/\/roveyayinevi.com.tr\/index.php\/wp-json\/wp\/v2\/media?parent=690346"}],"wp:term":[{"taxonomy":"product_brand","embeddable":true,"href":"https:\/\/roveyayinevi.com.tr\/index.php\/wp-json\/wp\/v2\/product_brand?post=690346"},{"taxonomy":"product_cat","embeddable":true,"href":"https:\/\/roveyayinevi.com.tr\/index.php\/wp-json\/wp\/v2\/product_cat?post=690346"},{"taxonomy":"product_tag","embeddable":true,"href":"https:\/\/roveyayinevi.com.tr\/index.php\/wp-json\/wp\/v2\/product_tag?post=690346"}],"curies":[{"name":"wp","href":"https:\/\/api.w.org\/{rel}","templated":true}]}}