{"id":690343,"date":"2025-08-27T13:51:17","date_gmt":"2025-08-27T10:51:17","guid":{"rendered":"https:\/\/roveyayinevi.com.tr\/index.php\/urun\/fadis\/"},"modified":"2026-04-16T01:59:54","modified_gmt":"2026-04-15T22:59:54","slug":"fadis","status":"publish","type":"product","link":"https:\/\/roveyayinevi.com.tr\/index.php\/urun\/fadis\/","title":{"rendered":"Fadi\u015f"},"content":{"rendered":"<p>Y\u0131k\u0131lm\u0131\u015f bir yuvadan arta kalan Fadi\u015f, Anal\u0131 babal\u0131 bir yuvas\u0131 olmad\u0131\u011f\u0131ndan , \u00e7e\u015fitli k\u00f6y, kasaba, ve kentlerde akrabalardan olu\u015fan de\u011fi\u015fik ailelerin yan\u0131nda ya\u015famak zorundad\u0131r. Tek dayana\u011f\u0131 annesi Cemile&#8217;dir Ama, baba onu ikide bir ka\u00e7\u0131r\u0131p annesinden uzakla\u015ft\u0131r\u0131r. Anne, k\u0131z\u0131n\u0131n izine d\u00fc\u015fer onu bulur. Ancak ge\u00e7im i\u00e7in \u00e7al\u0131\u015fmak zorunda oldu\u011fundan, Fadi\u015f&#8217;i ayl\u0131k yollamak ko\u015fuluyla yak\u0131nlar\u0131na b\u0131rak\u0131r. Ana k\u0131z\u0131n ya\u015fam\u0131 \u00f6zlemle s\u00fcrer.Bir t\u00fcrl\u00fc bir araya gelemezler. Fadi\u015f&#8217;in duygu y\u00fckl\u00fc ya\u015fam ser\u00fcveni, \u00f6ylesine renkli, \u00f6ylesine ilgin\u00e7 ve s\u00fcr\u00fckleyicidir ki!Yazar\u0131n ilk roman\u0131 olan Fadi\u015f 1971 y\u0131l\u0131nda bas\u0131lm\u0131\u015ft\u0131r. O zamandan bu g\u00fcne kadar, ku\u015faktan ku\u015fa\u011fa s\u00fcrekli okunarak, klasik \u00e7ocuk roman\u0131 niteli\u011fi kazanm\u0131\u015ft\u0131r. Yediden yetmi\u015fe ,bu kitapta, herkes kendinden bir \u015fey bulmaktad\u0131r. \u00d6zellikle Fadi\u015f&#8217;in ya\u015fam\u0131n zorluklar\u0131 kar\u015f\u0131s\u0131nda g\u00f6sterdi\u011fi diren\u00e7, insanlara \u00f6rnek olmaktad\u0131r. K\u00f6y ,kasaba, kent ya\u015fam\u0131 i\u00e7inde s\u00fcren Fadi\u015f &#8216;in ser\u00fcvenleri ,\u00f6zg\u00fcnd\u00fcr sevin\u00e7 co\u015fku, kayg\u0131, korku, ac\u0131, yan\u0131nda \u00f6rf adetler, gelenek g\u00f6renekler, insan ili\u015fkileri , sevgi dolu bir yakla\u015f\u0131mla i\u015flenmektedir. Bu y\u00fczden Fadi\u015f, otuz y\u0131ld\u0131r halk\u0131n elinde, g\u00f6nl\u00fcnde ya\u015famay\u0131 ba\u015farm\u0131\u015ft\u0131r. <\/p>\n","protected":false},"excerpt":{"rendered":"<p>Y\u0131k\u0131lm\u0131\u015f bir yuvadan arta kalan Fadi\u015f, Anal\u0131 babal\u0131 bir yuvas\u0131 olmad\u0131\u011f\u0131ndan , \u00e7e\u015fitli k\u00f6y, kasaba, ve kentlerde akrabalardan olu\u015fan de\u011fi\u015fik ailelerin yan\u0131nda ya\u015famak zorundad\u0131r. Tek dayana\u011f\u0131<span class=\"excerpt-hellip\"> [\u2026]<\/span><\/p>\n","protected":false},"featured_media":0,"template":"","meta":{"_monsterinsights_skip_tracking":false,"_monsterinsights_sitenote_active":false,"_monsterinsights_sitenote_note":"","_monsterinsights_sitenote_category":0},"product_brand":[],"product_cat":[12291,12711],"product_tag":[],"class_list":{"0":"post-690343","1":"product","2":"type-product","3":"status-publish","5":"product_cat-edebiyat","6":"product_cat-roman-oyku","7":"pa_cilt-ciltsiz","8":"pa_tur-kitap","9":"pa_yayinevi-altin-kitaplar-ozel-urun","10":"pa_yazar-gulten-dayioglu","12":"first","13":"instock","14":"sale","15":"shipping-taxable","16":"purchasable","17":"product-type-simple"},"_links":{"self":[{"href":"https:\/\/roveyayinevi.com.tr\/index.php\/wp-json\/wp\/v2\/product\/690343","targetHints":{"allow":["GET"]}}],"collection":[{"href":"https:\/\/roveyayinevi.com.tr\/index.php\/wp-json\/wp\/v2\/product"}],"about":[{"href":"https:\/\/roveyayinevi.com.tr\/index.php\/wp-json\/wp\/v2\/types\/product"}],"wp:attachment":[{"href":"https:\/\/roveyayinevi.com.tr\/index.php\/wp-json\/wp\/v2\/media?parent=690343"}],"wp:term":[{"taxonomy":"product_brand","embeddable":true,"href":"https:\/\/roveyayinevi.com.tr\/index.php\/wp-json\/wp\/v2\/product_brand?post=690343"},{"taxonomy":"product_cat","embeddable":true,"href":"https:\/\/roveyayinevi.com.tr\/index.php\/wp-json\/wp\/v2\/product_cat?post=690343"},{"taxonomy":"product_tag","embeddable":true,"href":"https:\/\/roveyayinevi.com.tr\/index.php\/wp-json\/wp\/v2\/product_tag?post=690343"}],"curies":[{"name":"wp","href":"https:\/\/api.w.org\/{rel}","templated":true}]}}