{"id":690342,"date":"2025-08-27T13:51:17","date_gmt":"2025-08-27T10:51:17","guid":{"rendered":"https:\/\/roveyayinevi.com.tr\/index.php\/urun\/efsaneler-ulkesi-cine-yolculuk\/"},"modified":"2026-04-16T01:59:54","modified_gmt":"2026-04-15T22:59:54","slug":"efsaneler-ulkesi-cine-yolculuk","status":"publish","type":"product","link":"https:\/\/roveyayinevi.com.tr\/index.php\/urun\/efsaneler-ulkesi-cine-yolculuk\/","title":{"rendered":"Efsaneler \u00dclkesi \u00c7in\u2019e Yolculuk"},"content":{"rendered":"<p>Sevgili Okuyucular\u0131m, \u015fimdi hep birlikte g\u00f6rkemli \u00c7in gezisine \u00e7\u0131k\u0131yoruz. Bu ilgin\u00e7 ser\u00fcvenlerle dolu gezi s\u0131ras\u0131nda anayurdumuz olan Orta Asya\u2019n\u0131n havas\u0131n\u0131 soluyaca\u011f\u0131z. Atalar\u0131m\u0131z\u0131n ya\u015fad\u0131\u011f\u0131 topraklara ayak basaca\u011f\u0131z. \u00c7in Seddi\u2019ni, Yasak \u015eehir\u2019i, kil askerler ordusunu g\u00f6rece\u011fiz. Bir bak\u0131ma, dillere destan \u00c7in efsanesini ya\u015fayaca\u011f\u0131z. Binlerce y\u0131ll\u0131k ge\u00e7mi\u015fin esintileriyle olu\u015fan doyumsuz duygularla dolup ta\u015faca\u011f\u0131z. \ufffcTan\u0131t\u0131m Metni<\/p>\n","protected":false},"excerpt":{"rendered":"<p>Sevgili Okuyucular\u0131m, \u015fimdi hep birlikte g\u00f6rkemli \u00c7in gezisine \u00e7\u0131k\u0131yoruz. Bu ilgin\u00e7 ser\u00fcvenlerle dolu gezi s\u0131ras\u0131nda anayurdumuz olan Orta Asya\u2019n\u0131n havas\u0131n\u0131 soluyaca\u011f\u0131z. Atalar\u0131m\u0131z\u0131n ya\u015fad\u0131\u011f\u0131 topraklara ayak basaca\u011f\u0131z.<span class=\"excerpt-hellip\"> [\u2026]<\/span><\/p>\n","protected":false},"featured_media":0,"template":"","meta":{"_monsterinsights_skip_tracking":false,"_monsterinsights_sitenote_active":false,"_monsterinsights_sitenote_note":"","_monsterinsights_sitenote_category":0},"product_brand":[],"product_cat":[12274,12284],"product_tag":[],"class_list":{"0":"post-690342","1":"product","2":"type-product","3":"status-publish","5":"product_cat-cocuk-ve-genclik-kitaplari","6":"product_cat-hikayeler","7":"pa_tur-kitap","8":"pa_yayinevi-altin-kitaplar-cocuk-kitaplari","9":"pa_yazar-gulten-dayioglu","11":"first","12":"instock","13":"sale","14":"shipping-taxable","15":"purchasable","16":"product-type-simple"},"_links":{"self":[{"href":"https:\/\/roveyayinevi.com.tr\/index.php\/wp-json\/wp\/v2\/product\/690342","targetHints":{"allow":["GET"]}}],"collection":[{"href":"https:\/\/roveyayinevi.com.tr\/index.php\/wp-json\/wp\/v2\/product"}],"about":[{"href":"https:\/\/roveyayinevi.com.tr\/index.php\/wp-json\/wp\/v2\/types\/product"}],"wp:attachment":[{"href":"https:\/\/roveyayinevi.com.tr\/index.php\/wp-json\/wp\/v2\/media?parent=690342"}],"wp:term":[{"taxonomy":"product_brand","embeddable":true,"href":"https:\/\/roveyayinevi.com.tr\/index.php\/wp-json\/wp\/v2\/product_brand?post=690342"},{"taxonomy":"product_cat","embeddable":true,"href":"https:\/\/roveyayinevi.com.tr\/index.php\/wp-json\/wp\/v2\/product_cat?post=690342"},{"taxonomy":"product_tag","embeddable":true,"href":"https:\/\/roveyayinevi.com.tr\/index.php\/wp-json\/wp\/v2\/product_tag?post=690342"}],"curies":[{"name":"wp","href":"https:\/\/api.w.org\/{rel}","templated":true}]}}