{"id":690339,"date":"2025-08-27T13:51:16","date_gmt":"2025-08-27T10:51:16","guid":{"rendered":"https:\/\/roveyayinevi.com.tr\/index.php\/urun\/k\/"},"modified":"2026-04-16T01:59:53","modified_gmt":"2026-04-15T22:59:53","slug":"k","status":"publish","type":"product","link":"https:\/\/roveyayinevi.com.tr\/index.php\/urun\/k\/","title":{"rendered":"K."},"content":{"rendered":"<p>K.   kitap, \u00fclkemiz g\u00fcndemine aylar \u00f6nce oturan, k\u00fcrtaj yasas\u0131 tart\u0131\u015fmalar\u0131 ekseninde, yasan\u0131n \u00e7\u0131kmas\u0131na kar\u015f\u0131 duran erkeklerin fikirlerini kamuoyuyla payla\u015fmak, toplumun her kesiminden erkek sesleri alarak, kad\u0131nlar\u0131n sesine ses katmak amac\u0131yla y\u00fcr\u00fct\u00fcld\u00fc. <\/p>\n","protected":false},"excerpt":{"rendered":"<p>K. kitap, \u00fclkemiz g\u00fcndemine aylar \u00f6nce oturan, k\u00fcrtaj yasas\u0131 tart\u0131\u015fmalar\u0131 ekseninde, yasan\u0131n \u00e7\u0131kmas\u0131na kar\u015f\u0131 duran erkeklerin fikirlerini kamuoyuyla payla\u015fmak, toplumun her kesiminden erkek sesleri alarak, kad\u0131nlar\u0131n<span class=\"excerpt-hellip\"> [\u2026]<\/span><\/p>\n","protected":false},"featured_media":0,"template":"","meta":{"_monsterinsights_skip_tracking":false,"_monsterinsights_sitenote_active":false,"_monsterinsights_sitenote_note":"","_monsterinsights_sitenote_category":0},"product_brand":[],"product_cat":[13278,12324],"product_tag":[],"class_list":{"0":"post-690339","1":"product","2":"type-product","3":"status-publish","5":"product_cat-sivil-toplum-kuruluslari","6":"product_cat-sosyoloji","7":"pa_cilt-ciltsiz","8":"pa_tur-kitap","9":"pa_yayinevi-bencekitap","10":"pa_yazar-kolektif","12":"first","13":"instock","14":"sale","15":"shipping-taxable","16":"purchasable","17":"product-type-simple"},"_links":{"self":[{"href":"https:\/\/roveyayinevi.com.tr\/index.php\/wp-json\/wp\/v2\/product\/690339","targetHints":{"allow":["GET"]}}],"collection":[{"href":"https:\/\/roveyayinevi.com.tr\/index.php\/wp-json\/wp\/v2\/product"}],"about":[{"href":"https:\/\/roveyayinevi.com.tr\/index.php\/wp-json\/wp\/v2\/types\/product"}],"wp:attachment":[{"href":"https:\/\/roveyayinevi.com.tr\/index.php\/wp-json\/wp\/v2\/media?parent=690339"}],"wp:term":[{"taxonomy":"product_brand","embeddable":true,"href":"https:\/\/roveyayinevi.com.tr\/index.php\/wp-json\/wp\/v2\/product_brand?post=690339"},{"taxonomy":"product_cat","embeddable":true,"href":"https:\/\/roveyayinevi.com.tr\/index.php\/wp-json\/wp\/v2\/product_cat?post=690339"},{"taxonomy":"product_tag","embeddable":true,"href":"https:\/\/roveyayinevi.com.tr\/index.php\/wp-json\/wp\/v2\/product_tag?post=690339"}],"curies":[{"name":"wp","href":"https:\/\/api.w.org\/{rel}","templated":true}]}}