{"id":690338,"date":"2025-08-27T13:51:16","date_gmt":"2025-08-27T10:51:16","guid":{"rendered":"https:\/\/roveyayinevi.com.tr\/index.php\/urun\/lupipam\/"},"modified":"2026-04-16T01:59:53","modified_gmt":"2026-04-15T22:59:53","slug":"lupipam","status":"publish","type":"product","link":"https:\/\/roveyayinevi.com.tr\/index.php\/urun\/lupipam\/","title":{"rendered":"Lupipam"},"content":{"rendered":"<p>Kad\u0131n kim bilir ka\u00e7\u0131nc\u0131 kez a\u011fz\u0131n\u0131n i\u00e7inde d\u00f6nd\u00fcr\u00fcp durdu\u011fu lokmas\u0131n\u0131 isteksizce yuttu, zor duyulur bir sesle &#8220;Lupipam,&#8221; dedi. &#8220;Ne?&#8221; k\u00fc\u00e7\u00fck k\u0131zla adam ayn\u0131 anda sordular, &#8220;Ne dedin?&#8221; Hi\u00e7 k\u0131m\u0131ldamadan yineledi kad\u0131n: &#8220;Lupipam.&#8221;Birden sanki bir bomba patlad\u0131 mutfakta. Adam ve k\u0131z\u0131, ikiye katlanm\u0131\u015flar, g\u00f6zlerinden ya\u015flar gele gele, kar\u0131nlar\u0131na bast\u0131r\u0131p patlamas\u0131n\u0131 \u00f6nlemeye \u00e7al\u0131\u015fa \u00e7al\u0131\u015fa g\u00fcl\u00fcyor, g\u00fcl\u00fcyorlard\u0131. &#8220;LUP\u0130PAM!&#8221; <\/p>\n","protected":false},"excerpt":{"rendered":"<p>Kad\u0131n kim bilir ka\u00e7\u0131nc\u0131 kez a\u011fz\u0131n\u0131n i\u00e7inde d\u00f6nd\u00fcr\u00fcp durdu\u011fu lokmas\u0131n\u0131 isteksizce yuttu, zor duyulur bir sesle &#8220;Lupipam,&#8221; dedi. &#8220;Ne?&#8221; k\u00fc\u00e7\u00fck k\u0131zla adam ayn\u0131 anda sordular, &#8220;Ne<span class=\"excerpt-hellip\"> [\u2026]<\/span><\/p>\n","protected":false},"featured_media":0,"template":"","meta":{"_monsterinsights_skip_tracking":false,"_monsterinsights_sitenote_active":false,"_monsterinsights_sitenote_note":"","_monsterinsights_sitenote_category":0},"product_brand":[],"product_cat":[12291,12711],"product_tag":[],"class_list":{"0":"post-690338","1":"product","2":"type-product","3":"status-publish","5":"product_cat-edebiyat","6":"product_cat-roman-oyku","7":"pa_cilt-ciltsiz","8":"pa_tur-kitap","9":"pa_yayinevi-bencekitap","10":"pa_yazar-lale-dilligil","12":"first","13":"instock","14":"sale","15":"shipping-taxable","16":"purchasable","17":"product-type-simple"},"_links":{"self":[{"href":"https:\/\/roveyayinevi.com.tr\/index.php\/wp-json\/wp\/v2\/product\/690338","targetHints":{"allow":["GET"]}}],"collection":[{"href":"https:\/\/roveyayinevi.com.tr\/index.php\/wp-json\/wp\/v2\/product"}],"about":[{"href":"https:\/\/roveyayinevi.com.tr\/index.php\/wp-json\/wp\/v2\/types\/product"}],"wp:attachment":[{"href":"https:\/\/roveyayinevi.com.tr\/index.php\/wp-json\/wp\/v2\/media?parent=690338"}],"wp:term":[{"taxonomy":"product_brand","embeddable":true,"href":"https:\/\/roveyayinevi.com.tr\/index.php\/wp-json\/wp\/v2\/product_brand?post=690338"},{"taxonomy":"product_cat","embeddable":true,"href":"https:\/\/roveyayinevi.com.tr\/index.php\/wp-json\/wp\/v2\/product_cat?post=690338"},{"taxonomy":"product_tag","embeddable":true,"href":"https:\/\/roveyayinevi.com.tr\/index.php\/wp-json\/wp\/v2\/product_tag?post=690338"}],"curies":[{"name":"wp","href":"https:\/\/api.w.org\/{rel}","templated":true}]}}