{"id":690337,"date":"2025-08-27T13:51:16","date_gmt":"2025-08-27T10:51:16","guid":{"rendered":"https:\/\/roveyayinevi.com.tr\/index.php\/urun\/kutsal-ucleme\/"},"modified":"2026-04-16T01:59:53","modified_gmt":"2026-04-15T22:59:53","slug":"kutsal-ucleme","status":"publish","type":"product","link":"https:\/\/roveyayinevi.com.tr\/index.php\/urun\/kutsal-ucleme\/","title":{"rendered":"Kutsal \u00dc\u00e7leme"},"content":{"rendered":"<p>G\u00f6z koydu\u011fu kad\u0131n\u0131n kocas\u0131n\u0131 sava\u015fta \u00f6ld\u00fcrterek ona sahip olan Kral-Peygamber Davut\u2026 Tanr\u0131&#8217;n\u0131n verdi\u011fi peygamberlik g\u00f6revini kabul etmeyerek ondan ka\u00e7maya \u00e7al\u0131\u015f\u0131rken Akdeniz&#8217;de \u015fiddetli f\u0131rt\u0131naya yakalanan ve \u00fc\u00e7 g\u00fcn bir bal\u0131\u011f\u0131n midesinde can \u00e7eki\u015fen Yunus peygamber\u2026 Gen\u00e7 erkek g\u00f6r\u00fcn\u00fcm\u00fcndeki meleklere tecav\u00fcze kalk\u0131\u015fan, &#8220;o\u011flanc\u0131&#8221; Lut kavminin &#8220;cehennemin dibini&#8221; boylay\u0131\u015f\u0131\u2026 Ayr\u0131ca; Antalya ve Sakarya \u00dc\u00e7lemeleri, Ya\u015famdan Kesitler\u2026 <\/p>\n","protected":false},"excerpt":{"rendered":"<p>G\u00f6z koydu\u011fu kad\u0131n\u0131n kocas\u0131n\u0131 sava\u015fta \u00f6ld\u00fcrterek ona sahip olan Kral-Peygamber Davut\u2026 Tanr\u0131&#8217;n\u0131n verdi\u011fi peygamberlik g\u00f6revini kabul etmeyerek ondan ka\u00e7maya \u00e7al\u0131\u015f\u0131rken Akdeniz&#8217;de \u015fiddetli f\u0131rt\u0131naya yakalanan ve \u00fc\u00e7<span class=\"excerpt-hellip\"> [\u2026]<\/span><\/p>\n","protected":false},"featured_media":0,"template":"","meta":{"_monsterinsights_skip_tracking":false,"_monsterinsights_sitenote_active":false,"_monsterinsights_sitenote_note":"","_monsterinsights_sitenote_category":0},"product_brand":[],"product_cat":[12291,12711],"product_tag":[],"class_list":{"0":"post-690337","1":"product","2":"type-product","3":"status-publish","5":"product_cat-edebiyat","6":"product_cat-roman-oyku","7":"pa_cilt-ciltsiz","8":"pa_tur-kitap","9":"pa_yayinevi-bencekitap","10":"pa_yazar-mehmet-ongeoglu","12":"first","13":"instock","14":"sale","15":"shipping-taxable","16":"purchasable","17":"product-type-simple"},"_links":{"self":[{"href":"https:\/\/roveyayinevi.com.tr\/index.php\/wp-json\/wp\/v2\/product\/690337","targetHints":{"allow":["GET"]}}],"collection":[{"href":"https:\/\/roveyayinevi.com.tr\/index.php\/wp-json\/wp\/v2\/product"}],"about":[{"href":"https:\/\/roveyayinevi.com.tr\/index.php\/wp-json\/wp\/v2\/types\/product"}],"wp:attachment":[{"href":"https:\/\/roveyayinevi.com.tr\/index.php\/wp-json\/wp\/v2\/media?parent=690337"}],"wp:term":[{"taxonomy":"product_brand","embeddable":true,"href":"https:\/\/roveyayinevi.com.tr\/index.php\/wp-json\/wp\/v2\/product_brand?post=690337"},{"taxonomy":"product_cat","embeddable":true,"href":"https:\/\/roveyayinevi.com.tr\/index.php\/wp-json\/wp\/v2\/product_cat?post=690337"},{"taxonomy":"product_tag","embeddable":true,"href":"https:\/\/roveyayinevi.com.tr\/index.php\/wp-json\/wp\/v2\/product_tag?post=690337"}],"curies":[{"name":"wp","href":"https:\/\/api.w.org\/{rel}","templated":true}]}}