{"id":690336,"date":"2025-08-27T13:51:16","date_gmt":"2025-08-27T10:51:16","guid":{"rendered":"https:\/\/roveyayinevi.com.tr\/index.php\/urun\/tuketim-toplumu\/"},"modified":"2026-04-16T01:59:53","modified_gmt":"2026-04-15T22:59:53","slug":"tuketim-toplumu","status":"publish","type":"product","link":"https:\/\/roveyayinevi.com.tr\/index.php\/urun\/tuketim-toplumu\/","title":{"rendered":"T\u00fcketim Toplumu"},"content":{"rendered":"<p>\u00c7a\u011f\u0131m\u0131z\u0131n \u00f6nemli filozoflar\u0131ndan Baudrillard bu kitab\u0131nda, \u00e7arp\u0131k t\u00fcketim anlay\u0131\u015f\u0131n\u0131 ele al\u0131yor. Ger\u00e7ek ihtiya\u00e7lar ile sahte ihtiya\u00e7lar aras\u0131ndaki ayr\u0131m\u0131n ortadan kalkt\u0131\u011f\u0131 t\u00fcketim toplumunda birey t\u00fcketim mallar\u0131n\u0131 sat\u0131n alman\u0131n ve bunlar\u0131 sergilemenin toplumsal bir ayr\u0131cal\u0131k ve prestij getirdi\u011fine inan\u0131r. B\u00f6ylece genel bir toplumsal farkl\u0131la\u015fma mant\u0131\u011f\u0131 ortaya \u00e7\u0131kar. \u0130htiya\u00e7 art\u0131k bir nesneye duyulan ihtiya\u00e7tan \u00e7ok, bir farkl\u0131la\u015fma ihtiyac\u0131d\u0131r. T\u00fcketici tek tek nesnelere de\u011fil, mal ve hizmetler sistemini b\u00fct\u00fcn\u00fcyle sat\u0131n almaya y\u00f6nlendirilir; bu s\u00fcre\u00e7te bir yandan kendini toplumsal olarak di\u011ferlerinden ay\u0131rt etti\u011fine inan\u0131rken, bir yandan da t\u00fcketim toplumuyla b\u00fct\u00fcnle\u015fir. Dolay\u0131s\u0131yla t\u00fcketmek birey i\u00e7in bir zorunlu\u011fa d\u00f6n\u00fc\u015f\u00fcr. Bu anlamda t\u00fcketim bireyin \u00f6zg\u00fcr bir etkinli\u011fi de\u011fildir. <\/p>\n","protected":false},"excerpt":{"rendered":"<p>\u00c7a\u011f\u0131m\u0131z\u0131n \u00f6nemli filozoflar\u0131ndan Baudrillard bu kitab\u0131nda, \u00e7arp\u0131k t\u00fcketim anlay\u0131\u015f\u0131n\u0131 ele al\u0131yor. Ger\u00e7ek ihtiya\u00e7lar ile sahte ihtiya\u00e7lar aras\u0131ndaki ayr\u0131m\u0131n ortadan kalkt\u0131\u011f\u0131 t\u00fcketim toplumunda birey t\u00fcketim mallar\u0131n\u0131 sat\u0131n<span class=\"excerpt-hellip\"> [\u2026]<\/span><\/p>\n","protected":false},"featured_media":0,"template":"","meta":{"_monsterinsights_skip_tracking":false,"_monsterinsights_sitenote_active":false,"_monsterinsights_sitenote_note":"","_monsterinsights_sitenote_category":0},"product_brand":[],"product_cat":[13590,12337],"product_tag":[],"class_list":{"0":"post-690336","1":"product","2":"type-product","3":"status-publish","5":"product_cat-arastirma-inceleme-politika-siyaset","6":"product_cat-politika-siyaset","7":"pa_cilt-ciltsiz","8":"pa_tur-kitap","9":"pa_yayinevi-ayrinti-yayinlari","10":"pa_yazar-jean-baudrillard","12":"first","13":"instock","14":"sale","15":"shipping-taxable","16":"purchasable","17":"product-type-simple"},"_links":{"self":[{"href":"https:\/\/roveyayinevi.com.tr\/index.php\/wp-json\/wp\/v2\/product\/690336","targetHints":{"allow":["GET"]}}],"collection":[{"href":"https:\/\/roveyayinevi.com.tr\/index.php\/wp-json\/wp\/v2\/product"}],"about":[{"href":"https:\/\/roveyayinevi.com.tr\/index.php\/wp-json\/wp\/v2\/types\/product"}],"wp:attachment":[{"href":"https:\/\/roveyayinevi.com.tr\/index.php\/wp-json\/wp\/v2\/media?parent=690336"}],"wp:term":[{"taxonomy":"product_brand","embeddable":true,"href":"https:\/\/roveyayinevi.com.tr\/index.php\/wp-json\/wp\/v2\/product_brand?post=690336"},{"taxonomy":"product_cat","embeddable":true,"href":"https:\/\/roveyayinevi.com.tr\/index.php\/wp-json\/wp\/v2\/product_cat?post=690336"},{"taxonomy":"product_tag","embeddable":true,"href":"https:\/\/roveyayinevi.com.tr\/index.php\/wp-json\/wp\/v2\/product_tag?post=690336"}],"curies":[{"name":"wp","href":"https:\/\/api.w.org\/{rel}","templated":true}]}}