{"id":690335,"date":"2025-08-27T13:51:15","date_gmt":"2025-08-27T10:51:15","guid":{"rendered":"https:\/\/roveyayinevi.com.tr\/index.php\/urun\/zamanin-ve-uzayin-dogasi\/"},"modified":"2026-04-16T01:59:53","modified_gmt":"2026-04-15T22:59:53","slug":"zamanin-ve-uzayin-dogasi","status":"publish","type":"product","link":"https:\/\/roveyayinevi.com.tr\/index.php\/urun\/zamanin-ve-uzayin-dogasi\/","title":{"rendered":"Zaman\u0131n ve Uzay\u0131n Do\u011fas\u0131"},"content":{"rendered":"<p>Kuantum k\u00fctle\u00e7ekim, evrenin ilk zamanlar\u0131n\u0131 ve kara delikler gibi ilgin\u00e7 nesneleri nas\u0131l a\u00e7\u0131klayabilir? Evrenin g\u00f6r\u00fcn\u00fcm\u00fc nas\u0131l hi\u00e7bir kuantum etkisi g\u00f6zlenmeden Einstein\u2019\u0131n \u00f6ng\u00f6rd\u00fc\u011f\u00fc gibi olabilir? Zaman neden ileri gider de geri gitmez? Bu kitapta, iki farkl\u0131 g\u00f6r\u00fc\u015fteki fizik\u00e7i bu sorular\u0131 tart\u0131\u015f\u0131yorlar. Penrose realisti, Hawking ise pozitivisti oynuyor. Penrose, Einstein gibi, kuantum fizi\u011finin tamamlanm\u0131\u015f bir kuram oldu\u011funa kar\u015f\u0131 \u00e7\u0131k\u0131yor. Hawking ise tersine, genel g\u00f6relili\u011fin evrenin nas\u0131l ba\u015flad\u0131\u011f\u0131n\u0131 a\u00e7\u0131klayamayaca\u011f\u0131n\u0131 \u00f6ne s\u00fcr\u00fcyor. Hawking\u2019e g\u00f6re, sadece s\u0131n\u0131r ko\u015fullar\u0131 olmayan bir kuantum k\u00fctle\u00e7ekim kuram\u0131, k\u00fc\u00e7\u00fck bir k\u0131sm\u0131n\u0131 g\u00f6zleyebildi\u011fimiz evren hakk\u0131nda bize bir \u015feyler s\u00f6yleme \u015fans\u0131na sahiptir. Penrose ve Hawking aras\u0131ndaki tart\u0131\u015fma bir bak\u0131ma, Einstein rol\u00fcn\u00fc Penrose\u2019un ve Bohr rol\u00fcn\u00fc de Hawking\u2019in \u00fcstlendi\u011fi eski fikir ayr\u0131l\u0131\u011f\u0131n\u0131n uzant\u0131s\u0131d\u0131r.\u2018\u2019Son otuz y\u0131lda Stephen Hawking ve Roger Penrose k\u00fctle\u00e7ekimin ve kozmolojinin do\u011fas\u0131n\u0131 anlamak i\u00e7in herkesten daha \u00e7ok u\u011fra\u015ft\u0131&#8230; Zaman\u0131n ve Uzay\u0131n Do\u011fas\u0131 bu \u00e7aban\u0131n kitapla\u015ft\u0131r\u0131lm\u0131\u015f halidir&#8230;.\u2019\u2019\u2013John Barrow, New Scientist\u201c Hawking ile Penrose aras\u0131ndaki tart\u0131\u015fma okuyucuyla etkile\u015fim sa\u011fl\u0131yor&#8230; Hawking\u2019in mizah anlay\u0131\u015f\u0131 kitab\u0131 renklendiriyor.\u2019\u2019\u2013Joseph Silk, The Times Higher Education Supplement\u201cBu ilgin\u00e7 kitap, gelecek nesil fizik\u00e7iler i\u00e7in daha da ilgin\u00e7 olmaya aday.\u2019\u2019\u2013Robert M. Wald, Science <\/p>\n","protected":false},"excerpt":{"rendered":"<p>Kuantum k\u00fctle\u00e7ekim, evrenin ilk zamanlar\u0131n\u0131 ve kara delikler gibi ilgin\u00e7 nesneleri nas\u0131l a\u00e7\u0131klayabilir? Evrenin g\u00f6r\u00fcn\u00fcm\u00fc nas\u0131l hi\u00e7bir kuantum etkisi g\u00f6zlenmeden Einstein\u2019\u0131n \u00f6ng\u00f6rd\u00fc\u011f\u00fc gibi olabilir? Zaman neden<span class=\"excerpt-hellip\"> [\u2026]<\/span><\/p>\n","protected":false},"featured_media":0,"template":"","meta":{"_monsterinsights_skip_tracking":false,"_monsterinsights_sitenote_active":false,"_monsterinsights_sitenote_note":"","_monsterinsights_sitenote_category":0},"product_brand":[],"product_cat":[13005,13006],"product_tag":[],"class_list":{"0":"post-690335","1":"product","2":"type-product","3":"status-publish","5":"product_cat-bilim-muhendislik","6":"product_cat-populer-bilim","7":"pa_cilt-ciltsiz","8":"pa_tur-kitap","9":"pa_yayinevi-alfa-yayinlari","10":"pa_yazar-stephen-hawking-roger-penrose","12":"first","13":"instock","14":"sale","15":"shipping-taxable","16":"purchasable","17":"product-type-simple"},"_links":{"self":[{"href":"https:\/\/roveyayinevi.com.tr\/index.php\/wp-json\/wp\/v2\/product\/690335","targetHints":{"allow":["GET"]}}],"collection":[{"href":"https:\/\/roveyayinevi.com.tr\/index.php\/wp-json\/wp\/v2\/product"}],"about":[{"href":"https:\/\/roveyayinevi.com.tr\/index.php\/wp-json\/wp\/v2\/types\/product"}],"wp:attachment":[{"href":"https:\/\/roveyayinevi.com.tr\/index.php\/wp-json\/wp\/v2\/media?parent=690335"}],"wp:term":[{"taxonomy":"product_brand","embeddable":true,"href":"https:\/\/roveyayinevi.com.tr\/index.php\/wp-json\/wp\/v2\/product_brand?post=690335"},{"taxonomy":"product_cat","embeddable":true,"href":"https:\/\/roveyayinevi.com.tr\/index.php\/wp-json\/wp\/v2\/product_cat?post=690335"},{"taxonomy":"product_tag","embeddable":true,"href":"https:\/\/roveyayinevi.com.tr\/index.php\/wp-json\/wp\/v2\/product_tag?post=690335"}],"curies":[{"name":"wp","href":"https:\/\/api.w.org\/{rel}","templated":true}]}}