{"id":690333,"date":"2025-08-27T13:51:15","date_gmt":"2025-08-27T10:51:15","guid":{"rendered":"https:\/\/roveyayinevi.com.tr\/index.php\/urun\/tanrinin-agzindan-evrenin-hikayesi\/"},"modified":"2026-04-16T01:59:53","modified_gmt":"2026-04-15T22:59:53","slug":"tanrinin-agzindan-evrenin-hikayesi","status":"publish","type":"product","link":"https:\/\/roveyayinevi.com.tr\/index.php\/urun\/tanrinin-agzindan-evrenin-hikayesi\/","title":{"rendered":"Tanr\u0131\u2019n\u0131n A\u011fz\u0131ndan Evrenin Hikayesi"},"content":{"rendered":"<p>Evrenin ve insanl\u0131\u011f\u0131n ak\u0131l almaz ser\u00fcvenini, yarat\u0131l\u0131\u015f\u0131n ilk an\u0131ndan ba\u015flayarak, Yarat\u0131c\u0131\u2019n\u0131n kendisinden dinledi\u011finizi hayal edin. \u0130\u015fte FrancoFerrucci bunu yapm\u0131\u015f ve ortaya b\u00fcy\u00fcleyici bir roman \u00e7\u0131km\u0131\u015f&#8230; Ferrucci\u2019nin \u015fefkatli ve unutkan Tanr\u0131s\u0131, kendini evrenin muazzam bo\u015flu\u011funda yapayaln\u0131z buldu\u011fu anda ba\u015flayan bir yazg\u0131y\u0131, b\u00fct\u00fcn ini\u015f \u00e7\u0131k\u0131\u015flar\u0131yla birlikte, unutulmaz bir hik\u00e2yeye d\u00f6n\u00fc\u015ft\u00fcr\u00fcyor. Bir bak\u0131ma herkesin, her canl\u0131n\u0131n, b\u00fct\u00fcn yery\u00fcz\u00fcn\u00fcn hik\u00e2yesi bu&#8230; Evrenin Hik\u00e2yesi her \u015feyden \u00f6nce bir yaln\u0131zl\u0131k destan\u0131; \u00e7\u00fcnk\u00fc yaln\u0131zl\u0131klar\u0131n en katlan\u0131lmaz olan\u0131n\u0131, Tanr\u0131\u2019n\u0131n mutlak ve a\u015f\u0131lmaz yaln\u0131zl\u0131\u011f\u0131n\u0131 anlat\u0131yor. Bu kahredici yaln\u0131zl\u0131ktan bir \u00e7\u0131k\u0131\u015f yolu arayan Tanr\u0131 sonunda yerk\u00fcreye hayat verir, \u201cevrenin do\u011furdu\u011fu umut \u00e7i\u00e7e\u011fi\u201dne&#8230; Yarat\u0131c\u0131s\u0131n\u0131n tutkuyla sevdaland\u0131\u011f\u0131 bu ye\u015fil ve mavi gezegenin, ayn\u0131 zamanda dizginlenemez bir y\u0131k\u0131m enerjisiyle dolu oldu\u011fu \u00e7ok ge\u00e7meden anla\u015f\u0131lacakt\u0131r: S\u00f6z dinlemez yerk\u00fcre, yarat\u0131c\u0131s\u0131n\u0131n \u015fa\u015fk\u0131n bak\u0131\u015flar\u0131 alt\u0131nda kendi yoluna gider. \u0130nsano\u011flu do\u011fdu\u011fu zaman, Tanr\u0131\u2019n\u0131n umutlar\u0131 bir kere daha canlan\u0131r: \u201cZul\u00fcm\u201d ve \u201cvah\u015feti\u201d yery\u00fcz\u00fcnden silmesine yard\u0131m edecek belki de odur!.. Bundan sonras\u0131 ne yaz\u0131k ki bir h\u00fcsran hik\u00e2yesidir. En sevdi\u011fi varl\u0131\u011f\u0131yla Tanr\u0131 aras\u0131ndaki ili\u015fki, h\u00fcz\u00fcn ve hayal k\u0131r\u0131kl\u0131\u011f\u0131yla g\u00f6lgelenmeye mahk\u00fbmdur, hem de sonsuza kadar. \u0130nsanl\u0131\u011f\u0131n etkili \u00e7o\u011funlu\u011fu, Tanr\u0131\u2019n\u0131n \u201csevgi\u201d ve \u201ciyilik\u201d dolu bir d\u00fcnya \u00f6zleminin gerektirdi\u011fi sorumluluklar\u0131 \u00fcstlenmenin s\u0131k\u0131nt\u0131s\u0131na girmeyecek, \u201czul\u00fcm\u201d ve \u201cvah\u015fet\u201d \u00fcretmeye devam edecektir. \u00dcstelik Tanr\u0131\u2019n\u0131n ba\u015fka hi\u00e7bir yarat\u0131\u011f\u0131na vermedi\u011fi \u201ca\u015fk\u201d yetisine ra\u011fmen&#8230; B\u00f6ylece binlerce y\u0131ll\u0131k aray\u0131\u015f sonu\u00e7suz kalacak, \u201ck\u00f6t\u00fcl\u00fc\u011f\u00fcn\u201d ve \u201cac\u0131n\u0131n\u201d kayna\u011f\u0131 bulunamayacak, \u201cbilgi\u201d ve \u201cg\u00fczelli\u011fin\u201d h\u00fck\u00fcm s\u00fcrd\u00fc\u011f\u00fc bir d\u00fcnya yarat\u0131lamayacakt\u0131r&#8230; Tanr\u0131\u2019yla ki\u015fisel ili\u015fkiniz ne olursa olsun, iyili\u011fe ve gelece\u011fe gizli gizli inanmak isteyenlerdenseniz, bu hazin hik\u00e2yenin akl\u0131n\u0131zda ve y\u00fcre\u011finizde derin bir iz b\u0131rakaca\u011f\u0131na hi\u00e7 ku\u015fku yok. Bu hik\u00e2ye, kendi sorumsuzluklar\u0131m\u0131z\u0131n hik\u00e2yesi \u00e7\u00fcnk\u00fc&#8230;   \u201cEvrenin Hik\u00e2yesi, binlerce y\u0131ll\u0131k dinsel ve felsefi d\u00fc\u015f\u00fcnceyi bir araya toplayan, b\u00fcy\u00fck ilgi ve \u00f6vg\u00fc uyand\u0131rm\u0131\u015f, oyuncul, harikulade ve kar\u015f\u0131 konulmaz bir kitap. Ne mutlu okura, \u00e7\u00fcnk\u00fc Tanr\u0131\u2019n\u0131n uzun uykusuzlu\u011funun \u00f6yk\u00fcs\u00fc olan bu kitap ona uykuyu unutturacak&#8230; Ola\u011fan\u00fcst\u00fc.\u201d Umberto Eco <\/p>\n","protected":false},"excerpt":{"rendered":"<p>Evrenin ve insanl\u0131\u011f\u0131n ak\u0131l almaz ser\u00fcvenini, yarat\u0131l\u0131\u015f\u0131n ilk an\u0131ndan ba\u015flayarak, Yarat\u0131c\u0131\u2019n\u0131n kendisinden dinledi\u011finizi hayal edin. \u0130\u015fte FrancoFerrucci bunu yapm\u0131\u015f ve ortaya b\u00fcy\u00fcleyici bir roman \u00e7\u0131km\u0131\u015f&#8230; Ferrucci\u2019nin<span class=\"excerpt-hellip\"> [\u2026]<\/span><\/p>\n","protected":false},"featured_media":0,"template":"","meta":{"_monsterinsights_skip_tracking":false,"_monsterinsights_sitenote_active":false,"_monsterinsights_sitenote_note":"","_monsterinsights_sitenote_category":0},"product_brand":[],"product_cat":[12291,14218],"product_tag":[],"class_list":{"0":"post-690333","1":"product","2":"type-product","3":"status-publish","5":"product_cat-edebiyat","6":"product_cat-italyan-edebiyati","7":"pa_cilt-ciltsiz","8":"pa_tur-kitap","9":"pa_yayinevi-ayrinti-yayinlari","10":"pa_yazar-franco-ferrucci","12":"first","13":"instock","14":"sale","15":"shipping-taxable","16":"purchasable","17":"product-type-simple"},"_links":{"self":[{"href":"https:\/\/roveyayinevi.com.tr\/index.php\/wp-json\/wp\/v2\/product\/690333","targetHints":{"allow":["GET"]}}],"collection":[{"href":"https:\/\/roveyayinevi.com.tr\/index.php\/wp-json\/wp\/v2\/product"}],"about":[{"href":"https:\/\/roveyayinevi.com.tr\/index.php\/wp-json\/wp\/v2\/types\/product"}],"wp:attachment":[{"href":"https:\/\/roveyayinevi.com.tr\/index.php\/wp-json\/wp\/v2\/media?parent=690333"}],"wp:term":[{"taxonomy":"product_brand","embeddable":true,"href":"https:\/\/roveyayinevi.com.tr\/index.php\/wp-json\/wp\/v2\/product_brand?post=690333"},{"taxonomy":"product_cat","embeddable":true,"href":"https:\/\/roveyayinevi.com.tr\/index.php\/wp-json\/wp\/v2\/product_cat?post=690333"},{"taxonomy":"product_tag","embeddable":true,"href":"https:\/\/roveyayinevi.com.tr\/index.php\/wp-json\/wp\/v2\/product_tag?post=690333"}],"curies":[{"name":"wp","href":"https:\/\/api.w.org\/{rel}","templated":true}]}}