{"id":690332,"date":"2025-08-27T13:51:15","date_gmt":"2025-08-27T10:51:15","guid":{"rendered":"https:\/\/roveyayinevi.com.tr\/index.php\/urun\/zengin-olmanizi-istiyoruz\/"},"modified":"2025-11-22T02:09:46","modified_gmt":"2025-11-21T23:09:46","slug":"zengin-olmanizi-istiyoruz","status":"publish","type":"product","link":"https:\/\/roveyayinevi.com.tr\/index.php\/urun\/zengin-olmanizi-istiyoruz\/","title":{"rendered":"Zengin Olman\u0131z\u0131 \u0130stiyoruz"},"content":{"rendered":"<p>D\u00fcnyam\u0131z\u0131n kar\u015f\u0131 kar\u015f\u0131ya oldu\u011fu zorlu s\u0131navlardan biri de finansal problemlerdir. \u00dclkelerinin, i\u015fverenlerinin veya ailelerinin kendilerine bakmalar\u0131n\u0131 bekleyen insanlar yaratan yetki devretme zihniyeti bula\u015f\u0131c\u0131d\u0131r. Her ikisi de ba\u015far\u0131l\u0131 birer i\u015fadam\u0131 olan Donald Trump ve Robert Kiyosaki, do\u011falar\u0131 itibariyle \u00f6\u011fretmenlerdir ve \u00f6n\u00fcm\u00fczdeki bu zorluklara dikkatleri \u00e7ekmek \u00fczere g\u00fc\u00e7 birli\u011fi yapm\u0131\u015flard\u0131r. Onlar parasal sorunlar\u0131 para ile \u00e7\u00f6zemeyece\u011finize inan\u0131yorlar. Parasal sorunlar\u0131 yaln\u0131zca finansal e\u011fitim ile \u00e7\u00f6zebilirsiniz. Trump ve Kiyosaki size zengin olmay\u0131 \u00f6\u011fretmek istiyorlar. Bir adama bal\u0131k vererek onu bir g\u00fcnl\u00fc\u011f\u00fcne beslemi\u015f olursunuz. Ona bal\u0131k tutmay\u0131 \u00f6\u011freterek, hayali boyunca a\u00e7 kalmamas\u0131n\u0131 sa\u011flars\u0131n\u0131z..&#8221; <\/p>\n","protected":false},"excerpt":{"rendered":"<p>D\u00fcnyam\u0131z\u0131n kar\u015f\u0131 kar\u015f\u0131ya oldu\u011fu zorlu s\u0131navlardan biri de finansal problemlerdir. \u00dclkelerinin, i\u015fverenlerinin veya ailelerinin kendilerine bakmalar\u0131n\u0131 bekleyen insanlar yaratan yetki devretme zihniyeti bula\u015f\u0131c\u0131d\u0131r. Her ikisi de<span class=\"excerpt-hellip\"> [\u2026]<\/span><\/p>\n","protected":false},"featured_media":0,"template":"","meta":{"_monsterinsights_skip_tracking":false,"_monsterinsights_sitenote_active":false,"_monsterinsights_sitenote_note":"","_monsterinsights_sitenote_category":0},"product_brand":[],"product_cat":[13043,14754],"product_tag":[],"class_list":{"0":"post-690332","1":"product","2":"type-product","3":"status-publish","5":"product_cat-ekonomi","6":"product_cat-halkla-iliskiler-insan-kaynaklari","7":"pa_cilt-ciltsiz","8":"pa_tur-kitap","9":"pa_yayinevi-alfa-yayinlari","10":"pa_yazar-robert-t-kiyosaki-donald-j-trump","12":"first","13":"instock","14":"sale","15":"shipping-taxable","16":"purchasable","17":"product-type-simple"},"_links":{"self":[{"href":"https:\/\/roveyayinevi.com.tr\/index.php\/wp-json\/wp\/v2\/product\/690332","targetHints":{"allow":["GET"]}}],"collection":[{"href":"https:\/\/roveyayinevi.com.tr\/index.php\/wp-json\/wp\/v2\/product"}],"about":[{"href":"https:\/\/roveyayinevi.com.tr\/index.php\/wp-json\/wp\/v2\/types\/product"}],"wp:attachment":[{"href":"https:\/\/roveyayinevi.com.tr\/index.php\/wp-json\/wp\/v2\/media?parent=690332"}],"wp:term":[{"taxonomy":"product_brand","embeddable":true,"href":"https:\/\/roveyayinevi.com.tr\/index.php\/wp-json\/wp\/v2\/product_brand?post=690332"},{"taxonomy":"product_cat","embeddable":true,"href":"https:\/\/roveyayinevi.com.tr\/index.php\/wp-json\/wp\/v2\/product_cat?post=690332"},{"taxonomy":"product_tag","embeddable":true,"href":"https:\/\/roveyayinevi.com.tr\/index.php\/wp-json\/wp\/v2\/product_tag?post=690332"}],"curies":[{"name":"wp","href":"https:\/\/api.w.org\/{rel}","templated":true}]}}